{"id":1799,"date":"2023-09-15T08:00:00","date_gmt":"2023-09-15T08:00:00","guid":{"rendered":"https:\/\/www.heycop.com\/baeren-systeme\/"},"modified":"2024-04-03T09:23:02","modified_gmt":"2024-04-03T09:23:02","slug":"bier-systeme","status":"publish","type":"page","link":"https:\/\/www.heycop.com\/de\/sektoren\/bier-systeme\/","title":{"rendered":"Bier-Systeme"},"content":{"rendered":"<section class=\"hero min-h-screen relative overflow-hidden flex items-center\">\n  <!-- Content -->\n  <section class=\"w-full\">\n    <div class=\"container px-4 relative z-30\">\n      <div class=\"flex flex-wrap md:items-center mt-[116px]\">\n        <div class=\"w-full md:w-1\/2 text-white md:pr-8 lg:pr-16\">\n          <h1 class=\" text-3xl leading-relaxed font-bold lg:text-5xl lg:leading-[5rem]\"> Bier-Systeme <\/h1>\n                      <p class=\"lg:text-2xl\">Heycop entwickelt und produziert u.a. Biers\u00e4ulen, Tropfschalen, Schankklemmen und Zapfh\u00e4hne f\u00fcr Heineken, Amstel und Brand. Hier k\u00fcmmert sich Heycop um den gesamten Prozess vom Entwurf bis zum Endprodukt mit der dazugeh\u00f6rigen Logistik. Unsere auf diesen Bereich spezialisierte Design- und Konstruktionsabteilung ist bereit, auch f\u00fcr Sie eine passende L\u00f6sung zu entwickeln.\n <\/p>\n          \n          <div class=\"flex mt-10 space-x-6 items-center\">\n                          <a href=\"https:\/\/www.heycop.com\/contact\/\" class=\"bg-orange py-4 px-8 font-bold hover:bg-orange\/70 inline-block lg:text-2xl\"> Kontakt aufnehmen <\/a>\n                          <a href=\"#watwedoen\" class=\"bg-black py-4 px-8 font-bold hover:bg-black\/70 inline-block lg:text-2xl\"> Was wir tun <\/a>\n                      <\/div>\n        <\/div>\n\n        <div class=\"w-full mt-10 relative md:w-1\/2 md:mt-0 md:max-h-[80vh] overflow-hidden\">\n                      <img loading=\"lazy\" decoding=\"async\" width=\"468\" height=\"468\" src=\"https:\/\/www.heycop.com\/wp-content\/uploads\/2023\/11\/Heycop-beer-systems-hero.webp\" class=\"w-full clip-path\" alt=\"\" srcset=\"https:\/\/www.heycop.com\/wp-content\/uploads\/2023\/11\/Heycop-beer-systems-hero.webp 468w, https:\/\/www.heycop.com\/wp-content\/uploads\/2023\/11\/Heycop-beer-systems-hero-300x300.webp 300w, https:\/\/www.heycop.com\/wp-content\/uploads\/2023\/11\/Heycop-beer-systems-hero-150x150.webp 150w, https:\/\/www.heycop.com\/wp-content\/uploads\/2023\/11\/Heycop-beer-systems-hero-70x70.webp 70w\" sizes=\"auto, (max-width: 468px) 100vw, 468px\" \/>                    <div class=\"line-slide-in-out right-to-left h-1 w-1\/2 absolute z-20 top-14 right-0\" style=\"background:#f8d834\"> <\/div>\n        <\/div>\n      <\/div>\n    <\/div>\n  <\/section>\n\n      <img loading=\"lazy\" decoding=\"async\" width=\"1920\" height=\"920\" src=\"https:\/\/www.heycop.com\/wp-content\/uploads\/2023\/11\/Heycop-Hero-machinehal.webp\" class=\"absolute z-10 w-auto min-w-full min-h-full max-w-none top-0\" alt=\"\" srcset=\"https:\/\/www.heycop.com\/wp-content\/uploads\/2023\/11\/Heycop-Hero-machinehal.webp 1920w, https:\/\/www.heycop.com\/wp-content\/uploads\/2023\/11\/Heycop-Hero-machinehal-300x144.webp 300w, https:\/\/www.heycop.com\/wp-content\/uploads\/2023\/11\/Heycop-Hero-machinehal-1024x491.webp 1024w, https:\/\/www.heycop.com\/wp-content\/uploads\/2023\/11\/Heycop-Hero-machinehal-768x368.webp 768w, https:\/\/www.heycop.com\/wp-content\/uploads\/2023\/11\/Heycop-Hero-machinehal-1536x736.webp 1536w\" sizes=\"auto, (max-width: 1920px) 100vw, 1920px\" \/>  <\/section>\n<section id=\"watwedoen\" class=\"why bg-white pt-8 md:pt-16 lg:pt-24\">\n  <div class=\"container px-4\">\n    <h2 class=\"text-orange text-3xl font-bold text-center lg:text-6xl\"> Eine Auswahl unserer vertrauten Kunden <\/h2>\n  <\/div>\n\n  <div class=\"grid grid-cols-2 gap-4 mt-6 md:grid-cols-4 lg:mt-24 justify-center\">\n                  <img decoding=\"async\" src=\"https:\/\/www.heycop.com\/wp-content\/uploads\/2023\/07\/Heineken.svg\" class=\"mx-auto max-h-4 lg:max-h-8 w-full\" alt=\"\" \/>              <img decoding=\"async\" src=\"https:\/\/www.heycop.com\/wp-content\/uploads\/2023\/09\/Honeywell.svg\" class=\"mx-auto max-h-4 lg:max-h-8 w-full\" alt=\"\" \/>              <img decoding=\"async\" src=\"https:\/\/www.heycop.com\/wp-content\/uploads\/2023\/09\/Husqvarna.svg\" class=\"mx-auto max-h-4 lg:max-h-8 w-full\" alt=\"\" \/>              <img decoding=\"async\" src=\"https:\/\/www.heycop.com\/wp-content\/uploads\/2023\/09\/Kadant.svg\" class=\"mx-auto max-h-4 lg:max-h-8 w-full\" alt=\"\" \/>            <\/div>\n\n\n  <div class=\"flex relative z-20 w-full flex-wrap mt-10 md:mt-24\">\n    <div class=\"w-full\">\n      <div class=\"container px-4 flex flex-wrap\">\n        <div class=\"relative w-full  md:w-5\/12 h-fit \">\n\n                                    <video class=\"w-full clip-path-bottom\" autoplay muted playsinline loop>\n                <source src=\"https:\/\/www.heycop.com\/wp-content\/uploads\/2023\/09\/Beer-systems.mp4\" type=\"video\/mp4\" \/>\n                Your browser does not support the video tag.\n              <\/video>\n              <div class=\"line-slide-in-out left-to-right h-1 bg-orange w-1\/2 absolute z-20 bottom-14 left-0\"> <\/div>\n                              <\/div>\n\n        <div class=\"mt-10 w-full md:mt-0 md:w-7\/12 md:pl-8 lg:pl-16 \">\n          <div class=\"grid grid-cols-1 gap-y-6 pb-6 md:grid-cols-2 md:gap-4\">\n                                          <div class=\"text-center md:text-left\">\n                  <video class=\"mx-auto md:ml-0 w-20\" autoplay muted playsinline loop>\n                    <source src=\"https:\/\/www.heycop.com\/wp-content\/uploads\/2023\/09\/Contractpartner.mp4\" type=\"video\/mp4\" \/>\n                    Your browser does not support the video tag.\n                  <\/video>\n\n                  <h3 class=\"text-black font-bold text-lg mt-2 md:mt-4 lg:text-xl\"> Vertragspartner <\/h3>\n                  <span class=\"block mt-0.5 w-1\/2 mx-auto md:w-full\">Heycop ist ein Vertragspartner von Heineken.<\/span>\n                <\/div>\n                              <div class=\"text-center md:text-left\">\n                  <video class=\"mx-auto md:ml-0 w-20\" autoplay muted playsinline loop>\n                    <source src=\"https:\/\/www.heycop.com\/wp-content\/uploads\/2023\/09\/Meerwaarde.mp4\" type=\"video\/mp4\" \/>\n                    Your browser does not support the video tag.\n                  <\/video>\n\n                  <h3 class=\"text-black font-bold text-lg mt-2 md:mt-4 lg:text-xl\"> Zus\u00e4tzlicher Wert <\/h3>\n                  <span class=\"block mt-0.5 w-1\/2 mx-auto md:w-full\">Mitdenken in der Start-, Entwicklungs- und Endphase<\/span>\n                <\/div>\n                              <div class=\"text-center md:text-left\">\n                  <video class=\"mx-auto md:ml-0 w-20\" autoplay muted playsinline loop>\n                    <source src=\"https:\/\/www.heycop.com\/wp-content\/uploads\/2023\/09\/Snelle-doorlooptijd.mp4\" type=\"video\/mp4\" \/>\n                    Your browser does not support the video tag.\n                  <\/video>\n\n                  <h3 class=\"text-black font-bold text-lg mt-2 md:mt-4 lg:text-xl\"> Geschwindigkeit <\/h3>\n                  <span class=\"block mt-0.5 w-1\/2 mx-auto md:w-full\">Schnelle Konzeptvisualisierung mit 3D-Druck und unserem Maschinenpark<\/span>\n                <\/div>\n                              <div class=\"text-center md:text-left\">\n                  <video class=\"mx-auto md:ml-0 w-20\" autoplay muted playsinline loop>\n                    <source src=\"https:\/\/www.heycop.com\/wp-content\/uploads\/2023\/09\/Kwaliteit.mp4\" type=\"video\/mp4\" \/>\n                    Your browser does not support the video tag.\n                  <\/video>\n\n                  <h3 class=\"text-black font-bold text-lg mt-2 md:mt-4 lg:text-xl\"> Qualit\u00e4t <\/h3>\n                  <span class=\"block mt-0.5 w-1\/2 mx-auto md:w-full\">Garantiert hohe Qualit\u00e4t bei jedem gelieferten St\u00fcck<\/span>\n                <\/div>\n                                    <\/div>\n\n          <div class=\"bg-white py-6 -mx-4 md:bg-transparent md:pb-0\">\n            <div class=\"container px-4\">\n              <h2 class=\"font-bold text-3xl mb-1 lg:text-6xl lg:mb-4\"> David All-in-One-Zapfanlage <\/h2>\n              <div><p>Heycop ist auf die Entwicklung und Herstellung von Komplettl\u00f6sungen f\u00fcr die Bierindustrie spezialisiert. Wir produzieren die Biers\u00e4ulen und Tropfschalen, die zum David All-in-one-Zapfsystem f\u00fcr Heineken, Amstel und Brand geh\u00f6ren. Ein einzigartiges Zapfsystem mit folgenden Vorteilen:<\/p>\n<p>&#8211; Garantiert kaltes Bier (bis oben hin gek\u00fchlt)<br \/>\n&#8211; Lange Haltbarkeit des Biers (bis zu 30 Tage)<br \/>\n&#8211; Keine Reinigung erforderlich, daher kostensparend (keine Bieruhr erforderlich)<br \/>\n&#8211; 50% Energieeinsparung<br \/>\n&#8211; Sehr gro\u00dfe Auswahl an Bieren, Apfelweinen und mehr<\/p>\n<p>Die durchschnittliche Produktion der letzten Jahre liegt bei rund 6.000 Systemen pro Jahr, die weltweit ausgeliefert werden.<\/p>\n<\/div>\n\n                              <a href=\"https:\/\/www.heycop.com\/contact\/\" class=\"bg-orange text-white py-4 px-8 font-bold hover:bg-orange\/70 inline-block lg:text-2xl block mt-4\"> Kontakt aufnehmen <\/a>\n                          <\/div>\n          <\/div>\n        <\/div>\n      <\/div>\n    <\/div>\n  <\/div>\n\n  <div class=\"slide-into-view relative z-10 w-full pb-8 md:pb-16 lg:pb-24\" data-amount=\"200\">\n    <div class=\"container px-4 clear-both\">\n      <div class=\"flex justify-between md:w-5\/12 lg:mt-12 \">\n        <div class=\"\">\n          <span class=\" block text-4xl font-bold lg:text-7xl\"> 120 <span class=\"text-orange\"> + <\/span> <\/span>\n          <span class=\"text-gray font-bold block -mt-1 lg:text-2xl\"> Kunden <\/span>\n        <\/div>\n\n        <div class=\"\">\n          <span class=\"block text-4xl font-bold lg:text-7xl\"> 2000 <span class=\"text-orange\"> + <\/span> <\/span>\n          <span class=\"text-gray font-bold block -mt-1 lg:text-2xl\"> Produkte <\/span>\n        <\/div>\n      <\/div>\n    <\/div>\n  <\/div>\n<\/section>\n<section class=\"four-blocks py-8 md:py-16 lg:py-24\">\n  <div class=\"container scroll-container px-4\">\n    <div class=\"flex grid-cols-1 mt-8 gap-4 md:gap-8 md:grid-cols-4 md:min-w-fit md:w-fit\">\n      <div class=\"scroll-item\">\n        <h2 class=\"font-bold text-3xl mb-1 lg:text-6xl lg:mb-4\">Anpassung an Kundenanforderungen<\/h2>\n        <p>Wir setzen alles daran, Ihnen das beste Produkt zu liefern.<\/p>\n      <\/div>\n\n                        <div class=\"scroll-item\">\n              <div class=\"bg-gray-600 p-4 md:p-8\">\n                <h3 class=\"font-bold text-lg mt-2 md:mt-4 lg:text-xl\"> Erf\u00fcllung spezifischer Anforderungen <\/h3>\n                <span class=\"block mt-0.5 text-gray-700\">In einigen F\u00e4llen m\u00fcssen die Produkte besonderen Anforderungen gen\u00fcgen. Heycop hat f\u00fcr mehrere Kunden spezielle Pr\u00fcfst\u00e4nde entworfen und hergestellt.<\/span>\n              <\/div>\n          <\/div>\n                  <div class=\"scroll-item\">\n              <div class=\"bg-gray-600 p-4 md:p-8\">\n                <h3 class=\"font-bold text-lg mt-2 md:mt-4 lg:text-xl\"> Reverse Engineering <\/h3>\n                <span class=\"block mt-0.5 text-gray-700\">Durch den Einsatz unseres 3D-Laserscanners leiten wir Reverse-Engineering-Prozesse ein, die es uns erm\u00f6glichen, Produkte zu analysieren, zu replizieren und zu verbessern.<\/span>\n              <\/div>\n          <\/div>\n                  <div class=\"scroll-item\">\n              <div class=\"bg-gray-600 p-4 md:p-8\">\n                <h3 class=\"font-bold text-lg mt-2 md:mt-4 lg:text-xl\"> Flexibilit\u00e4t <\/h3>\n                <span class=\"block mt-0.5 text-gray-700\">Egal, ob Sie wechselnde Produktanforderungen, Rapid Prototyping oder \u00c4nderungen an bestehenden Entw\u00fcrfen haben, bei uns sind Sie an der richtigen Adresse. Wir sind flexibel und erf\u00fcllen jeden Bedarf.<\/span>\n              <\/div>\n          <\/div>\n                  <div class=\"scroll-item\">\n              <div class=\"bg-gray-600 p-4 md:p-8\">\n                <h3 class=\"font-bold text-lg mt-2 md:mt-4 lg:text-xl\"> Vereinfachter Produktionsprozess <\/h3>\n                <span class=\"block mt-0.5 text-gray-700\">Durch die Verwendung von Gussteilen wird der Bedarf an zus\u00e4tzlichen Arbeiten, wie z. B. Schwei\u00dfen, minimiert.<\/span>\n              <\/div>\n          <\/div>\n                  <\/div>\n\n  <\/div>\n<\/section>\n<section class=\"slider relative z-20 bg-white\">\n  <div class=\"container px-4\">\n    <div class=\"relative\">\n      <div class=\"simple-slider\" data-slider-options='{\"gutter\": 32}'>\n\n                              <img loading=\"lazy\" decoding=\"async\" width=\"591\" height=\"379\" src=\"https:\/\/www.heycop.com\/wp-content\/uploads\/2023\/09\/Beer-systems-1.jpg\" class=\"w-full\" alt=\"\" srcset=\"https:\/\/www.heycop.com\/wp-content\/uploads\/2023\/09\/Beer-systems-1.jpg 591w, https:\/\/www.heycop.com\/wp-content\/uploads\/2023\/09\/Beer-systems-1-300x192.jpg 300w\" sizes=\"auto, (max-width: 591px) 100vw, 591px\" \/>                      <img loading=\"lazy\" decoding=\"async\" width=\"591\" height=\"379\" src=\"https:\/\/www.heycop.com\/wp-content\/uploads\/2023\/09\/Beer-systems-2.jpg\" class=\"w-full\" alt=\"\" srcset=\"https:\/\/www.heycop.com\/wp-content\/uploads\/2023\/09\/Beer-systems-2.jpg 591w, https:\/\/www.heycop.com\/wp-content\/uploads\/2023\/09\/Beer-systems-2-300x192.jpg 300w\" sizes=\"auto, (max-width: 591px) 100vw, 591px\" \/>                        <\/div>\n      <div class=\"controlsContainer\">\n        <img decoding=\"async\" src=\"https:\/\/www.heycop.com\/wp-content\/themes\/heycop\/dist\/img\/chevron.svg\" class=\"prev-button -scale-x-100 absolute top-1\/2  transform -translate-y-1\/2 left-2 md:w-4 hover:cursor-pointer\">\n        <img decoding=\"async\" src=\"https:\/\/www.heycop.com\/wp-content\/themes\/heycop\/dist\/img\/chevron.svg\" class=\"next-button absolute top-1\/2  transform -translate-y-1\/2 right-2 md:w-4 hover:cursor-pointer\">\n      <\/div>\n    <\/div>\n\n    <div class=\"clear-both\">\n      <img decoding=\"async\" src=\"https:\/\/www.heycop.com\/wp-content\/themes\/heycop\/dist\/img\/swipe.svg\" class=\" float-right md:w-8\">\n    <\/div>\n  <\/div>\n<\/section>\n\n  <section class=\"content slide-into-view py-8 md:py-16 lg:py-24\" data-amount=\"slider\">\n    <div class=\"container px-4\">\n      <div class=\"lg:w-3\/4\">\n        <h2>Vielfalt der Produkte<\/h2>\n<p>Neben Zapfanlagen und Abtropfschalen stellt Heycop auch viele andere Produkte f\u00fcr die Bierindustrie her, wie z. B. Clamp-On-Einheiten (Schankschellen), Gewinderohre, (Keg-)Kupplungen, Zapfh\u00e4hne und vieles mehr. Dabei arbeiten wir mit etablierten Partnern in Europa und zuverl\u00e4ssigen Lieferanten aus Asien zusammen. Wir laden Sie herzlich ein, Ihre neuen Ideen mit uns <a href=\"https:\/\/www.heycop.com\/de\/kontakt\/\">zu diskutieren<\/a>.<\/p>\n<h3>Rufen Sie Heycop an und lassen Sie sich beraten<\/h3>\n<p>Suchen Sie eine umfassendere technische Beratung? Dann kontaktieren Sie Heycop unter <a href=\"tel:+31306353565\">+31 (0)30 6353565<\/a> oder <a href=\"mailto:info@heycop.com\">info@heycop.com.<\/a><\/p>\n\n                  <a href=\"https:\/\/www.heycop.com\/contact\/\" class=\"bg-orange py-4 px-8 font-bold hover:bg-orange\/70 inline-block lg:text-2xl text-white\"> Kontakt aufnehmen<\/a>\n              <\/div>\n    <\/div>\n  <\/section>\n\n<section class=\"review my-8 md:my-16 lg:my-24\">\n  <div class=\"container px-4\">\n    <div class=\"relative\">\n      <div class=\"keep-in-view bg-black p-6 text-white md:absolute md:left-12 md:top-12 md:w-1\/3 md:z-30\" data-top=\"40%\">\n        <div class=\"md:text-xl\">\u201cHeycop is een ware meester in de maakindustrie, waar vakmanschap en kwaliteit samenkomen om grenzen te verleggen.\u201d<\/div>\n\n        <div class=\"mt-6 flex flex-wrap items-center\">\n          <div class=\"w-1\/5\">\n                      <\/div>\n\n          <div class=\"w-4\/5 pl-4\">\n            <span class=\"block text-white text-lg font-bold\"> John Stone <\/span>\n            <span class=\"block text-orange md:text-lg\">  <\/span>\n          <\/div>\n        <\/div>\n      <\/div>\n\n      <img loading=\"lazy\" decoding=\"async\" width=\"1500\" height=\"1000\" src=\"https:\/\/www.heycop.com\/wp-content\/uploads\/2023\/07\/bg.jpg\" class=\"clip-path-bottom w-full\" alt=\"\" srcset=\"https:\/\/www.heycop.com\/wp-content\/uploads\/2023\/07\/bg.jpg 1500w, https:\/\/www.heycop.com\/wp-content\/uploads\/2023\/07\/bg-300x200.jpg 300w, https:\/\/www.heycop.com\/wp-content\/uploads\/2023\/07\/bg-1024x683.jpg 1024w, https:\/\/www.heycop.com\/wp-content\/uploads\/2023\/07\/bg-768x512.jpg 768w\" sizes=\"auto, (max-width: 1500px) 100vw, 1500px\" \/>    <\/div>\n  <\/div>\n<\/section>\n<section class=\"contact my-8 md:my-16 lg:my-24\">\n  <div class=\"container px-4\">\n    <div class=\"flex flex-wrap\">\n      <div class=\"w-full bg-gray-700 p-6 text-white md:w-2\/3\">\n        <span class=\"text-orange text-lg font-bold mb-4 block md:text-3xl\"> Fragen? <\/span>\n        <p>Unsere Experten denken gerne mit Ihnen mit, um eine Komplettl\u00f6sung anzubieten <\/p>\n\n        <div class=\"space-y-2 my-4\">\n          <div class=\"flex flex-wrap items-center font-bold \">\n            <div class=\"w-[22px]\"> <img decoding=\"async\" src=\"https:\/\/www.heycop.com\/wp-content\/themes\/heycop\/dist\/img\/phone.svg\" class=\"mr-2\"><\/div> <a href=\"tel:+31 30 6353565\" class=\"hover:underline\" target=\"_blank\">+31 30 6353565<\/a>\n          <\/div>\n          <div class=\"flex flex-wrap items-center font-bold \">\n            <div class=\"w-[22px]\"> <img decoding=\"async\" src=\"https:\/\/www.heycop.com\/wp-content\/themes\/heycop\/dist\/img\/mail.svg\" class=\"mr-2\"><\/div> <a href=\"mailto:info@heycop.com\" class=\"hover:underline\" target=\"_blank\">info@heycop.com<\/a>\n          <\/div>\n        <\/div>\n\n        <a href=\"https:\/\/www.heycop.com\/de\/kontakt\/\" class=\"bg-orange py-4 px-8 font-bold hover:bg-orange\/70 inline-block lg:text-2xl md:mt-6\"> Kontakt aufnehmen  <\/a>\n      <\/div>\n\n      <div class=\"w-full md:w-1\/3 overflow-hidden\">\n        <img loading=\"lazy\" decoding=\"async\" width=\"500\" height=\"322\" src=\"https:\/\/www.heycop.com\/wp-content\/uploads\/2023\/10\/Contact-Heycop.webp\" class=\"max-w-[100vw] max-h-[100vh]\" alt=\"\" srcset=\"https:\/\/www.heycop.com\/wp-content\/uploads\/2023\/10\/Contact-Heycop.webp 500w, https:\/\/www.heycop.com\/wp-content\/uploads\/2023\/10\/Contact-Heycop-300x193.webp 300w\" sizes=\"auto, (max-width: 500px) 100vw, 500px\" \/>      <\/div>\n    <\/div>\n  <\/div>\n<\/section>\n","protected":false},"excerpt":{"rendered":"","protected":false},"author":2,"featured_media":0,"parent":1850,"menu_order":0,"comment_status":"closed","ping_status":"closed","template":"","meta":{"_acf_changed":false,"content-type":"","footnotes":""},"class_list":["post-1799","page","type-page","status-publish","hentry"],"acf":[],"_links":{"self":[{"href":"https:\/\/www.heycop.com\/de\/wp-json\/wp\/v2\/pages\/1799","targetHints":{"allow":["GET"]}}],"collection":[{"href":"https:\/\/www.heycop.com\/de\/wp-json\/wp\/v2\/pages"}],"about":[{"href":"https:\/\/www.heycop.com\/de\/wp-json\/wp\/v2\/types\/page"}],"author":[{"embeddable":true,"href":"https:\/\/www.heycop.com\/de\/wp-json\/wp\/v2\/users\/2"}],"replies":[{"embeddable":true,"href":"https:\/\/www.heycop.com\/de\/wp-json\/wp\/v2\/comments?post=1799"}],"version-history":[{"count":6,"href":"https:\/\/www.heycop.com\/de\/wp-json\/wp\/v2\/pages\/1799\/revisions"}],"predecessor-version":[{"id":2003,"href":"https:\/\/www.heycop.com\/de\/wp-json\/wp\/v2\/pages\/1799\/revisions\/2003"}],"up":[{"embeddable":true,"href":"https:\/\/www.heycop.com\/de\/wp-json\/wp\/v2\/pages\/1850"}],"wp:attachment":[{"href":"https:\/\/www.heycop.com\/de\/wp-json\/wp\/v2\/media?parent=1799"}],"curies":[{"name":"wp","href":"https:\/\/api.w.org\/{rel}","templated":true}]}}