{"id":1810,"date":"2023-07-27T06:50:43","date_gmt":"2023-07-27T06:50:43","guid":{"rendered":"https:\/\/www.heycop.com\/ueber-uns\/"},"modified":"2024-02-26T12:42:07","modified_gmt":"2024-02-26T12:42:07","slug":"ueber-uns","status":"publish","type":"page","link":"https:\/\/www.heycop.com\/de\/ueber-uns\/","title":{"rendered":"\u00dcber uns"},"content":{"rendered":"<section class=\"hero min-h-screen relative overflow-hidden flex items-center\">\n  <!-- Content -->\n  <section class=\"w-full\">\n    <div class=\"container px-4 relative z-30\">\n      <div class=\"flex flex-wrap md:items-center mt-[116px]\">\n        <div class=\"w-full md:w-1\/2 text-white md:pr-8 lg:pr-16\">\n          <h1 class=\" text-3xl leading-relaxed font-bold lg:text-5xl lg:leading-[5rem]\"> \u00dcber uns <\/h1>\n                      <p class=\"lg:text-2xl\">Heycop ist ein mittelst\u00e4ndisches Unternehmen mit mehr als 100 Jahren Erfahrung in der Gie\u00dfereibranche und der Metallverarbeitung. Bei uns k\u00f6nnen Unternehmen sicher sein, dass sie ein optimales Qualit\u00e4tsprodukt zu einem wettbewerbsf\u00e4higen Preis erhalten. Seit vielen Jahren wissen sie die Zeit- und Kostenersparnis zu sch\u00e4tzen, die Heycop ihnen bringt. <\/p>\n          \n          <div class=\"flex mt-10 space-x-6 items-center\">\n                          <a href=\"https:\/\/www.heycop.com\/de\/kontakt\/\" class=\"bg-orange py-4 px-8 font-bold hover:bg-orange\/70 inline-block lg:text-2xl\"> Kontakt aufnehmen <\/a>\n                      <\/div>\n        <\/div>\n\n        <div class=\"w-full mt-10 relative md:w-1\/2 md:mt-0 md:max-h-[80vh] overflow-hidden\">\n                      <img loading=\"lazy\" decoding=\"async\" width=\"468\" height=\"468\" src=\"https:\/\/www.heycop.com\/wp-content\/uploads\/2023\/11\/Heycop-Afbeelding-home.webp\" class=\"w-full clip-path\" alt=\"\" srcset=\"https:\/\/www.heycop.com\/wp-content\/uploads\/2023\/11\/Heycop-Afbeelding-home.webp 468w, https:\/\/www.heycop.com\/wp-content\/uploads\/2023\/11\/Heycop-Afbeelding-home-300x300.webp 300w, https:\/\/www.heycop.com\/wp-content\/uploads\/2023\/11\/Heycop-Afbeelding-home-150x150.webp 150w, https:\/\/www.heycop.com\/wp-content\/uploads\/2023\/11\/Heycop-Afbeelding-home-70x70.webp 70w\" sizes=\"auto, (max-width: 468px) 100vw, 468px\" \/>                    <div class=\"line-slide-in-out right-to-left h-1 w-1\/2 absolute z-20 top-14 right-0\" style=\"background:#ffffff\"> <\/div>\n        <\/div>\n      <\/div>\n    <\/div>\n  <\/section>\n\n      <video class=\"absolute z-10 w-auto min-w-full min-h-full max-w-none top-0\" autoplay muted playsinline>\n      <source src=\"https:\/\/www.heycop.com\/wp-content\/uploads\/2023\/10\/Heycop-hero-drone.mp4\" type=\"video\/mp4\" \/>\n      Your browser does not support the video tag.\n    <\/video>\n  <\/section>\n<section id=\"watwedoen\" class=\"why bg-white pt-8 md:pt-16 lg:pt-24\">\n  <div class=\"container px-4\">\n    <h2 class=\"text-orange text-3xl font-bold text-center lg:text-6xl\"> Eine Auswahl unserer vertrauten Kunden <\/h2>\n  <\/div>\n\n  <div class=\"grid grid-cols-2 gap-4 mt-6 md:grid-cols-4 lg:mt-24 justify-center\">\n                  <img decoding=\"async\" src=\"https:\/\/www.heycop.com\/wp-content\/uploads\/2023\/07\/Heineken.svg\" class=\"mx-auto max-h-4 lg:max-h-8 w-full\" alt=\"\" \/>              <img decoding=\"async\" src=\"https:\/\/www.heycop.com\/wp-content\/uploads\/2023\/09\/Prysmian-Group.svg\" class=\"mx-auto max-h-4 lg:max-h-8 w-full\" alt=\"\" \/>              <img decoding=\"async\" src=\"https:\/\/www.heycop.com\/wp-content\/uploads\/2023\/08\/Siemens.svg\" class=\"mx-auto max-h-4 lg:max-h-8 w-full\" alt=\"\" \/>              <img decoding=\"async\" src=\"https:\/\/www.heycop.com\/wp-content\/uploads\/2023\/08\/Yanmar.svg\" class=\"mx-auto max-h-4 lg:max-h-8 w-full\" alt=\"\" \/>            <\/div>\n\n\n  <div class=\"flex relative z-20 w-full flex-wrap mt-10 md:mt-24\">\n    <div class=\"w-full\">\n      <div class=\"container px-4 flex flex-wrap\">\n        <div class=\"relative w-full  md:w-5\/12 h-fit \">\n\n                                    <img loading=\"lazy\" decoding=\"async\" width=\"515\" height=\"754\" src=\"https:\/\/www.heycop.com\/wp-content\/uploads\/2023\/11\/Heycop-Afbeelding-langwerpig.webp\" class=\"clip-path-bottom w-full\" alt=\"\" srcset=\"https:\/\/www.heycop.com\/wp-content\/uploads\/2023\/11\/Heycop-Afbeelding-langwerpig.webp 515w, https:\/\/www.heycop.com\/wp-content\/uploads\/2023\/11\/Heycop-Afbeelding-langwerpig-205x300.webp 205w\" sizes=\"auto, (max-width: 515px) 100vw, 515px\" \/>              <div class=\"line-slide-in-out left-to-right h-1 bg-orange w-1\/2 absolute z-20 bottom-14 left-0\"> <\/div>\n            \n                  <\/div>\n\n        <div class=\"mt-10 w-full md:mt-0 md:w-7\/12 md:pl-8 lg:pl-16 \">\n          <div class=\"grid grid-cols-1 gap-y-6 pb-6 md:grid-cols-2 md:gap-4\">\n                                          <div class=\"text-center md:text-left\">\n                  <video class=\"mx-auto md:ml-0 w-20\" autoplay muted playsinline loop>\n                    <source src=\"https:\/\/www.heycop.com\/wp-content\/uploads\/2023\/09\/Missie.mp4\" type=\"video\/mp4\" \/>\n                    Your browser does not support the video tag.\n                  <\/video>\n\n                  <h3 class=\"text-black font-bold text-lg mt-2 md:mt-4 lg:text-xl\"> Mission <\/h3>\n                  <span class=\"block mt-0.5 w-1\/2 mx-auto md:w-full\">Entlastung unserer Kunden durch die Entwicklung und Herstellung hochwertiger Produkte und Anlagen zu einem wettbewerbsf\u00e4higen Preis.<\/span>\n                <\/div>\n                              <div class=\"text-center md:text-left\">\n                  <video class=\"mx-auto md:ml-0 w-20\" autoplay muted playsinline loop>\n                    <source src=\"https:\/\/www.heycop.com\/wp-content\/uploads\/2023\/09\/Visie-1.mp4\" type=\"video\/mp4\" \/>\n                    Your browser does not support the video tag.\n                  <\/video>\n\n                  <h3 class=\"text-black font-bold text-lg mt-2 md:mt-4 lg:text-xl\"> Vision <\/h3>\n                  <span class=\"block mt-0.5 w-1\/2 mx-auto md:w-full\">Wir wollen uns in der Metallindustrie hervorheben, indem wir das Gussprodukt in den Mittelpunkt unserer L\u00f6sungen stellen.<\/span>\n                <\/div>\n                                    <\/div>\n\n          <div class=\"bg-white py-6 -mx-4 md:bg-transparent md:pb-0\">\n            <div class=\"container px-4\">\n              <h2 class=\"font-bold text-3xl mb-1 lg:text-6xl lg:mb-4\"> Heycop entlastet seine Kunden <\/h2>\n              <div><p>Eine endg\u00fcltige Zeichnung, aber auch eine Idee oder eine Skizze kann der Ausgangspunkt f\u00fcr eine Zusammenarbeit sein. Gemeinsam m\u00f6chten wir ein kristallisiertes und optimales Endprodukt erreichen, das Ihren Anforderungen entspricht. Viele der Bearbeitungs- und Montagevorg\u00e4nge f\u00fchren wir intern durch, w\u00e4hrend wir andere Arbeiten, wie z. B. die Oberfl\u00e4chenbehandlung, an zuverl\u00e4ssige Partner vergeben. Eine Lagerhaltung ist auch m\u00f6glich, wenn die Gestaltung des Logistikkonzepts Teil der Zusammenarbeit ist.  <u>In jedem Fall bleibt Heycop voll verantwortlich f\u00fcr den gesamten Prozess, den Sie an uns auslagern.<\/u><\/p>\n<\/div>\n\n                              <a href=\"https:\/\/www.heycop.com\/de\/kontakt\/\" class=\"bg-orange text-white py-4 px-8 font-bold hover:bg-orange\/70 inline-block lg:text-2xl block mt-4\"> Kontakt aufnehmen <\/a>\n                          <\/div>\n          <\/div>\n        <\/div>\n      <\/div>\n    <\/div>\n  <\/div>\n\n  <div class=\"slide-into-view relative z-10 w-full pb-8 md:pb-16 lg:pb-24\" data-amount=\"200\">\n    <div class=\"container px-4 clear-both\">\n      <div class=\"flex justify-between md:w-5\/12 lg:mt-12 \">\n        <div class=\"\">\n          <span class=\" block text-4xl font-bold lg:text-7xl\"> 120 <span class=\"text-orange\"> + <\/span> <\/span>\n          <span class=\"text-gray font-bold block -mt-1 lg:text-2xl\"> Kunden <\/span>\n        <\/div>\n\n        <div class=\"\">\n          <span class=\"block text-4xl font-bold lg:text-7xl\"> 2000 <span class=\"text-orange\"> + <\/span> <\/span>\n          <span class=\"text-gray font-bold block -mt-1 lg:text-2xl\"> Produkte <\/span>\n        <\/div>\n      <\/div>\n    <\/div>\n  <\/div>\n<\/section>\n<section class=\"py-8 md:py-16 lg:py-24\">\n  <div class=\"container scroll-container px-4 md:px-0\">\n    <div class=\"flex grid-cols-1 md:grid-cols-3 gap-8 items-center md:min-w-fit md:w-fit\">\n      <div class=\"scroll-item\">\n        <div class=\"text-center\">\n          <h2 class=\"font-bold text-3xl lg:text-6xl text-orange lg:w-3\/4 lg:mx-auto\">Unsere Spezialisten<\/h2>\n        <\/div>\n      <\/div>\n\n                        <div class=\"scroll-item\">\n            <img loading=\"lazy\" decoding=\"async\" width=\"591\" height=\"379\" src=\"https:\/\/www.heycop.com\/wp-content\/uploads\/2024\/02\/Heycop-Specialisten-slider-1.webp\" class=\"w-full\" alt=\"Heycop\" srcset=\"https:\/\/www.heycop.com\/wp-content\/uploads\/2024\/02\/Heycop-Specialisten-slider-1.webp 591w, https:\/\/www.heycop.com\/wp-content\/uploads\/2024\/02\/Heycop-Specialisten-slider-1-300x192.webp 300w\" sizes=\"auto, (max-width: 591px) 100vw, 591px\" \/>          <\/div>\n                  <div class=\"scroll-item\">\n            <img loading=\"lazy\" decoding=\"async\" width=\"591\" height=\"379\" src=\"https:\/\/www.heycop.com\/wp-content\/uploads\/2024\/02\/Heycop-Specialisten-slider-2.webp\" class=\"w-full\" alt=\"Heycop\" srcset=\"https:\/\/www.heycop.com\/wp-content\/uploads\/2024\/02\/Heycop-Specialisten-slider-2.webp 591w, https:\/\/www.heycop.com\/wp-content\/uploads\/2024\/02\/Heycop-Specialisten-slider-2-300x192.webp 300w\" sizes=\"auto, (max-width: 591px) 100vw, 591px\" \/>          <\/div>\n                  <div class=\"scroll-item\">\n            <img loading=\"lazy\" decoding=\"async\" width=\"591\" height=\"379\" src=\"https:\/\/www.heycop.com\/wp-content\/uploads\/2024\/02\/Heycop-Specialisten-slider-3.webp\" class=\"w-full\" alt=\"Heycop\" srcset=\"https:\/\/www.heycop.com\/wp-content\/uploads\/2024\/02\/Heycop-Specialisten-slider-3.webp 591w, https:\/\/www.heycop.com\/wp-content\/uploads\/2024\/02\/Heycop-Specialisten-slider-3-300x192.webp 300w\" sizes=\"auto, (max-width: 591px) 100vw, 591px\" \/>          <\/div>\n                  <div class=\"scroll-item\">\n            <img loading=\"lazy\" decoding=\"async\" width=\"591\" height=\"379\" src=\"https:\/\/www.heycop.com\/wp-content\/uploads\/2024\/02\/Heycop-Specialisten-slider-4.webp\" class=\"w-full\" alt=\"Heycop\" srcset=\"https:\/\/www.heycop.com\/wp-content\/uploads\/2024\/02\/Heycop-Specialisten-slider-4.webp 591w, https:\/\/www.heycop.com\/wp-content\/uploads\/2024\/02\/Heycop-Specialisten-slider-4-300x192.webp 300w\" sizes=\"auto, (max-width: 591px) 100vw, 591px\" \/>          <\/div>\n                  <div class=\"scroll-item\">\n            <img loading=\"lazy\" decoding=\"async\" width=\"591\" height=\"379\" src=\"https:\/\/www.heycop.com\/wp-content\/uploads\/2024\/02\/Heycop-Specialisten-slider-5.webp\" class=\"w-full\" alt=\"Heycop\" srcset=\"https:\/\/www.heycop.com\/wp-content\/uploads\/2024\/02\/Heycop-Specialisten-slider-5.webp 591w, https:\/\/www.heycop.com\/wp-content\/uploads\/2024\/02\/Heycop-Specialisten-slider-5-300x192.webp 300w\" sizes=\"auto, (max-width: 591px) 100vw, 591px\" \/>          <\/div>\n                  <div class=\"scroll-item\">\n            <img loading=\"lazy\" decoding=\"async\" width=\"591\" height=\"379\" src=\"https:\/\/www.heycop.com\/wp-content\/uploads\/2024\/02\/Heycop-Specialisten-slider-6.webp\" class=\"w-full\" alt=\"Heycop\" srcset=\"https:\/\/www.heycop.com\/wp-content\/uploads\/2024\/02\/Heycop-Specialisten-slider-6.webp 591w, https:\/\/www.heycop.com\/wp-content\/uploads\/2024\/02\/Heycop-Specialisten-slider-6-300x192.webp 300w\" sizes=\"auto, (max-width: 591px) 100vw, 591px\" \/>          <\/div>\n                  <div class=\"scroll-item\">\n            <img loading=\"lazy\" decoding=\"async\" width=\"591\" height=\"379\" src=\"https:\/\/www.heycop.com\/wp-content\/uploads\/2024\/02\/Heycop-Specialisten-slider-7.webp\" class=\"w-full\" alt=\"Heycop\" srcset=\"https:\/\/www.heycop.com\/wp-content\/uploads\/2024\/02\/Heycop-Specialisten-slider-7.webp 591w, https:\/\/www.heycop.com\/wp-content\/uploads\/2024\/02\/Heycop-Specialisten-slider-7-300x192.webp 300w\" sizes=\"auto, (max-width: 591px) 100vw, 591px\" \/>          <\/div>\n                  <\/div>\n  <\/div>\n<\/section>\n\n<section class=\"review my-8 md:my-16 lg:my-24\">\n  <div class=\"container px-4\">\n    <div class=\"relative\">\n      <div class=\"keep-in-view bg-black p-6 text-white md:absolute md:left-12 md:top-12 md:w-1\/3 md:z-30\" data-top=\"40%\">\n        <div class=\"md:text-xl\">\u201cHeycop is een ware meester in de maakindustrie, waar vakmanschap en kwaliteit samenkomen om grenzen te verleggen.\u201d<\/div>\n\n        <div class=\"mt-6 flex flex-wrap items-center\">\n          <div class=\"w-1\/5\">\n                      <\/div>\n\n          <div class=\"w-4\/5 pl-4\">\n            <span class=\"block text-white text-lg font-bold\"> John Stone <\/span>\n            <span class=\"block text-orange md:text-lg\">  <\/span>\n          <\/div>\n        <\/div>\n      <\/div>\n\n      <img loading=\"lazy\" decoding=\"async\" width=\"1500\" height=\"1000\" src=\"https:\/\/www.heycop.com\/wp-content\/uploads\/2023\/07\/bg.jpg\" class=\"clip-path-bottom w-full\" alt=\"\" srcset=\"https:\/\/www.heycop.com\/wp-content\/uploads\/2023\/07\/bg.jpg 1500w, https:\/\/www.heycop.com\/wp-content\/uploads\/2023\/07\/bg-300x200.jpg 300w, https:\/\/www.heycop.com\/wp-content\/uploads\/2023\/07\/bg-1024x683.jpg 1024w, https:\/\/www.heycop.com\/wp-content\/uploads\/2023\/07\/bg-768x512.jpg 768w\" sizes=\"auto, (max-width: 1500px) 100vw, 1500px\" \/>    <\/div>\n  <\/div>\n<\/section>\n<section class=\"contact my-8 md:my-16 lg:my-24\">\n  <div class=\"container px-4\">\n    <div class=\"flex flex-wrap\">\n      <div class=\"w-full bg-gray-700 p-6 text-white md:w-2\/3\">\n        <span class=\"text-orange text-lg font-bold mb-4 block md:text-3xl\"> Fragen? <\/span>\n        <p>Unsere Experten denken gerne mit Ihnen mit, um eine Komplettl\u00f6sung anzubieten <\/p>\n\n        <div class=\"space-y-2 my-4\">\n          <div class=\"flex flex-wrap items-center font-bold \">\n            <div class=\"w-[22px]\"> <img decoding=\"async\" src=\"https:\/\/www.heycop.com\/wp-content\/themes\/heycop\/dist\/img\/phone.svg\" class=\"mr-2\"><\/div> <a href=\"tel:+31 30 6353565\" class=\"hover:underline\" target=\"_blank\">+31 30 6353565<\/a>\n          <\/div>\n          <div class=\"flex flex-wrap items-center font-bold \">\n            <div class=\"w-[22px]\"> <img decoding=\"async\" src=\"https:\/\/www.heycop.com\/wp-content\/themes\/heycop\/dist\/img\/mail.svg\" class=\"mr-2\"><\/div> <a href=\"mailto:info@heycop.com\" class=\"hover:underline\" target=\"_blank\">info@heycop.com<\/a>\n          <\/div>\n        <\/div>\n\n        <a href=\"https:\/\/www.heycop.com\/de\/kontakt\/\" class=\"bg-orange py-4 px-8 font-bold hover:bg-orange\/70 inline-block lg:text-2xl md:mt-6\"> Kontakt aufnehmen  <\/a>\n      <\/div>\n\n      <div class=\"w-full md:w-1\/3 overflow-hidden\">\n        <img loading=\"lazy\" decoding=\"async\" width=\"500\" height=\"322\" src=\"https:\/\/www.heycop.com\/wp-content\/uploads\/2023\/10\/Contact-Heycop.webp\" class=\"max-w-[100vw] max-h-[100vh]\" alt=\"\" srcset=\"https:\/\/www.heycop.com\/wp-content\/uploads\/2023\/10\/Contact-Heycop.webp 500w, https:\/\/www.heycop.com\/wp-content\/uploads\/2023\/10\/Contact-Heycop-300x193.webp 300w\" sizes=\"auto, (max-width: 500px) 100vw, 500px\" \/>      <\/div>\n    <\/div>\n  <\/div>\n<\/section>\n","protected":false},"excerpt":{"rendered":"","protected":false},"author":1,"featured_media":0,"parent":0,"menu_order":0,"comment_status":"closed","ping_status":"closed","template":"","meta":{"_acf_changed":false,"content-type":"","footnotes":""},"class_list":["post-1810","page","type-page","status-publish","hentry"],"acf":[],"_links":{"self":[{"href":"https:\/\/www.heycop.com\/de\/wp-json\/wp\/v2\/pages\/1810","targetHints":{"allow":["GET"]}}],"collection":[{"href":"https:\/\/www.heycop.com\/de\/wp-json\/wp\/v2\/pages"}],"about":[{"href":"https:\/\/www.heycop.com\/de\/wp-json\/wp\/v2\/types\/page"}],"author":[{"embeddable":true,"href":"https:\/\/www.heycop.com\/de\/wp-json\/wp\/v2\/users\/1"}],"replies":[{"embeddable":true,"href":"https:\/\/www.heycop.com\/de\/wp-json\/wp\/v2\/comments?post=1810"}],"version-history":[{"count":1,"href":"https:\/\/www.heycop.com\/de\/wp-json\/wp\/v2\/pages\/1810\/revisions"}],"predecessor-version":[{"id":1811,"href":"https:\/\/www.heycop.com\/de\/wp-json\/wp\/v2\/pages\/1810\/revisions\/1811"}],"wp:attachment":[{"href":"https:\/\/www.heycop.com\/de\/wp-json\/wp\/v2\/media?parent=1810"}],"curies":[{"name":"wp","href":"https:\/\/api.w.org\/{rel}","templated":true}]}}