{"id":1822,"date":"2023-07-25T07:26:38","date_gmt":"2023-07-25T07:26:38","guid":{"rendered":"https:\/\/www.heycop.com\/homepage\/"},"modified":"2024-03-23T18:25:52","modified_gmt":"2024-03-23T18:25:52","slug":"homepage","status":"publish","type":"page","link":"https:\/\/www.heycop.com\/de\/","title":{"rendered":"Homepage"},"content":{"rendered":"<section class=\"hero min-h-screen relative overflow-hidden flex items-center\">\n  <!-- Content -->\n  <section class=\"w-full\">\n    <div class=\"container px-4 relative z-30\">\n      <div class=\"flex flex-wrap md:items-center mt-[116px]\">\n        <div class=\"w-full md:w-1\/2 text-white md:pr-8 lg:pr-16\">\n          <h1 class=\" text-3xl leading-relaxed font-bold lg:text-5xl lg:leading-[5rem]\"> Besetzungsm\u00f6glichkeiten.<br>Perfektion in der Bearbeitung.<br>Exzellenz zusammenstellen. <\/h1>\n          \n          <div class=\"flex mt-10 space-x-6 items-center\">\n                          <a href=\"https:\/\/www.heycop.com\/de\/kontakt\/\" class=\"bg-orange py-4 px-8 font-bold hover:bg-orange\/70 inline-block lg:text-2xl\"> Kontakt aufnehmen <\/a>\n                          <a href=\"https:\/\/www.heycop.com\/diensten\/\" class=\"bg-black py-4 px-8 font-bold hover:bg-black\/70 inline-block lg:text-2xl\"> Was wir tun <\/a>\n                      <\/div>\n        <\/div>\n\n        <div class=\"w-full mt-10 relative md:w-1\/2 md:mt-0 md:max-h-[80vh] overflow-hidden\">\n                      <img loading=\"lazy\" decoding=\"async\" width=\"752\" height=\"752\" src=\"https:\/\/www.heycop.com\/wp-content\/uploads\/2024\/01\/Heycop-Hero-Afbeelding-3.webp\" class=\"w-full clip-path\" alt=\"\" srcset=\"https:\/\/www.heycop.com\/wp-content\/uploads\/2024\/01\/Heycop-Hero-Afbeelding-3.webp 752w, https:\/\/www.heycop.com\/wp-content\/uploads\/2024\/01\/Heycop-Hero-Afbeelding-3-300x300.webp 300w, https:\/\/www.heycop.com\/wp-content\/uploads\/2024\/01\/Heycop-Hero-Afbeelding-3-150x150.webp 150w, https:\/\/www.heycop.com\/wp-content\/uploads\/2024\/01\/Heycop-Hero-Afbeelding-3-70x70.webp 70w\" sizes=\"auto, (max-width: 752px) 100vw, 752px\" \/>                    <div class=\"line-slide-in-out right-to-left h-1 w-1\/2 absolute z-20 top-14 right-0\" style=\"background:#ffffff\"> <\/div>\n        <\/div>\n      <\/div>\n    <\/div>\n  <\/section>\n\n      <video class=\"absolute z-10 w-auto min-w-full min-h-full max-w-none top-0\" autoplay muted playsinline>\n      <source src=\"https:\/\/www.heycop.com\/wp-content\/uploads\/2023\/10\/Heycop-hero-drone.mp4\" type=\"video\/mp4\" \/>\n      Your browser does not support the video tag.\n    <\/video>\n  <\/section>\n\n\n<section id=\"watwedoen\" class=\"why bg-white pt-8 md:pt-16 lg:pt-24\">\n  <div class=\"container px-4\">\n    <h2 class=\"text-orange text-3xl font-bold text-center lg:text-6xl\"> Eine Auswahl unserer vertrauten Kunden <\/h2>\n  <\/div>\n\n  <div class=\"grid grid-cols-2 gap-4 mt-6 md:grid-cols-4 lg:mt-24 justify-center\">\n                  <img decoding=\"async\" src=\"https:\/\/www.heycop.com\/wp-content\/uploads\/2023\/07\/Heineken.svg\" class=\"mx-auto max-h-4 lg:max-h-8 w-full\" alt=\"\" \/>              <img decoding=\"async\" src=\"https:\/\/www.heycop.com\/wp-content\/uploads\/2023\/09\/Atlas-Copco.svg\" class=\"mx-auto max-h-4 lg:max-h-8 w-full\" alt=\"\" \/>              <img decoding=\"async\" src=\"https:\/\/www.heycop.com\/wp-content\/uploads\/2023\/09\/Honeywell.svg\" class=\"mx-auto max-h-4 lg:max-h-8 w-full\" alt=\"\" \/>              <img decoding=\"async\" src=\"https:\/\/www.heycop.com\/wp-content\/uploads\/2023\/09\/Siemens-Energy.svg\" class=\"mx-auto max-h-4 lg:max-h-8 w-full\" alt=\"\" \/>            <\/div>\n\n\n  <div class=\"flex relative z-20 w-full flex-wrap mt-10 md:mt-24\">\n    <div class=\"w-full\">\n      <div class=\"container px-4 flex flex-wrap\">\n        <div class=\"relative w-full  md:w-5\/12 h-fit \">\n\n                                    <img loading=\"lazy\" decoding=\"async\" width=\"515\" height=\"754\" src=\"https:\/\/www.heycop.com\/wp-content\/uploads\/2023\/11\/Heycop-Afbeelding-langwerpig.webp\" class=\"clip-path-bottom w-full\" alt=\"\" srcset=\"https:\/\/www.heycop.com\/wp-content\/uploads\/2023\/11\/Heycop-Afbeelding-langwerpig.webp 515w, https:\/\/www.heycop.com\/wp-content\/uploads\/2023\/11\/Heycop-Afbeelding-langwerpig-205x300.webp 205w\" sizes=\"auto, (max-width: 515px) 100vw, 515px\" \/>              <div class=\"line-slide-in-out left-to-right h-1 bg-orange w-1\/2 absolute z-20 bottom-14 left-0\"> <\/div>\n            \n                  <\/div>\n\n        <div class=\"mt-10 w-full md:mt-0 md:w-7\/12 md:pl-8 lg:pl-16 \">\n          <div class=\"grid grid-cols-1 gap-y-6 pb-6 md:grid-cols-2 md:gap-4\">\n                                          <div class=\"text-center md:text-left\">\n                  <video class=\"mx-auto md:ml-0 w-20\" autoplay muted playsinline loop>\n                    <source src=\"https:\/\/www.heycop.com\/wp-content\/uploads\/2023\/09\/Nauwkeurigheid.mp4\" type=\"video\/mp4\" \/>\n                    Your browser does not support the video tag.\n                  <\/video>\n\n                  <h3 class=\"text-black font-bold text-lg mt-2 md:mt-4 lg:text-xl\"> Genauigkeit <\/h3>\n                  <span class=\"block mt-0.5 w-1\/2 mx-auto md:w-full\">Perfekte Pr\u00e4zision,<br> \ngarantierte Ergebnisse.<\/span>\n                <\/div>\n                              <div class=\"text-center md:text-left\">\n                  <video class=\"mx-auto md:ml-0 w-20\" autoplay muted playsinline loop>\n                    <source src=\"https:\/\/www.heycop.com\/wp-content\/uploads\/2023\/09\/Snelle-doorlooptijd.mp4\" type=\"video\/mp4\" \/>\n                    Your browser does not support the video tag.\n                  <\/video>\n\n                  <h3 class=\"text-black font-bold text-lg mt-2 md:mt-4 lg:text-xl\"> Schnelle Abwicklungszeit <\/h3>\n                  <span class=\"block mt-0.5 w-1\/2 mx-auto md:w-full\">Schnelle Produktion, Zeit<br> \nEinsparungen garantiert.<\/span>\n                <\/div>\n                              <div class=\"text-center md:text-left\">\n                  <video class=\"mx-auto md:ml-0 w-20\" autoplay muted playsinline loop>\n                    <source src=\"https:\/\/www.heycop.com\/wp-content\/uploads\/2023\/09\/Betrokkenheid.mp4\" type=\"video\/mp4\" \/>\n                    Your browser does not support the video tag.\n                  <\/video>\n\n                  <h3 class=\"text-black font-bold text-lg mt-2 md:mt-4 lg:text-xl\"> Verlobung <\/h3>\n                  <span class=\"block mt-0.5 w-1\/2 mx-auto md:w-full\">Pers\u00f6nliche Unterst\u00fctzung,<br> \nan Ihrem Erfolg beteiligt.<\/span>\n                <\/div>\n                              <div class=\"text-center md:text-left\">\n                  <video class=\"mx-auto md:ml-0 w-20\" autoplay muted playsinline loop>\n                    <source src=\"https:\/\/www.heycop.com\/wp-content\/uploads\/2023\/09\/Geavanceerde-technologie.mp4\" type=\"video\/mp4\" \/>\n                    Your browser does not support the video tag.\n                  <\/video>\n\n                  <h3 class=\"text-black font-bold text-lg mt-2 md:mt-4 lg:text-xl\"> Fortschrittliche Technologie <\/h3>\n                  <span class=\"block mt-0.5 w-1\/2 mx-auto md:w-full\">Innovation in der<br> \nh\u00f6chste Stufe.<\/span>\n                <\/div>\n                                    <\/div>\n\n          <div class=\"bg-white py-6 -mx-4 md:bg-transparent md:pb-0\">\n            <div class=\"container px-4\">\n              <h2 class=\"font-bold text-3xl mb-1 lg:text-6xl lg:mb-4\"> Warum Heycop <\/h2>\n              <div><p>Heycop ist ein mittelst\u00e4ndisches Unternehmen mit mehr als 100 Jahren Erfahrung in der Gie\u00dfereibranche und der Metallverarbeitung. Bei uns k\u00f6nnen Unternehmen sicher sein, dass sie ein optimales Qualit\u00e4tsprodukt zu einem wettbewerbsf\u00e4higen Preis erhalten. Seit vielen Jahren wissen sie die Zeit- und Kostenersparnis zu sch\u00e4tzen, die Heycop ihnen bringt.<\/p>\n<\/div>\n\n                              <a href=\"https:\/\/www.heycop.com\/de\/kontakt\/\" class=\"bg-orange text-white py-4 px-8 font-bold hover:bg-orange\/70 inline-block lg:text-2xl block mt-4\"> Kontakt aufnehmen <\/a>\n                          <\/div>\n          <\/div>\n        <\/div>\n      <\/div>\n    <\/div>\n  <\/div>\n\n  <div class=\"slide-into-view relative z-10 w-full pb-8 md:pb-16 lg:pb-24\" data-amount=\"200\">\n    <div class=\"container px-4 clear-both\">\n      <div class=\"flex justify-between md:w-5\/12 lg:mt-12 \">\n        <div class=\"\">\n          <span class=\" block text-4xl font-bold lg:text-7xl\"> 120 <span class=\"text-orange\"> + <\/span> <\/span>\n          <span class=\"text-gray font-bold block -mt-1 lg:text-2xl\"> Kunden <\/span>\n        <\/div>\n\n        <div class=\"\">\n          <span class=\"block text-4xl font-bold lg:text-7xl\"> 2000 <span class=\"text-orange\"> + <\/span> <\/span>\n          <span class=\"text-gray font-bold block -mt-1 lg:text-2xl\"> Produkte <\/span>\n        <\/div>\n      <\/div>\n    <\/div>\n  <\/div>\n<\/section>\n\n\n<section class=\"what-we-do py-8 md:py-16 lg:py-24\">\n  <div class=\"container scroll-container px-4 md:px-0\">\n    <div class=\"flex grid-cols-1 gap-y-16 items-center md:mt-10 md:min-w-fit md:w-fit\">\n      <div class=\"scroll-item\">\n        <h2 class=\"font-bold text-3xl mb-1 lg:text-4xl lg:mb-4\"> Technische Perfektion.<br>Besetzungsm\u00f6glichkeiten.<br>Exzellenz zusammenstellen. <\/h2>\n              <\/div>\n\n                        <div class=\"scroll-item\">\n            <a href=\"https:\/\/www.heycop.com\/de\/diensten\/technik\/\" class=\"relative mb-4 block\">\n                              <img loading=\"lazy\" decoding=\"async\" width=\"624\" height=\"401\" src=\"https:\/\/www.heycop.com\/wp-content\/uploads\/2023\/08\/Engineering-2.jpg\" class=\"w-full clip-path\" alt=\"\" srcset=\"https:\/\/www.heycop.com\/wp-content\/uploads\/2023\/08\/Engineering-2.jpg 624w, https:\/\/www.heycop.com\/wp-content\/uploads\/2023\/08\/Engineering-2-300x193.jpg 300w\" sizes=\"auto, (max-width: 624px) 100vw, 624px\" \/>                <img decoding=\"async\" src=\"https:\/\/www.heycop.com\/wp-content\/uploads\/2023\/08\/Engineering.svg\" class=\"z-10 absolute left-2 top-2\" alt=\"\" \/>                <div class=\"h-1 w-1\/3 md:w-1\/2 absolute z-20 top-9 md:top-14 right-0\" style=\"background: #33ae72\"> <\/div>\n                          <\/a>\n\n            <a href=\"https:\/\/www.heycop.com\/de\/diensten\/technik\/\" class=\"text-xl text-orange hover:underline font-bold mb-1 block lg:text-2xl\"> Technik <\/a>\n            <p>Spezialisiert auf das Entwerfen, Entwickeln und Optimieren technischer L\u00f6sungen f\u00fcr verschiedene Branchen. <\/p>\n            <a href=\"https:\/\/www.heycop.com\/de\/diensten\/technik\/\" class=\"text-orange hover:underline font-bold\"> Mehr lesen > <\/a>\n          <\/div>\n                  <div class=\"scroll-item\">\n            <a href=\"https:\/\/www.heycop.com\/de\/diensten\/giessen\/\" class=\"relative mb-4 block\">\n                              <img loading=\"lazy\" decoding=\"async\" width=\"624\" height=\"401\" src=\"https:\/\/www.heycop.com\/wp-content\/uploads\/2023\/11\/Gieten-Heycop.webp\" class=\"w-full clip-path-bottom\" alt=\"Gieten Heycop\" srcset=\"https:\/\/www.heycop.com\/wp-content\/uploads\/2023\/11\/Gieten-Heycop.webp 624w, https:\/\/www.heycop.com\/wp-content\/uploads\/2023\/11\/Gieten-Heycop-300x193.webp 300w\" sizes=\"auto, (max-width: 624px) 100vw, 624px\" \/>                <img decoding=\"async\" src=\"https:\/\/www.heycop.com\/wp-content\/uploads\/2023\/08\/Gieten.svg\" class=\"z-10 absolute right-2 top-2\" alt=\"\" \/>                <div class=\"h-1 w-1\/3 md:w-1\/2 absolute z-20 bottom-9 md:bottom-14 left-0\" style=\"background: #c45b60\"> <\/div>\n                          <\/a>\n\n            <a href=\"https:\/\/www.heycop.com\/de\/diensten\/giessen\/\" class=\"text-xl text-orange hover:underline font-bold mb-1 block lg:text-2xl\"> Gie\u00dfen <\/a>\n            <p>Gie\u00dfen und Formen von Metallen mit Fachkenntnissen in der Bereitstellung hochwertiger Gussprodukte f\u00fcr verschiedene Anwendungen. <\/p>\n            <a href=\"https:\/\/www.heycop.com\/de\/diensten\/giessen\/\" class=\"text-orange hover:underline font-bold\"> Mehr lesen > <\/a>\n          <\/div>\n                  <div class=\"scroll-item\">\n            <a href=\"https:\/\/www.heycop.com\/de\/diensten\/cnc-fraesen\/\" class=\"relative mb-4 block\">\n                              <img loading=\"lazy\" decoding=\"async\" width=\"624\" height=\"401\" src=\"https:\/\/www.heycop.com\/wp-content\/uploads\/2024\/01\/Heycop-CNC-frezen.webp\" class=\"w-full clip-path\" alt=\"\" srcset=\"https:\/\/www.heycop.com\/wp-content\/uploads\/2024\/01\/Heycop-CNC-frezen.webp 624w, https:\/\/www.heycop.com\/wp-content\/uploads\/2024\/01\/Heycop-CNC-frezen-300x193.webp 300w\" sizes=\"auto, (max-width: 624px) 100vw, 624px\" \/>                <img decoding=\"async\" src=\"https:\/\/www.heycop.com\/wp-content\/uploads\/2023\/07\/icon-2.svg\" class=\"z-10 absolute left-2 top-2\" alt=\"\" \/>                <div class=\"h-1 w-1\/3 md:w-1\/2 absolute z-20 top-9 md:top-14 right-0\" style=\"background: #f18a00\"> <\/div>\n                          <\/a>\n\n            <a href=\"https:\/\/www.heycop.com\/de\/diensten\/cnc-fraesen\/\" class=\"text-xl text-orange hover:underline font-bold mb-1 block lg:text-2xl\"> CNC-Fr\u00e4sen <\/a>\n            <p>CNC-Bearbeitungsspezialisten, die pr\u00e4zise und komplexe Bearbeitungen f\u00fcr verschiedene Branchen mit hochwertigen Ergebnissen liefern. <\/p>\n            <a href=\"https:\/\/www.heycop.com\/de\/diensten\/cnc-fraesen\/\" class=\"text-orange hover:underline font-bold\"> Mehr lesen > <\/a>\n          <\/div>\n                  <div class=\"scroll-item\">\n            <a href=\"https:\/\/www.heycop.com\/de\/diensten\/cnc-drehen\/\" class=\"relative mb-4 block\">\n                              <img loading=\"lazy\" decoding=\"async\" width=\"624\" height=\"401\" src=\"https:\/\/www.heycop.com\/wp-content\/uploads\/2023\/09\/CNC-draaien-Heycop.webp\" class=\"w-full clip-path-bottom\" alt=\"Heycop draaien CNC\" srcset=\"https:\/\/www.heycop.com\/wp-content\/uploads\/2023\/09\/CNC-draaien-Heycop.webp 624w, https:\/\/www.heycop.com\/wp-content\/uploads\/2023\/09\/CNC-draaien-Heycop-300x193.webp 300w\" sizes=\"auto, (max-width: 624px) 100vw, 624px\" \/>                <img decoding=\"async\" src=\"https:\/\/www.heycop.com\/wp-content\/uploads\/2023\/07\/icon-2.svg\" class=\"z-10 absolute right-2 top-2\" alt=\"\" \/>                <div class=\"h-1 w-1\/3 md:w-1\/2 absolute z-20 bottom-9 md:bottom-14 left-0\" style=\"background: #f18a00\"> <\/div>\n                          <\/a>\n\n            <a href=\"https:\/\/www.heycop.com\/de\/diensten\/cnc-drehen\/\" class=\"text-xl text-orange hover:underline font-bold mb-1 block lg:text-2xl\"> CNC-Drehen <\/a>\n            <p>CNC-Bearbeitungsspezialisten, die pr\u00e4zise und komplexe Bearbeitungen f\u00fcr verschiedene Branchen mit hochwertigen Ergebnissen liefern. <\/p>\n            <a href=\"https:\/\/www.heycop.com\/de\/diensten\/cnc-drehen\/\" class=\"text-orange hover:underline font-bold\"> Mehr lesen > <\/a>\n          <\/div>\n                  <div class=\"scroll-item\">\n            <a href=\"https:\/\/www.heycop.com\/de\/diensten\/montage\/\" class=\"relative mb-4 block\">\n                              <img loading=\"lazy\" decoding=\"async\" width=\"624\" height=\"401\" src=\"https:\/\/www.heycop.com\/wp-content\/uploads\/2023\/08\/Heycop-Assemblage.webp\" class=\"w-full clip-path\" alt=\"\" srcset=\"https:\/\/www.heycop.com\/wp-content\/uploads\/2023\/08\/Heycop-Assemblage.webp 624w, https:\/\/www.heycop.com\/wp-content\/uploads\/2023\/08\/Heycop-Assemblage-300x193.webp 300w\" sizes=\"auto, (max-width: 624px) 100vw, 624px\" \/>                <img decoding=\"async\" src=\"https:\/\/www.heycop.com\/wp-content\/uploads\/2023\/08\/Assemblage.svg\" class=\"z-10 absolute left-2 top-2\" alt=\"\" \/>                <div class=\"h-1 w-1\/3 md:w-1\/2 absolute z-20 top-9 md:top-14 right-0\" style=\"background: #148296\"> <\/div>\n                          <\/a>\n\n            <a href=\"https:\/\/www.heycop.com\/de\/diensten\/montage\/\" class=\"text-xl text-orange hover:underline font-bold mb-1 block lg:text-2xl\"> Montage <\/a>\n            <p>Sorgf\u00e4ltig und effizient Komponenten zusammenf\u00fcgen, um hochwertige Endprodukte f\u00fcr verschiedene Branchen zu schaffen. <\/p>\n            <a href=\"https:\/\/www.heycop.com\/de\/diensten\/montage\/\" class=\"text-orange hover:underline font-bold\"> Mehr lesen > <\/a>\n          <\/div>\n                  <\/div>\n  <\/div>\n<\/section>\n\n\n<section class=\"quote bg-orange py-14\">\n  <div class=\"container px-4\">\n    <div class=\"line-slide-out-in mobile-disabled\">\n      <span class=\"text-white text-2xl font-bold block text-center lg:text-6xl !leading-snug \">  &#8222;Mehr als 100 Jahre Erfahrung in der  <\/span>\n    <\/div>\n    <div class=\"line-slide-out-in right-to-left mobile-disabled\">\n      <span class=\"text-white text-2xl font-bold block text-center lg:text-6xl !leading-snug\"> die Gie\u00dfereibranche und die Metallverarbeitung&#8220;  <\/span>\n    <\/div>\n  <\/div>\n<\/section>\n\n\n<section class=\"latest-news py-8 md:py-16 lg:py-24\">\n  <div class=\"container px-4\">\n    <div class=\"md:text-center\">\n      <h1 class=\"font-bold text-3xl mb-1 lg:text-6xl lg:mb-4\"> Letzte Blog-Artikel <\/h1>\n      <p>Erkunden Sie unseren informativen Blog mit wertvollen Einblicken und Tipps, um Ihr Wissen zu erweitern und sich zu verschiedenen Themen inspirieren zu lassen.<\/p>\n    <\/div>\n\n    \n    <div class=\"grid grid-cols-1 md:grid-cols-2 gap-4 md:gap-8 mt-4 lg:mt-10\">\n                        <div class=\"\">\n            <a href=\"https:\/\/www.heycop.com\/de\/unkategorisiert\/start-der-neuen-website\/\">\n              <img loading=\"lazy\" decoding=\"async\" width=\"624\" height=\"380\" src=\"https:\/\/www.heycop.com\/wp-content\/uploads\/2023\/08\/Heycop-Nieuwe-website-live.jpg\" class=\"mb-6 w-full\" alt=\"\" srcset=\"https:\/\/www.heycop.com\/wp-content\/uploads\/2023\/08\/Heycop-Nieuwe-website-live.jpg 624w, https:\/\/www.heycop.com\/wp-content\/uploads\/2023\/08\/Heycop-Nieuwe-website-live-300x183.jpg 300w\" sizes=\"auto, (max-width: 624px) 100vw, 624px\" \/>            <\/a>\n\n            <a href=\"https:\/\/www.heycop.com\/de\/unkategorisiert\/start-der-neuen-website\/\" class=\"text-xl text-black hover:underline font-bold mb-1 block lg:text-2xl\"> Start der neuen Website! <\/a>\n\n            <p>&#8222;Unsere neue Website ist ein Meilenstein in der Bereitstellung von ma\u00dfgeschneiderten, qualitativ hochwertigen L\u00f6sungen in der Metallbearbeitung f\u00fcr Profis und Kunden gleicherma\u00dfen.&#8220;<\/p>\n\n            <a href=\"https:\/\/www.heycop.com\/de\/unkategorisiert\/start-der-neuen-website\/\" class=\"text-orange hover:underline font-bold block\"> Mehr lesen > <\/a>\n          <\/div>\n                  <\/div>\n  <\/div>\n<\/section>\n","protected":false},"excerpt":{"rendered":"","protected":false},"author":1,"featured_media":0,"parent":0,"menu_order":0,"comment_status":"closed","ping_status":"closed","template":"","meta":{"_acf_changed":false,"content-type":"","footnotes":""},"class_list":["post-1822","page","type-page","status-publish","hentry"],"acf":[],"_links":{"self":[{"href":"https:\/\/www.heycop.com\/de\/wp-json\/wp\/v2\/pages\/1822","targetHints":{"allow":["GET"]}}],"collection":[{"href":"https:\/\/www.heycop.com\/de\/wp-json\/wp\/v2\/pages"}],"about":[{"href":"https:\/\/www.heycop.com\/de\/wp-json\/wp\/v2\/types\/page"}],"author":[{"embeddable":true,"href":"https:\/\/www.heycop.com\/de\/wp-json\/wp\/v2\/users\/1"}],"replies":[{"embeddable":true,"href":"https:\/\/www.heycop.com\/de\/wp-json\/wp\/v2\/comments?post=1822"}],"version-history":[{"count":2,"href":"https:\/\/www.heycop.com\/de\/wp-json\/wp\/v2\/pages\/1822\/revisions"}],"predecessor-version":[{"id":1973,"href":"https:\/\/www.heycop.com\/de\/wp-json\/wp\/v2\/pages\/1822\/revisions\/1973"}],"wp:attachment":[{"href":"https:\/\/www.heycop.com\/de\/wp-json\/wp\/v2\/media?parent=1822"}],"curies":[{"name":"wp","href":"https:\/\/api.w.org\/{rel}","templated":true}]}}