{"id":1842,"date":"2023-07-25T14:08:57","date_gmt":"2023-07-25T14:08:57","guid":{"rendered":"https:\/\/www.heycop.com\/maschinenpark\/"},"modified":"2024-02-26T12:53:46","modified_gmt":"2024-02-26T12:53:46","slug":"maschinenpark","status":"publish","type":"page","link":"https:\/\/www.heycop.com\/de\/maschinenpark\/","title":{"rendered":"Maschinenpark"},"content":{"rendered":"<section class=\"hero min-h-screen relative overflow-hidden flex items-center\">\n  <!-- Content -->\n  <section class=\"w-full\">\n    <div class=\"container px-4 relative z-30\">\n      <div class=\"flex flex-wrap md:items-center mt-[116px]\">\n        <div class=\"w-full md:w-1\/2 text-white md:pr-8 lg:pr-16\">\n          <h1 class=\" text-3xl leading-relaxed font-bold lg:text-5xl lg:leading-[5rem]\"> Maschinenpark <\/h1>\n                      <p class=\"lg:text-2xl\">Heycop ist der Spezialist f\u00fcr CNC-Bearbeitung. Mit unserer langj\u00e4hrigen Erfahrung und unserem modernen Maschinenpark sind wir in der Lage, die komplexesten Fr\u00e4s- und Dreharbeiten durchzuf\u00fchren. Dies gilt sowohl f\u00fcr Gussst\u00fccke als auch f\u00fcr Stangen- und Plattenmaterial. Nachstehend finden Sie einige der Bearbeitungsm\u00f6glichkeiten bei Heycop. <\/p>\n          \n          <div class=\"flex mt-10 space-x-6 items-center\">\n                          <a href=\"https:\/\/www.heycop.com\/de\/kontakt\/\" class=\"bg-orange py-4 px-8 font-bold hover:bg-orange\/70 inline-block lg:text-2xl\"> Kontakt aufnehmen <\/a>\n                          <a href=\"\" class=\"bg-black py-4 px-8 font-bold hover:bg-black\/70 inline-block lg:text-2xl\"> Warum heycop <\/a>\n                      <\/div>\n        <\/div>\n\n        <div class=\"w-full mt-10 relative md:w-1\/2 md:mt-0 md:max-h-[80vh] overflow-hidden\">\n                      <img loading=\"lazy\" decoding=\"async\" width=\"468\" height=\"468\" src=\"https:\/\/www.heycop.com\/wp-content\/uploads\/2023\/07\/image.jpg\" class=\"w-full clip-path\" alt=\"\" srcset=\"https:\/\/www.heycop.com\/wp-content\/uploads\/2023\/07\/image.jpg 468w, https:\/\/www.heycop.com\/wp-content\/uploads\/2023\/07\/image-300x300.jpg 300w, https:\/\/www.heycop.com\/wp-content\/uploads\/2023\/07\/image-150x150.jpg 150w\" sizes=\"auto, (max-width: 468px) 100vw, 468px\" \/>                    <div class=\"line-slide-in-out right-to-left h-1 w-1\/2 absolute z-20 top-14 right-0\" style=\"background:\"> <\/div>\n        <\/div>\n      <\/div>\n    <\/div>\n  <\/section>\n\n      <img loading=\"lazy\" decoding=\"async\" width=\"1920\" height=\"920\" src=\"https:\/\/www.heycop.com\/wp-content\/uploads\/2023\/11\/Heycop-Hero-machinehal.webp\" class=\"absolute z-10 w-auto min-w-full min-h-full max-w-none top-0\" alt=\"\" srcset=\"https:\/\/www.heycop.com\/wp-content\/uploads\/2023\/11\/Heycop-Hero-machinehal.webp 1920w, https:\/\/www.heycop.com\/wp-content\/uploads\/2023\/11\/Heycop-Hero-machinehal-300x144.webp 300w, https:\/\/www.heycop.com\/wp-content\/uploads\/2023\/11\/Heycop-Hero-machinehal-1024x491.webp 1024w, https:\/\/www.heycop.com\/wp-content\/uploads\/2023\/11\/Heycop-Hero-machinehal-768x368.webp 768w, https:\/\/www.heycop.com\/wp-content\/uploads\/2023\/11\/Heycop-Hero-machinehal-1536x736.webp 1536w\" sizes=\"auto, (max-width: 1920px) 100vw, 1920px\" \/>  <\/section>\n<section class=\"what-we-do py-8 md:py-16 lg:py-24\">\n  <div class=\"container scroll-container px-4 md:px-0\" data-start-offset=\"+=50px\">\n    <div class=\"flex grid-cols-1 gap-4 md:grid-cols-2 md:gap-8 md:min-w-fit md:w-fit\">\n                        <div class=\"scroll-item\">\n            <img loading=\"lazy\" decoding=\"async\" width=\"624\" height=\"408\" src=\"https:\/\/www.heycop.com\/wp-content\/uploads\/2023\/08\/Mori-Seiki-NHX5500.jpg\" class=\"w-full mb-6 block\" alt=\"\" srcset=\"https:\/\/www.heycop.com\/wp-content\/uploads\/2023\/08\/Mori-Seiki-NHX5500.jpg 624w, https:\/\/www.heycop.com\/wp-content\/uploads\/2023\/08\/Mori-Seiki-NHX5500-300x196.jpg 300w\" sizes=\"auto, (max-width: 624px) 100vw, 624px\" \/>            <span class=\"text-xl text-orange hover:underline font-bold mb-1 block lg:text-2xl\"> Mori Seiki NHX5500 <\/span>\n            <p>Heycop hat in eine neue NHX5500-Maschine mit einem Werkzeugmagazin f\u00fcr 330 Werkzeuge f\u00fcr sein neues Geb\u00e4ude investiert. Das gibt uns im Rahmen von LEAN &amp; SMED die M\u00f6glichkeit, mit festen Werkzeugs\u00e4tzen effizienter und flexibler zu arbeiten. Mit einem Bearbeitungsbereich von X:800 [mm], Y:800 [mm] &amp; Z:880 [mm], einem gro\u00dfen Aufwickelbereich und einer herausragenden Geschwindigkeit ist dies die Maschine f\u00fcr schnelle, effiziente und hochpr\u00e4zise Bearbeitung.<\/p>\n          <\/div>\n                  <div class=\"scroll-item\">\n            <img loading=\"lazy\" decoding=\"async\" width=\"624\" height=\"408\" src=\"https:\/\/www.heycop.com\/wp-content\/uploads\/2023\/08\/Mori-Seiki-NHX5000.jpg\" class=\"w-full mb-6 block\" alt=\"\" srcset=\"https:\/\/www.heycop.com\/wp-content\/uploads\/2023\/08\/Mori-Seiki-NHX5000.jpg 624w, https:\/\/www.heycop.com\/wp-content\/uploads\/2023\/08\/Mori-Seiki-NHX5000-300x196.jpg 300w\" sizes=\"auto, (max-width: 624px) 100vw, 624px\" \/>            <span class=\"text-xl text-orange hover:underline font-bold mb-1 block lg:text-2xl\"> 5x Mori Seiki NH(X)5000 <\/span>\n            <p>Heycop verf\u00fcgt \u00fcber insgesamt f\u00fcnf Mori Seiki NH(X)5000 Maschinen. Es handelt sich um 4-Achsen-Horizontalmaschinen, die zur Weltspitze der CNC-Bearbeitung geh\u00f6ren. Mit einem Bearbeitungsbereich von X:730 [mm], Y:730 [mm] &amp; Z:850 [mm] und einer hervorragenden Geschwindigkeit ist dies die Maschine f\u00fcr eine schnelle, effiziente und hochpr\u00e4zise Bearbeitung. Dar\u00fcber hinaus verf\u00fcgen diese Maschinen \u00fcber ein Magazin mit Platz f\u00fcr 60 Werkzeuge.<\/p>\n          <\/div>\n                  <div class=\"scroll-item\">\n            <img loading=\"lazy\" decoding=\"async\" width=\"624\" height=\"408\" src=\"https:\/\/www.heycop.com\/wp-content\/uploads\/2023\/08\/Haas-VF-4SS.jpg\" class=\"w-full mb-6 block\" alt=\"\" srcset=\"https:\/\/www.heycop.com\/wp-content\/uploads\/2023\/08\/Haas-VF-4SS.jpg 624w, https:\/\/www.heycop.com\/wp-content\/uploads\/2023\/08\/Haas-VF-4SS-300x196.jpg 300w\" sizes=\"auto, (max-width: 624px) 100vw, 624px\" \/>            <span class=\"text-xl text-orange hover:underline font-bold mb-1 block lg:text-2xl\"> 2x Haas VF-4SS <\/span>\n            <p>Neben den horizontalen Mori Seiki-Maschinen verf\u00fcgt Heycop auch \u00fcber zwei vertikale Fr\u00e4smaschinen. Die vertikalen Haas-Maschinen bieten eine gute Alternative f\u00fcr Produkte, die auf weniger Fl\u00e4chen bearbeitet werden m\u00fcssen. Mit einem Bearbeitungsbereich von X:1270 [mm], Y:508 [mm] &amp; Z:635 [mm] bietet diese Maschine mehr Platz als die NH(X)-Maschinen und eignet sich f\u00fcr etwas gr\u00f6\u00dfere Arbeiten.<\/p>\n          <\/div>\n                  <div class=\"scroll-item\">\n            <img loading=\"lazy\" decoding=\"async\" width=\"624\" height=\"408\" src=\"https:\/\/www.heycop.com\/wp-content\/uploads\/2023\/08\/Mori-Seiki-NL2500SM.jpg\" class=\"w-full mb-6 block\" alt=\"\" srcset=\"https:\/\/www.heycop.com\/wp-content\/uploads\/2023\/08\/Mori-Seiki-NL2500SM.jpg 624w, https:\/\/www.heycop.com\/wp-content\/uploads\/2023\/08\/Mori-Seiki-NL2500SM-300x196.jpg 300w\" sizes=\"auto, (max-width: 624px) 100vw, 624px\" \/>            <span class=\"text-xl text-orange hover:underline font-bold mb-1 block lg:text-2xl\"> Mori Seiki NL2500SM mit Roboter <\/span>\n            <p>Wie der Fr\u00e4spark ist auch der Drehpark von Heycop mit Mori Seiki-Maschinen modern und auf dem neuesten Stand. Der NL2500SM, der mit einem Roboter ausgestattet ist, um auch nachts arbeiten zu k\u00f6nnen, verf\u00fcgt \u00fcber einen Revolver mit eingegrabenen Werkzeugen, der bis zu 24 Werkzeuge aufnehmen kann. In Kombination mit dem Roboter wird so ein solider, effizienter und schneller Bearbeitungszyklus gew\u00e4hrleistet.<\/p>\n          <\/div>\n                  <div class=\"scroll-item\">\n            <img loading=\"lazy\" decoding=\"async\" width=\"624\" height=\"408\" src=\"https:\/\/www.heycop.com\/wp-content\/uploads\/2023\/08\/Mori-Seiki-NL2500SY.jpg\" class=\"w-full mb-6 block\" alt=\"\" srcset=\"https:\/\/www.heycop.com\/wp-content\/uploads\/2023\/08\/Mori-Seiki-NL2500SY.jpg 624w, https:\/\/www.heycop.com\/wp-content\/uploads\/2023\/08\/Mori-Seiki-NL2500SY-300x196.jpg 300w\" sizes=\"auto, (max-width: 624px) 100vw, 624px\" \/>            <span class=\"text-xl text-orange hover:underline font-bold mb-1 block lg:text-2xl\"> Mori Seiki NL2500SY <\/span>\n            <p>Neben der Drehmaschine Mori Seiki SM bietet Heycop auch eine Drehmaschine vom Typ SY an. Diese Maschine ist mit einer Y-Achse ausgestattet, die neben Drehbearbeitungen auch Fr\u00e4sarbeiten mit dem angetriebenen Werkzeug durchf\u00fchren kann. Dadurch kann bei Produkten, die sowohl gedreht als auch gefr\u00e4st werden, ein Bearbeitungsschritt eingespart werden. Die Verringerung der Anzahl von Bearbeitungsschritten ist kostensparend.<\/p>\n          <\/div>\n                  <div class=\"scroll-item\">\n            <img loading=\"lazy\" decoding=\"async\" width=\"624\" height=\"408\" src=\"https:\/\/www.heycop.com\/wp-content\/uploads\/2023\/08\/Doosan-Puma-TT1800SY.jpg\" class=\"w-full mb-6 block\" alt=\"\" srcset=\"https:\/\/www.heycop.com\/wp-content\/uploads\/2023\/08\/Doosan-Puma-TT1800SY.jpg 624w, https:\/\/www.heycop.com\/wp-content\/uploads\/2023\/08\/Doosan-Puma-TT1800SY-300x196.jpg 300w\" sizes=\"auto, (max-width: 624px) 100vw, 624px\" \/>            <span class=\"text-xl text-orange hover:underline font-bold mb-1 block lg:text-2xl\"> Doosan Puma TT1800SY <\/span>\n            <p>Die Doosan von Heycop ist ein Typ mit zwei Hauptspindeln und zwei Werkzeugrevolvern. Sie erm\u00f6glicht es uns, bis zu 48 Werkzeuge einzusetzen und Produkte auf zwei Seiten im gleichen Maschinenzyklus zu bearbeiten. Dar\u00fcber hinaus verf\u00fcgt die Maschine \u00fcber eine Y-Achse und einen vollautomatischen Stangenvorschub. Mit diesem Stangenlader ist Heycop in der Lage, gro\u00dfe Serien von Drehteilen schnell und effizient zu produzieren.<\/p>\n          <\/div>\n                  <\/div>\n  <\/div>\n<\/section>\n<section class=\"certificate py-8 md:py-16 lg:py-24 bg-gray-600\">\n  <div class=\"container px-4\">\n    <div class=\"flex md:space-x-12 items-center\">\n      <img loading=\"lazy\" decoding=\"async\" width=\"125\" height=\"239\" src=\"https:\/\/www.heycop.com\/wp-content\/uploads\/2023\/08\/KIWA-ISO-9001-e1693231141576.jpg\" class=\"w-full md:w-1\/4\" alt=\"\" \/>      <div class=\"pl-6 md:pl-0\">\n        <p>Mit der Kiwa-Zertifizierung nach ISO-9001 beweist Heycop, dass das Unternehmen die h\u00f6chsten Standards im Qualit\u00e4tsmanagement erf\u00fcllt. Dies bietet wertvolle Vorteile, wie z. B. die St\u00e4rkung des Vertrauens von Kunden, Partnern und anderen Beteiligten. Das Zertifikat zeigt, dass Heycop konsistente und qualitativ hochwertige Produkte und Dienstleistungen anbietet, die geltenden Vorschriften einh\u00e4lt und sich f\u00fcr die Zufriedenheit seiner Kunden einsetzt.<\/p>\n<p>Dar\u00fcber hinaus hilft die ISO-9001-Zertifizierung von Kiwa Heycop bei der Verbesserung und Optimierung der internen Prozesse. Durch die Einf\u00fchrung eines Qualit\u00e4tsmanagementsystems nach der Norm ISO-9001 k\u00f6nnen Ineffizienzen ermittelt und beseitigt werden. Dies f\u00fchrt zu Kosteneinsparungen, erh\u00f6hter Produktivit\u00e4t und verbesserter Unternehmensleistung.<\/p>\n      <\/div>\n    <\/div>\n  <\/div>\n<\/section>\n\n<section class=\"review my-8 md:my-16 lg:my-24\">\n  <div class=\"container px-4\">\n    <div class=\"relative\">\n      <div class=\"keep-in-view bg-black p-6 text-white md:absolute md:left-12 md:top-12 md:w-1\/3 md:z-30\" data-top=\"40%\">\n        <div class=\"md:text-xl\">\u201cHeycop is een ware meester in de maakindustrie, waar vakmanschap en kwaliteit samenkomen om grenzen te verleggen.\u201d<\/div>\n\n        <div class=\"mt-6 flex flex-wrap items-center\">\n          <div class=\"w-1\/5\">\n                      <\/div>\n\n          <div class=\"w-4\/5 pl-4\">\n            <span class=\"block text-white text-lg font-bold\"> John Stone <\/span>\n            <span class=\"block text-orange md:text-lg\">  <\/span>\n          <\/div>\n        <\/div>\n      <\/div>\n\n      <img loading=\"lazy\" decoding=\"async\" width=\"1500\" height=\"1000\" src=\"https:\/\/www.heycop.com\/wp-content\/uploads\/2023\/07\/bg.jpg\" class=\"clip-path-bottom w-full\" alt=\"\" srcset=\"https:\/\/www.heycop.com\/wp-content\/uploads\/2023\/07\/bg.jpg 1500w, https:\/\/www.heycop.com\/wp-content\/uploads\/2023\/07\/bg-300x200.jpg 300w, https:\/\/www.heycop.com\/wp-content\/uploads\/2023\/07\/bg-1024x683.jpg 1024w, https:\/\/www.heycop.com\/wp-content\/uploads\/2023\/07\/bg-768x512.jpg 768w\" sizes=\"auto, (max-width: 1500px) 100vw, 1500px\" \/>    <\/div>\n  <\/div>\n<\/section>\n<section class=\"contact my-8 md:my-16 lg:my-24\">\n  <div class=\"container px-4\">\n    <div class=\"flex flex-wrap\">\n      <div class=\"w-full bg-gray-700 p-6 text-white md:w-2\/3\">\n        <span class=\"text-orange text-lg font-bold mb-4 block md:text-3xl\"> Fragen? <\/span>\n        <p>Unsere Experten denken gerne mit Ihnen mit, um eine Komplettl\u00f6sung anzubieten <\/p>\n\n        <div class=\"space-y-2 my-4\">\n          <div class=\"flex flex-wrap items-center font-bold \">\n            <div class=\"w-[22px]\"> <img decoding=\"async\" src=\"https:\/\/www.heycop.com\/wp-content\/themes\/heycop\/dist\/img\/phone.svg\" class=\"mr-2\"><\/div> <a href=\"tel:+31 30 6353565\" class=\"hover:underline\" target=\"_blank\">+31 30 6353565<\/a>\n          <\/div>\n          <div class=\"flex flex-wrap items-center font-bold \">\n            <div class=\"w-[22px]\"> <img decoding=\"async\" src=\"https:\/\/www.heycop.com\/wp-content\/themes\/heycop\/dist\/img\/mail.svg\" class=\"mr-2\"><\/div> <a href=\"mailto:info@heycop.com\" class=\"hover:underline\" target=\"_blank\">info@heycop.com<\/a>\n          <\/div>\n        <\/div>\n\n        <a href=\"https:\/\/www.heycop.com\/de\/kontakt\/\" class=\"bg-orange py-4 px-8 font-bold hover:bg-orange\/70 inline-block lg:text-2xl md:mt-6\"> Kontakt aufnehmen  <\/a>\n      <\/div>\n\n      <div class=\"w-full md:w-1\/3 overflow-hidden\">\n        <img loading=\"lazy\" decoding=\"async\" width=\"500\" height=\"322\" src=\"https:\/\/www.heycop.com\/wp-content\/uploads\/2023\/10\/Contact-Heycop.webp\" class=\"max-w-[100vw] max-h-[100vh]\" alt=\"\" srcset=\"https:\/\/www.heycop.com\/wp-content\/uploads\/2023\/10\/Contact-Heycop.webp 500w, https:\/\/www.heycop.com\/wp-content\/uploads\/2023\/10\/Contact-Heycop-300x193.webp 300w\" sizes=\"auto, (max-width: 500px) 100vw, 500px\" \/>      <\/div>\n    <\/div>\n  <\/div>\n<\/section>\n","protected":false},"excerpt":{"rendered":"","protected":false},"author":1,"featured_media":0,"parent":0,"menu_order":0,"comment_status":"closed","ping_status":"closed","template":"","meta":{"_acf_changed":false,"content-type":"","footnotes":""},"class_list":["post-1842","page","type-page","status-publish","hentry"],"acf":[],"_links":{"self":[{"href":"https:\/\/www.heycop.com\/de\/wp-json\/wp\/v2\/pages\/1842","targetHints":{"allow":["GET"]}}],"collection":[{"href":"https:\/\/www.heycop.com\/de\/wp-json\/wp\/v2\/pages"}],"about":[{"href":"https:\/\/www.heycop.com\/de\/wp-json\/wp\/v2\/types\/page"}],"author":[{"embeddable":true,"href":"https:\/\/www.heycop.com\/de\/wp-json\/wp\/v2\/users\/1"}],"replies":[{"embeddable":true,"href":"https:\/\/www.heycop.com\/de\/wp-json\/wp\/v2\/comments?post=1842"}],"version-history":[{"count":1,"href":"https:\/\/www.heycop.com\/de\/wp-json\/wp\/v2\/pages\/1842\/revisions"}],"predecessor-version":[{"id":1843,"href":"https:\/\/www.heycop.com\/de\/wp-json\/wp\/v2\/pages\/1842\/revisions\/1843"}],"wp:attachment":[{"href":"https:\/\/www.heycop.com\/de\/wp-json\/wp\/v2\/media?parent=1842"}],"curies":[{"name":"wp","href":"https:\/\/api.w.org\/{rel}","templated":true}]}}