{"id":1846,"date":"2023-07-27T07:37:10","date_gmt":"2023-07-27T07:37:10","guid":{"rendered":"https:\/\/www.heycop.com\/kontakt\/"},"modified":"2024-04-03T09:32:28","modified_gmt":"2024-04-03T09:32:28","slug":"kontakt","status":"publish","type":"page","link":"https:\/\/www.heycop.com\/de\/kontakt\/","title":{"rendered":"Kontakt"},"content":{"rendered":"\n<p>Wir freuen uns \u00fcber Ihr Interesse und sind bereit, alle Ihre Fragen und Kommentare zu beantworten. Ganz gleich, ob Sie mehr \u00fcber unsere Dienstleistungen erfahren m\u00f6chten, Unterst\u00fctzung ben\u00f6tigen oder einfach nur einen Kommentar hinterlassen m\u00f6chten, wir w\u00fcrden uns freuen, von Ihnen zu h\u00f6ren. Verwenden Sie das nachstehende Formular, um uns eine Nachricht zu senden, oder kontaktieren Sie uns direkt per E-Mail oder Telefon.<\/p>\n\n<p><strong>HANDELSKAMMER:<\/strong> 30053435<br\/><strong>MEHRWERTSTEUER:<\/strong> NL003984011B01<\/p>\n","protected":false},"excerpt":{"rendered":"<p>Wir freuen uns \u00fcber Ihr Interesse und sind bereit, alle Ihre Fragen und Kommentare zu beantworten. Ganz gleich, ob Sie mehr \u00fcber unsere Dienstleistungen erfahren m\u00f6chten, Unterst\u00fctzung ben\u00f6tigen oder einfach nur einen Kommentar hinterlassen m\u00f6chten, wir w\u00fcrden uns freuen, von Ihnen zu h\u00f6ren. Verwenden Sie das nachstehende Formular, um uns eine Nachricht zu senden, oder [&hellip;]<\/p>\n","protected":false},"author":1,"featured_media":0,"parent":0,"menu_order":0,"comment_status":"closed","ping_status":"closed","template":"page-contact.php","meta":{"_acf_changed":false,"content-type":"","footnotes":""},"class_list":["post-1846","page","type-page","status-publish","hentry"],"acf":[],"_links":{"self":[{"href":"https:\/\/www.heycop.com\/de\/wp-json\/wp\/v2\/pages\/1846","targetHints":{"allow":["GET"]}}],"collection":[{"href":"https:\/\/www.heycop.com\/de\/wp-json\/wp\/v2\/pages"}],"about":[{"href":"https:\/\/www.heycop.com\/de\/wp-json\/wp\/v2\/types\/page"}],"author":[{"embeddable":true,"href":"https:\/\/www.heycop.com\/de\/wp-json\/wp\/v2\/users\/1"}],"replies":[{"embeddable":true,"href":"https:\/\/www.heycop.com\/de\/wp-json\/wp\/v2\/comments?post=1846"}],"version-history":[{"count":2,"href":"https:\/\/www.heycop.com\/de\/wp-json\/wp\/v2\/pages\/1846\/revisions"}],"predecessor-version":[{"id":2013,"href":"https:\/\/www.heycop.com\/de\/wp-json\/wp\/v2\/pages\/1846\/revisions\/2013"}],"wp:attachment":[{"href":"https:\/\/www.heycop.com\/de\/wp-json\/wp\/v2\/media?parent=1846"}],"curies":[{"name":"wp","href":"https:\/\/api.w.org\/{rel}","templated":true}]}}