{"id":2280,"date":"2024-05-22T10:08:57","date_gmt":"2024-05-22T10:08:57","guid":{"rendered":"https:\/\/www.heycop.com\/montage-auslagern-warum-dies-waehlen\/"},"modified":"2024-11-25T08:23:54","modified_gmt":"2024-11-25T08:23:54","slug":"montage-auslagern-warum-dies-waehlen","status":"publish","type":"page","link":"https:\/\/www.heycop.com\/de\/montage-auslagern-warum-dies-waehlen\/","title":{"rendered":"Montage auslagern? Warum dies w\u00e4hlen"},"content":{"rendered":"<section class=\"hero min-h-screen relative overflow-hidden flex items-center\">\n  <!-- Content -->\n  <section class=\"w-full\">\n    <div class=\"container px-4 relative z-30\">\n      <div class=\"flex flex-wrap md:items-center mt-[116px]\">\n        <div class=\"w-full md:w-1\/2 text-white md:pr-8 lg:pr-16\">\n          <h1 class=\" text-3xl leading-relaxed font-bold lg:text-5xl lg:leading-[5rem]\"> Montage auslagern? Warum das?  <\/h1>\n          \n          <div class=\"flex mt-10 space-x-6 items-center\">\n                          <a href=\"https:\/\/www.heycop.com\/contact\/\" class=\"bg-orange py-4 px-8 font-bold hover:bg-orange\/70 inline-block lg:text-2xl\"> Kontakt aufnehmen <\/a>\n                          <a href=\"#watwedoen\" class=\"bg-black py-4 px-8 font-bold hover:bg-black\/70 inline-block lg:text-2xl\"> Was wir tun <\/a>\n                      <\/div>\n        <\/div>\n\n        <div class=\"w-full mt-10 relative md:w-1\/2 md:mt-0 md:max-h-[80vh] overflow-hidden\">\n                      <img loading=\"lazy\" decoding=\"async\" width=\"752\" height=\"752\" src=\"https:\/\/www.heycop.com\/wp-content\/uploads\/2023\/08\/Heycop-Assemblage-header-klein.webp\" class=\"w-full clip-path\" alt=\"\" srcset=\"https:\/\/www.heycop.com\/wp-content\/uploads\/2023\/08\/Heycop-Assemblage-header-klein.webp 752w, https:\/\/www.heycop.com\/wp-content\/uploads\/2023\/08\/Heycop-Assemblage-header-klein-300x300.webp 300w, https:\/\/www.heycop.com\/wp-content\/uploads\/2023\/08\/Heycop-Assemblage-header-klein-150x150.webp 150w, https:\/\/www.heycop.com\/wp-content\/uploads\/2023\/08\/Heycop-Assemblage-header-klein-70x70.webp 70w\" sizes=\"auto, (max-width: 752px) 100vw, 752px\" \/>                    <div class=\"line-slide-in-out right-to-left h-1 w-1\/2 absolute z-20 top-14 right-0\" style=\"background:#148296\"> <\/div>\n        <\/div>\n      <\/div>\n    <\/div>\n  <\/section>\n\n        <\/section>\n<section id=\"watwedoen\" class=\"why bg-white pt-8 md:pt-16 lg:pt-24\">\n  <div class=\"container px-4\">\n    <h2 class=\"text-orange text-3xl font-bold text-center lg:text-6xl\"> Eine Auswahl unserer vertrauten Kunden <\/h2>\n  <\/div>\n\n  <div class=\"grid grid-cols-2 gap-4 mt-6 md:grid-cols-4 lg:mt-24 justify-center\">\n                  <img decoding=\"async\" src=\"https:\/\/www.heycop.com\/wp-content\/uploads\/2023\/09\/Husqvarna.svg\" class=\"mx-auto max-h-4 lg:max-h-8 w-full\" alt=\"\" \/>              <img decoding=\"async\" src=\"https:\/\/www.heycop.com\/wp-content\/uploads\/2023\/07\/Heineken.svg\" class=\"mx-auto max-h-4 lg:max-h-8 w-full\" alt=\"\" \/>              <img decoding=\"async\" src=\"https:\/\/www.heycop.com\/wp-content\/uploads\/2023\/08\/Yanmar.svg\" class=\"mx-auto max-h-4 lg:max-h-8 w-full\" alt=\"\" \/>              <img decoding=\"async\" src=\"https:\/\/www.heycop.com\/wp-content\/uploads\/2023\/08\/Siemens.svg\" class=\"mx-auto max-h-4 lg:max-h-8 w-full\" alt=\"\" \/>            <\/div>\n\n\n  <div class=\"flex relative z-20 w-full flex-wrap mt-10 md:mt-24\">\n    <div class=\"w-full\">\n      <div class=\"container px-4 flex flex-wrap\">\n        <div class=\"relative w-full  md:w-5\/12 h-fit \">\n\n                                    <img loading=\"lazy\" decoding=\"async\" width=\"515\" height=\"754\" src=\"https:\/\/www.heycop.com\/wp-content\/uploads\/2023\/08\/Heycop-Assemblage-Langwerpig.webp\" class=\"clip-path-bottom w-full\" alt=\"\" srcset=\"https:\/\/www.heycop.com\/wp-content\/uploads\/2023\/08\/Heycop-Assemblage-Langwerpig.webp 515w, https:\/\/www.heycop.com\/wp-content\/uploads\/2023\/08\/Heycop-Assemblage-Langwerpig-205x300.webp 205w\" sizes=\"auto, (max-width: 515px) 100vw, 515px\" \/>              <div class=\"line-slide-in-out left-to-right h-1 bg-orange w-1\/2 absolute z-20 bottom-14 left-0\"> <\/div>\n            \n                  <\/div>\n\n        <div class=\"mt-10 w-full md:mt-0 md:w-7\/12 md:pl-8 lg:pl-16 \">\n          <div class=\"grid grid-cols-1 gap-y-6 pb-6 md:grid-cols-2 md:gap-4\">\n                                          <div class=\"text-center md:text-left\">\n                  <video class=\"mx-auto md:ml-0 w-20\" autoplay muted playsinline loop>\n                    <source src=\"https:\/\/www.heycop.com\/wp-content\/uploads\/2023\/09\/Klein-serie.mp4\" type=\"video\/mp4\" \/>\n                    Your browser does not support the video tag.\n                  <\/video>\n\n                  <h3 class=\"text-black font-bold text-lg mt-2 md:mt-4 lg:text-xl\"> Allesk\u00f6nner <\/h3>\n                  <span class=\"block mt-0.5 w-1\/2 mx-auto md:w-full\"><br> Wir liefern unterschiedliche Baugruppen, von einfach bis komplex.<\/span>\n                <\/div>\n                              <div class=\"text-center md:text-left\">\n                  <video class=\"mx-auto md:ml-0 w-20\" autoplay muted playsinline loop>\n                    <source src=\"https:\/\/www.heycop.com\/wp-content\/uploads\/2023\/09\/Snelle-doorlooptijd.mp4\" type=\"video\/mp4\" \/>\n                    Your browser does not support the video tag.\n                  <\/video>\n\n                  <h3 class=\"text-black font-bold text-lg mt-2 md:mt-4 lg:text-xl\"> Effiziente <\/h3>\n                  <span class=\"block mt-0.5 w-1\/2 mx-auto md:w-full\"><br> Effizienter Montageprozess dank Erfahrung und engagiertem Personal.<\/span>\n                <\/div>\n                              <div class=\"text-center md:text-left\">\n                  <video class=\"mx-auto md:ml-0 w-20\" autoplay muted playsinline loop>\n                    <source src=\"https:\/\/www.heycop.com\/wp-content\/uploads\/2023\/09\/Maatwerk.mp4\" type=\"video\/mp4\" \/>\n                    Your browser does not support the video tag.\n                  <\/video>\n\n                  <h3 class=\"text-black font-bold text-lg mt-2 md:mt-4 lg:text-xl\"> Ma\u00dfgeschneidert <\/h3>\n                  <span class=\"block mt-0.5 w-1\/2 mx-auto md:w-full\"><br> Ma\u00dfgeschneiderter Prozess f\u00fcr Ihre Produktanforderungen.<\/span>\n                <\/div>\n                              <div class=\"text-center md:text-left\">\n                  <video class=\"mx-auto md:ml-0 w-20\" autoplay muted playsinline loop>\n                    <source src=\"https:\/\/www.heycop.com\/wp-content\/uploads\/2023\/09\/Totaalpartner.mp4\" type=\"video\/mp4\" \/>\n                    Your browser does not support the video tag.\n                  <\/video>\n\n                  <h3 class=\"text-black font-bold text-lg mt-2 md:mt-4 lg:text-xl\"> Partner insgesamt <\/h3>\n                  <span class=\"block mt-0.5 w-1\/2 mx-auto md:w-full\"><br> Wir bieten auch Logistik- und Inventarl\u00f6sungen an. <\/span>\n                <\/div>\n                                    <\/div>\n\n          <div class=\"bg-white py-6 -mx-4 md:bg-transparent md:pb-0\">\n            <div class=\"container px-4\">\n              <h2 class=\"font-bold text-3xl mb-1 lg:text-6xl lg:mb-4\">  <\/h2>\n              <div><p>Immer mehr Fertigungsunternehmen entscheiden sich daf\u00fcr, die Montage auszulagern. Der Grund daf\u00fcr ist, dass die Montage spezielle Fachkenntnisse und Ressourcen erfordert, die im eigenen Haus nicht immer verf\u00fcgbar sind. Kennen Sie das auch? Wenn Sie diesen Schritt im Produktionsprozess auslagern, k\u00f6nnen Sie sich voll und ganz auf Ihre Kernaktivit\u00e4ten und Wachstumsstrategien konzentrieren.     <em>In diesem Artikel erfahren Sie alles \u00fcber die Vorteile des auslagern der Montage an die Spezialisten von Heycop.<\/em><\/p>\n<\/div>\n\n                              <a href=\"https:\/\/www.heycop.com\/contact\/\" class=\"bg-orange text-white py-4 px-8 font-bold hover:bg-orange\/70 inline-block lg:text-2xl block mt-4\"> Kontakt aufnehmen <\/a>\n                          <\/div>\n          <\/div>\n        <\/div>\n      <\/div>\n    <\/div>\n  <\/div>\n\n  <div class=\"slide-into-view relative z-10 w-full pb-8 md:pb-16 lg:pb-24\" data-amount=\"200\">\n    <div class=\"container px-4 clear-both\">\n      <div class=\"flex justify-between md:w-5\/12 lg:mt-12 \">\n        <div class=\"\">\n          <span class=\" block text-4xl font-bold lg:text-7xl\"> 120 <span class=\"text-orange\"> + <\/span> <\/span>\n          <span class=\"text-gray font-bold block -mt-1 lg:text-2xl\"> Kunden <\/span>\n        <\/div>\n\n        <div class=\"\">\n          <span class=\"block text-4xl font-bold lg:text-7xl\"> 2000 <span class=\"text-orange\"> + <\/span> <\/span>\n          <span class=\"text-gray font-bold block -mt-1 lg:text-2xl\"> Produkte <\/span>\n        <\/div>\n      <\/div>\n    <\/div>\n  <\/div>\n<\/section>\n<section class=\"four-blocks py-8 md:py-16 lg:py-24\">\n  <div class=\"container scroll-container px-4\">\n    <div class=\"flex grid-cols-1 mt-8 gap-4 md:gap-8 md:grid-cols-4 md:min-w-fit md:w-fit\">\n      <div class=\"scroll-item\">\n        <h2 class=\"font-bold text-3xl mb-1 lg:text-6xl lg:mb-4\">Die Vorteile der Auslagerung der Montage an Heycop<\/h2>\n        <p>Sie k\u00f6nnen sich nicht nur voll und ganz auf die Entwicklung Ihrer Produkte konzentrieren, die Auslagerung der Montage an die Spezialisten von Heycop bringt noch weitere Vorteile mit sich:<\/p>\n      <\/div>\n\n                        <div class=\"scroll-item\">\n              <div class=\"bg-gray-600 p-4 md:p-8\">\n                <h3 class=\"font-bold text-lg mt-2 md:mt-4 lg:text-xl\"> Kosteneinsparungen <\/h3>\n                <span class=\"block mt-0.5 text-gray-700\">Als externes Montageunternehmen arbeitet Heycop effizienter und profitiert von Skaleneffekten, was zu niedrigeren Kosten f\u00fcr Arbeit, Material und Gemeinkosten f\u00fchrt.<\/span>\n              <\/div>\n          <\/div>\n                  <div class=\"scroll-item\">\n              <div class=\"bg-gray-600 p-4 md:p-8\">\n                <h3 class=\"font-bold text-lg mt-2 md:mt-4 lg:text-xl\"> Zugang zu spezialisiertem Fachwissen <\/h3>\n                <span class=\"block mt-0.5 text-gray-700\">Heycop verf\u00fcgt \u00fcber langj\u00e4hrige Erfahrung und fundiertes Fachwissen in der Fertigung und Montage. Wenn Sie mit unseren Experten zusammenarbeiten, profitieren Sie von innovativen L\u00f6sungen und hochwertigen Endprodukten. <\/span>\n              <\/div>\n          <\/div>\n                  <div class=\"scroll-item\">\n              <div class=\"bg-gray-600 p-4 md:p-8\">\n                <h3 class=\"font-bold text-lg mt-2 md:mt-4 lg:text-xl\"> Flexibilit\u00e4t und Skalierbarkeit <\/h3>\n                <span class=\"block mt-0.5 text-gray-700\">Die Spezialisten von Heycop reagieren schnell auf wechselnde Produktionsanforderungen und variable Nachfrage. Das gibt Ihnen die Flexibilit\u00e4t, die Produktionskapazit\u00e4t ohne gro\u00dfe Investitionen in Ausr\u00fcstung oder Personal zu erh\u00f6hen oder zu verringern. <\/span>\n              <\/div>\n          <\/div>\n                  <div class=\"scroll-item\">\n              <div class=\"bg-gray-600 p-4 md:p-8\">\n                <h3 class=\"font-bold text-lg mt-2 md:mt-4 lg:text-xl\"> Qualit\u00e4t und Konsistenz <\/h3>\n                <span class=\"block mt-0.5 text-gray-700\">Indem Sie die Montage an Heycop-Spezialisten auslagern, die sich auf Qualit\u00e4tsmanagement und Prozessverbesserung konzentrieren, liefern Sie Ihren Kunden konstant hochwertige Produkte.<\/span>\n              <\/div>\n          <\/div>\n                  <\/div>\n\n  <\/div>\n<\/section>\n<section class=\"content py-8 md:py-16 lg:py-24\">\n  <div class=\"container px-4\">\n    <div class=\"lg:w-3\/4\">\n      <h2>Warum die Montage an Heycop auslagern?<\/h2>\n<p>  Unser Auftrag ist klar: Wir entwickeln und montieren Produkte von h\u00f6chster Qualit\u00e4t. Ganz gleich, ob es sich um Ideen, Skizzen oder endg\u00fcltige Zeichnungen handelt, wir streben ein Endprodukt an, das die Bed\u00fcrfnisse Ihrer Kunden perfekt erf\u00fcllt. Dank unserer eigenen Produktionsst\u00e4tte f\u00fchren wir viele Arbeitsschritte selbst aus, w\u00e4hrend wir bei anderen Prozessen mit renommierten Partnern zusammenarbeiten. Bei Heycop bleiben wir immer f\u00fcr den gesamten Prozess verantwortlich, den Kunden an uns auslagern. Wir setzen alle Hebel in Bewegung, um eine erfolgreiche Zusammenarbeit und hochwertige Endprodukte zu gew\u00e4hrleisten.      <\/p>\n<h2>M\u00f6chten Sie mehr \u00fcber unseren Ansatz erfahren?<\/h2>\n<p>  Was bringt Ihnen das Outsourcing von Montagearbeiten bei Heycop? Niedrigere Kosten, optimale Kapazit\u00e4tsanpassung, effizientere Produktion und Zugang zu spezialisiertem Fachwissen. So k\u00f6nnen Sie sich voll und ganz auf Ihre Kernaktivit\u00e4ten und das Wachstum Ihres Unternehmens konzentrieren. M\u00f6chten Sie mehr \u00fcber das Outsourcing von Montagearbeiten bei Heycop erfahren?   <\/p>\n\n              <a href=\"https:\/\/www.heycop.com\/contact\/\" class=\"bg-orange py-4 px-8 font-bold hover:bg-orange\/70 inline-block lg:text-2xl !text-white\"> Kontakt aufnehmen <\/a>\n          <\/div>\n  <\/div>\n<\/section>\n<section class=\"contact my-8 md:my-16 lg:my-24\">\n  <div class=\"container px-4\">\n    <div class=\"flex flex-wrap\">\n      <div class=\"w-full bg-gray-700 p-6 text-white md:w-2\/3\">\n        <span class=\"text-orange text-lg font-bold mb-4 block md:text-3xl\"> Fragen? <\/span>\n        <p>Unsere Experten denken gerne mit Ihnen mit, um eine Komplettl\u00f6sung anzubieten <\/p>\n\n        <div class=\"space-y-2 my-4\">\n          <div class=\"flex flex-wrap items-center font-bold \">\n            <div class=\"w-[22px]\"> <img decoding=\"async\" src=\"https:\/\/www.heycop.com\/wp-content\/themes\/heycop\/dist\/img\/phone.svg\" class=\"mr-2\"><\/div> <a href=\"tel:+31 30 6353565\" class=\"hover:underline\" target=\"_blank\">+31 30 6353565<\/a>\n          <\/div>\n          <div class=\"flex flex-wrap items-center font-bold \">\n            <div class=\"w-[22px]\"> <img decoding=\"async\" src=\"https:\/\/www.heycop.com\/wp-content\/themes\/heycop\/dist\/img\/mail.svg\" class=\"mr-2\"><\/div> <a href=\"mailto:info@heycop.com\" class=\"hover:underline\" target=\"_blank\">info@heycop.com<\/a>\n          <\/div>\n        <\/div>\n\n        <a href=\"https:\/\/www.heycop.com\/de\/kontakt\/\" class=\"bg-orange py-4 px-8 font-bold hover:bg-orange\/70 inline-block lg:text-2xl md:mt-6\"> Kontakt aufnehmen  <\/a>\n      <\/div>\n\n      <div class=\"w-full md:w-1\/3 overflow-hidden\">\n        <img loading=\"lazy\" decoding=\"async\" width=\"500\" height=\"322\" src=\"https:\/\/www.heycop.com\/wp-content\/uploads\/2023\/10\/Contact-Heycop.webp\" class=\"max-w-[100vw] max-h-[100vh]\" alt=\"\" srcset=\"https:\/\/www.heycop.com\/wp-content\/uploads\/2023\/10\/Contact-Heycop.webp 500w, https:\/\/www.heycop.com\/wp-content\/uploads\/2023\/10\/Contact-Heycop-300x193.webp 300w\" sizes=\"auto, (max-width: 500px) 100vw, 500px\" \/>      <\/div>\n    <\/div>\n  <\/div>\n<\/section>\n","protected":false},"excerpt":{"rendered":"","protected":false},"author":2,"featured_media":1671,"parent":0,"menu_order":0,"comment_status":"closed","ping_status":"closed","template":"","meta":{"_acf_changed":false,"content-type":"","footnotes":""},"class_list":["post-2280","page","type-page","status-publish","has-post-thumbnail","hentry"],"acf":[],"_links":{"self":[{"href":"https:\/\/www.heycop.com\/de\/wp-json\/wp\/v2\/pages\/2280","targetHints":{"allow":["GET"]}}],"collection":[{"href":"https:\/\/www.heycop.com\/de\/wp-json\/wp\/v2\/pages"}],"about":[{"href":"https:\/\/www.heycop.com\/de\/wp-json\/wp\/v2\/types\/page"}],"author":[{"embeddable":true,"href":"https:\/\/www.heycop.com\/de\/wp-json\/wp\/v2\/users\/2"}],"replies":[{"embeddable":true,"href":"https:\/\/www.heycop.com\/de\/wp-json\/wp\/v2\/comments?post=2280"}],"version-history":[{"count":1,"href":"https:\/\/www.heycop.com\/de\/wp-json\/wp\/v2\/pages\/2280\/revisions"}],"predecessor-version":[{"id":2281,"href":"https:\/\/www.heycop.com\/de\/wp-json\/wp\/v2\/pages\/2280\/revisions\/2281"}],"wp:featuredmedia":[{"embeddable":true,"href":"https:\/\/www.heycop.com\/de\/wp-json\/wp\/v2\/media\/1671"}],"wp:attachment":[{"href":"https:\/\/www.heycop.com\/de\/wp-json\/wp\/v2\/media?parent=2280"}],"curies":[{"name":"wp","href":"https:\/\/api.w.org\/{rel}","templated":true}]}}