{"id":2304,"date":"2024-07-11T10:25:06","date_gmt":"2024-07-11T10:25:06","guid":{"rendered":"https:\/\/www.heycop.com\/maschinenbau-utrecht-entdecken-sie-was-heycop-zu-bieten-hat\/"},"modified":"2024-12-10T14:50:24","modified_gmt":"2024-12-10T14:50:24","slug":"maschinenbau-utrecht-entdecken-sie-was-heycop-zu-bieten-hat","status":"publish","type":"page","link":"https:\/\/www.heycop.com\/de\/maschinenbau-utrecht-entdecken-sie-was-heycop-zu-bieten-hat\/","title":{"rendered":"Maschinenbau Utrecht: Entdecken Sie, was Heycop zu bieten hat"},"content":{"rendered":"<section class=\"hero min-h-screen relative overflow-hidden flex items-center\">\n  <!-- Content -->\n  <section class=\"w-full\">\n    <div class=\"container px-4 relative z-30\">\n      <div class=\"flex flex-wrap md:items-center mt-[116px]\">\n        <div class=\"w-full md:w-1\/2 text-white md:pr-8 lg:pr-16\">\n          <h1 class=\" text-3xl leading-relaxed font-bold lg:text-5xl lg:leading-[5rem]\"> Maschinenbau Utrecht: Entdecken Sie, was Heycop zu bieten hat   <\/h1>\n          \n          <div class=\"flex mt-10 space-x-6 items-center\">\n                          <a href=\"https:\/\/www.heycop.com\/de\/kontakt\" class=\"bg-orange py-4 px-8 font-bold hover:bg-orange\/70 inline-block lg:text-2xl\"> Kontakt aufnehmen <\/a>\n                          <a href=\"#watwedoen\" class=\"bg-black py-4 px-8 font-bold hover:bg-black\/70 inline-block lg:text-2xl\"> Was wir tun <\/a>\n                      <\/div>\n        <\/div>\n\n        <div class=\"w-full mt-10 relative md:w-1\/2 md:mt-0 md:max-h-[80vh] overflow-hidden\">\n                      <img loading=\"lazy\" decoding=\"async\" width=\"752\" height=\"752\" src=\"https:\/\/www.heycop.com\/wp-content\/uploads\/2023\/08\/Heycop-Assemblage-header-klein.webp\" class=\"w-full clip-path\" alt=\"\" srcset=\"https:\/\/www.heycop.com\/wp-content\/uploads\/2023\/08\/Heycop-Assemblage-header-klein.webp 752w, https:\/\/www.heycop.com\/wp-content\/uploads\/2023\/08\/Heycop-Assemblage-header-klein-300x300.webp 300w, https:\/\/www.heycop.com\/wp-content\/uploads\/2023\/08\/Heycop-Assemblage-header-klein-150x150.webp 150w, https:\/\/www.heycop.com\/wp-content\/uploads\/2023\/08\/Heycop-Assemblage-header-klein-70x70.webp 70w\" sizes=\"auto, (max-width: 752px) 100vw, 752px\" \/>                    <div class=\"line-slide-in-out right-to-left h-1 w-1\/2 absolute z-20 top-14 right-0\" style=\"background:#148296\"> <\/div>\n        <\/div>\n      <\/div>\n    <\/div>\n  <\/section>\n\n      <img loading=\"lazy\" decoding=\"async\" width=\"1920\" height=\"920\" src=\"https:\/\/www.heycop.com\/wp-content\/uploads\/2024\/06\/Heycop_Assemblage_Hero.jpg\" class=\"absolute z-10 w-auto min-w-full min-h-full max-w-none top-0\" alt=\"Heycop_Assemblage\" srcset=\"https:\/\/www.heycop.com\/wp-content\/uploads\/2024\/06\/Heycop_Assemblage_Hero.jpg 1920w, https:\/\/www.heycop.com\/wp-content\/uploads\/2024\/06\/Heycop_Assemblage_Hero-300x144.jpg 300w, https:\/\/www.heycop.com\/wp-content\/uploads\/2024\/06\/Heycop_Assemblage_Hero-1024x491.jpg 1024w, https:\/\/www.heycop.com\/wp-content\/uploads\/2024\/06\/Heycop_Assemblage_Hero-768x368.jpg 768w, https:\/\/www.heycop.com\/wp-content\/uploads\/2024\/06\/Heycop_Assemblage_Hero-1536x736.jpg 1536w\" sizes=\"auto, (max-width: 1920px) 100vw, 1920px\" \/>  <\/section>\n\n\n<section id=\"watwedoen\" class=\"why bg-white pt-8 md:pt-16 lg:pt-24\">\n  <div class=\"container px-4\">\n    <h2 class=\"text-orange text-3xl font-bold text-center lg:text-6xl\"> Eine Auswahl unserer vertrauten Kunden <\/h2>\n  <\/div>\n\n  <div class=\"grid grid-cols-2 gap-4 mt-6 md:grid-cols-4 lg:mt-24 justify-center\">\n                  <img decoding=\"async\" src=\"https:\/\/www.heycop.com\/wp-content\/uploads\/2023\/09\/Husqvarna.svg\" class=\"mx-auto max-h-4 lg:max-h-8 w-full\" alt=\"\" \/>              <img decoding=\"async\" src=\"https:\/\/www.heycop.com\/wp-content\/uploads\/2023\/07\/Heineken.svg\" class=\"mx-auto max-h-4 lg:max-h-8 w-full\" alt=\"\" \/>              <img decoding=\"async\" src=\"https:\/\/www.heycop.com\/wp-content\/uploads\/2023\/08\/Yanmar.svg\" class=\"mx-auto max-h-4 lg:max-h-8 w-full\" alt=\"\" \/>              <img decoding=\"async\" src=\"https:\/\/www.heycop.com\/wp-content\/uploads\/2023\/08\/Siemens.svg\" class=\"mx-auto max-h-4 lg:max-h-8 w-full\" alt=\"\" \/>            <\/div>\n\n\n  <div class=\"flex relative z-20 w-full flex-wrap mt-10 md:mt-24\">\n    <div class=\"w-full\">\n      <div class=\"container px-4 flex flex-wrap\">\n        <div class=\"relative w-full  md:w-5\/12 h-fit \">\n\n                                    <img loading=\"lazy\" decoding=\"async\" width=\"515\" height=\"754\" src=\"https:\/\/www.heycop.com\/wp-content\/uploads\/2023\/08\/Heycop-Assemblage-Langwerpig.webp\" class=\"clip-path-bottom w-full\" alt=\"\" srcset=\"https:\/\/www.heycop.com\/wp-content\/uploads\/2023\/08\/Heycop-Assemblage-Langwerpig.webp 515w, https:\/\/www.heycop.com\/wp-content\/uploads\/2023\/08\/Heycop-Assemblage-Langwerpig-205x300.webp 205w\" sizes=\"auto, (max-width: 515px) 100vw, 515px\" \/>              <div class=\"line-slide-in-out left-to-right h-1 bg-orange w-1\/2 absolute z-20 bottom-14 left-0\"> <\/div>\n            \n                  <\/div>\n\n        <div class=\"mt-10 w-full md:mt-0 md:w-7\/12 md:pl-8 lg:pl-16 \">\n          <div class=\"grid grid-cols-1 gap-y-6 pb-6 md:grid-cols-2 md:gap-4\">\n                                          <div class=\"text-center md:text-left\">\n                  <video class=\"mx-auto md:ml-0 w-20\" autoplay muted playsinline loop>\n                    <source src=\"https:\/\/www.heycop.com\/wp-content\/uploads\/2023\/09\/Klein-serie.mp4\" type=\"video\/mp4\" \/>\n                    Your browser does not support the video tag.\n                  <\/video>\n\n                  <h3 class=\"text-black font-bold text-lg mt-2 md:mt-4 lg:text-xl\"> Allesk\u00f6nner <\/h3>\n                  <span class=\"block mt-0.5 w-1\/2 mx-auto md:w-full\"><br> Wir liefern unterschiedliche Baugruppen, von einfach bis komplex.<\/span>\n                <\/div>\n                              <div class=\"text-center md:text-left\">\n                  <video class=\"mx-auto md:ml-0 w-20\" autoplay muted playsinline loop>\n                    <source src=\"https:\/\/www.heycop.com\/wp-content\/uploads\/2023\/09\/Snelle-doorlooptijd.mp4\" type=\"video\/mp4\" \/>\n                    Your browser does not support the video tag.\n                  <\/video>\n\n                  <h3 class=\"text-black font-bold text-lg mt-2 md:mt-4 lg:text-xl\"> Effiziente <\/h3>\n                  <span class=\"block mt-0.5 w-1\/2 mx-auto md:w-full\"><br> Effizienter Montageprozess dank Erfahrung und engagiertem Personal.<\/span>\n                <\/div>\n                              <div class=\"text-center md:text-left\">\n                  <video class=\"mx-auto md:ml-0 w-20\" autoplay muted playsinline loop>\n                    <source src=\"https:\/\/www.heycop.com\/wp-content\/uploads\/2023\/09\/Maatwerk.mp4\" type=\"video\/mp4\" \/>\n                    Your browser does not support the video tag.\n                  <\/video>\n\n                  <h3 class=\"text-black font-bold text-lg mt-2 md:mt-4 lg:text-xl\"> Ma\u00dfgeschneidert <\/h3>\n                  <span class=\"block mt-0.5 w-1\/2 mx-auto md:w-full\"><br> Ma\u00dfgeschneiderter Prozess f\u00fcr Ihre Produktanforderungen.<\/span>\n                <\/div>\n                              <div class=\"text-center md:text-left\">\n                  <video class=\"mx-auto md:ml-0 w-20\" autoplay muted playsinline loop>\n                    <source src=\"https:\/\/www.heycop.com\/wp-content\/uploads\/2023\/09\/Totaalpartner.mp4\" type=\"video\/mp4\" \/>\n                    Your browser does not support the video tag.\n                  <\/video>\n\n                  <h3 class=\"text-black font-bold text-lg mt-2 md:mt-4 lg:text-xl\"> Partner insgesamt <\/h3>\n                  <span class=\"block mt-0.5 w-1\/2 mx-auto md:w-full\"><br> Wir bieten auch Logistik- und Inventarl\u00f6sungen an. <\/span>\n                <\/div>\n                                    <\/div>\n\n          <div class=\"bg-white py-6 -mx-4 md:bg-transparent md:pb-0\">\n            <div class=\"container px-4\">\n              <h2 class=\"font-bold text-3xl mb-1 lg:text-6xl lg:mb-4\">  <\/h2>\n              <div><p>Mit jahrzehntelanger Erfahrung im Maschinenbau verf\u00fcgen wir \u00fcber alle notwendigen Kenntnisse und F\u00e4higkeiten, um komplexe Teile herzustellen und zu montieren. Durch den Einsatz fortschrittlicher Technologien und hochwertiger Materialien sorgen wir daf\u00fcr, dass jedes Teil genau Ihren Vorgaben entspricht. Sind Sie auf der Suche nach dem Spezialisten f\u00fcr Maschinenbau in der Region Utrecht?    <em>In diesem Artikel erfahren Sie, was wir f\u00fcr Sie tun k\u00f6nnen.<\/em><\/p>\n<\/div>\n\n                              <a href=\"https:\/\/www.heycop.com\/de\/kontakt\" class=\"bg-orange text-white py-4 px-8 font-bold hover:bg-orange\/70 inline-block lg:text-2xl block mt-4\"> Kontakt aufnehmen <\/a>\n                          <\/div>\n          <\/div>\n        <\/div>\n      <\/div>\n    <\/div>\n  <\/div>\n\n  <div class=\"slide-into-view relative z-10 w-full pb-8 md:pb-16 lg:pb-24\" data-amount=\"200\">\n    <div class=\"container px-4 clear-both\">\n      <div class=\"flex justify-between md:w-5\/12 lg:mt-12 \">\n        <div class=\"\">\n          <span class=\" block text-4xl font-bold lg:text-7xl\"> 120 <span class=\"text-orange\"> + <\/span> <\/span>\n          <span class=\"text-gray font-bold block -mt-1 lg:text-2xl\"> Kunden <\/span>\n        <\/div>\n\n        <div class=\"\">\n          <span class=\"block text-4xl font-bold lg:text-7xl\"> 2000 <span class=\"text-orange\"> + <\/span> <\/span>\n          <span class=\"text-gray font-bold block -mt-1 lg:text-2xl\"> Produkte <\/span>\n        <\/div>\n      <\/div>\n    <\/div>\n  <\/div>\n<\/section>\n\n\n<section class=\"content py-8 md:py-16 lg:py-24\">\n  <div class=\"container px-4\">\n    <div class=\"lg:w-3\/4\">\n      <h2>Montage von Maschinenteilen<\/h2>\n<p>  Wir bieten eine breite Palette von Dienstleistungen im Bereich Maschinenbau in Utrecht an.  <\/p>\n<ul>\n<li><strong>Herstellung von hochwertigen Maschinenteilen.<\/strong>  Wir montieren hochwertige Maschinenteile, die f\u00fcr verschiedene industrielle Anwendungen weltweit unerl\u00e4sslich sind;<\/li>\n<li><strong>Teile in jeder Gr\u00f6\u00dfe.<\/strong>  Wir bieten L\u00f6sungen sowohl f\u00fcr kleine Pr\u00e4zisionsteile als auch f\u00fcr gro\u00dfe, komplexe Systeme, die auf die individuellen Anforderungen jedes Kunden zugeschnitten sind;<\/li>\n<li><strong>Enge Zusammenarbeit.<\/strong>  Durch die enge Zusammenarbeit mit unseren Kunden w\u00e4hrend des gesamten Produktionsprozesses, vom Entwurf bis zur Auslieferung, garantieren wir ein Endprodukt, das alle Ihre Anforderungen erf\u00fcllt.<\/li>\n<\/ul>\n\n          <\/div>\n  <\/div>\n<\/section>\n\n\n<section class=\"slider relative z-20 bg-white\">\n  <div class=\"container px-4\">\n    <div class=\"relative\">\n      <div class=\"simple-slider\" data-slider-options='{\"gutter\": 32}'>\n\n                              <img loading=\"lazy\" decoding=\"async\" width=\"591\" height=\"379\" src=\"https:\/\/www.heycop.com\/wp-content\/uploads\/2023\/08\/Heycop-Assemblage-slider-5.webp\" class=\"w-full\" alt=\"\" srcset=\"https:\/\/www.heycop.com\/wp-content\/uploads\/2023\/08\/Heycop-Assemblage-slider-5.webp 591w, https:\/\/www.heycop.com\/wp-content\/uploads\/2023\/08\/Heycop-Assemblage-slider-5-300x192.webp 300w\" sizes=\"auto, (max-width: 591px) 100vw, 591px\" \/>                      <img loading=\"lazy\" decoding=\"async\" width=\"591\" height=\"379\" src=\"https:\/\/www.heycop.com\/wp-content\/uploads\/2023\/08\/Heycop-Assemblage-slider-4.webp\" class=\"w-full\" alt=\"\" srcset=\"https:\/\/www.heycop.com\/wp-content\/uploads\/2023\/08\/Heycop-Assemblage-slider-4.webp 591w, https:\/\/www.heycop.com\/wp-content\/uploads\/2023\/08\/Heycop-Assemblage-slider-4-300x192.webp 300w\" sizes=\"auto, (max-width: 591px) 100vw, 591px\" \/>                      <img loading=\"lazy\" decoding=\"async\" width=\"591\" height=\"379\" src=\"https:\/\/www.heycop.com\/wp-content\/uploads\/2023\/08\/Heycop-Assemblage-slider-6.webp\" class=\"w-full\" alt=\"\" srcset=\"https:\/\/www.heycop.com\/wp-content\/uploads\/2023\/08\/Heycop-Assemblage-slider-6.webp 591w, https:\/\/www.heycop.com\/wp-content\/uploads\/2023\/08\/Heycop-Assemblage-slider-6-300x192.webp 300w\" sizes=\"auto, (max-width: 591px) 100vw, 591px\" \/>                      <img loading=\"lazy\" decoding=\"async\" width=\"591\" height=\"379\" src=\"https:\/\/www.heycop.com\/wp-content\/uploads\/2023\/08\/Heycop-Assemblage-slider-3.webp\" class=\"w-full\" alt=\"\" srcset=\"https:\/\/www.heycop.com\/wp-content\/uploads\/2023\/08\/Heycop-Assemblage-slider-3.webp 591w, https:\/\/www.heycop.com\/wp-content\/uploads\/2023\/08\/Heycop-Assemblage-slider-3-300x192.webp 300w\" sizes=\"auto, (max-width: 591px) 100vw, 591px\" \/>                      <img loading=\"lazy\" decoding=\"async\" width=\"591\" height=\"379\" src=\"https:\/\/www.heycop.com\/wp-content\/uploads\/2023\/08\/Heycop-Assemblage-slider-2.webp\" class=\"w-full\" alt=\"\" srcset=\"https:\/\/www.heycop.com\/wp-content\/uploads\/2023\/08\/Heycop-Assemblage-slider-2.webp 591w, https:\/\/www.heycop.com\/wp-content\/uploads\/2023\/08\/Heycop-Assemblage-slider-2-300x192.webp 300w\" sizes=\"auto, (max-width: 591px) 100vw, 591px\" \/>                      <img loading=\"lazy\" decoding=\"async\" width=\"591\" height=\"379\" src=\"https:\/\/www.heycop.com\/wp-content\/uploads\/2023\/08\/Heycop-Assemblage-slider-1.webp\" class=\"w-full\" alt=\"\" srcset=\"https:\/\/www.heycop.com\/wp-content\/uploads\/2023\/08\/Heycop-Assemblage-slider-1.webp 591w, https:\/\/www.heycop.com\/wp-content\/uploads\/2023\/08\/Heycop-Assemblage-slider-1-300x192.webp 300w\" sizes=\"auto, (max-width: 591px) 100vw, 591px\" \/>                        <\/div>\n      <div class=\"controlsContainer\">\n        <img decoding=\"async\" src=\"https:\/\/www.heycop.com\/wp-content\/themes\/heycop\/dist\/img\/chevron.svg\" class=\"prev-button -scale-x-100 absolute top-1\/2  transform -translate-y-1\/2 left-2 md:w-4 hover:cursor-pointer\">\n        <img decoding=\"async\" src=\"https:\/\/www.heycop.com\/wp-content\/themes\/heycop\/dist\/img\/chevron.svg\" class=\"next-button absolute top-1\/2  transform -translate-y-1\/2 right-2 md:w-4 hover:cursor-pointer\">\n      <\/div>\n    <\/div>\n\n    <div class=\"clear-both\">\n      <img decoding=\"async\" src=\"https:\/\/www.heycop.com\/wp-content\/themes\/heycop\/dist\/img\/swipe.svg\" class=\" float-right md:w-8\">\n    <\/div>\n  <\/div>\n<\/section>\n\n  <section class=\"content slide-into-view py-8 md:py-16 lg:py-24\" data-amount=\"slider\">\n    <div class=\"container px-4\">\n      <div class=\"lg:w-3\/4\">\n        <h2>Festes Netzwerk von Lieferanten<\/h2>\n<p>  Wir pflegen Beziehungen zu festen Lieferanten. Falls erforderlich, greifen wir auf unser umfangreiches Netzwerk von Nichteisengie\u00dfereien (wie Aluminium, Kupfer, Messing und Bronze) und Eisengie\u00dfereien innerhalb und au\u00dferhalb Europas zur\u00fcck. Auf diese Weise k\u00f6nnen wir stets die am besten geeigneten Materialien und Gie\u00dftechniken ausw\u00e4hlen. Heycop bleibt w\u00e4hrend des gesamten Prozesses verantwortlich, so dass Sie sich auf einen zuverl\u00e4ssigen und konsistenten Service von Anfang bis Ende verlassen k\u00f6nnen. Auf diese Weise haben Sie einen einzigen Ansprechpartner und alle Ihre Gesch\u00e4ftsprozesse laufen wie eine gut ge\u00f6lte Maschine, was die Effizienz und Kontrolle verbessert.      <\/p>\n<h2>Garantierte Qualit\u00e4t<\/h2>\n<p><strong>Heycop ist ISO 9001-zertifiziert.<\/strong>  Was f\u00e4llt Ihnen daran auf? Wir stellen hohe Anforderungen an die Genauigkeit unserer CNC-Bearbeitung und fertigen Metallteile mit strengen Abmessungen und Toleranzen. Bevor wir unsere Produkte ausliefern, werden sie einer gr\u00fcndlichen Endkontrolle unterzogen. Heycop verf\u00fcgt \u00fcber fortschrittliche Messinstrumente und qualifiziertes Personal, das diese Pr\u00fcfung sorgf\u00e4ltig durchf\u00fchrt.     <\/p>\n<h3>Ihr Partner f\u00fcr den Maschinenbau in Utrecht und Umgebung<\/h3>\n<p>  F\u00fcr innovative Maschinenbaul\u00f6sungen in Utrecht und Umgebung sind Sie bei Heycop an der richtigen Adresse. Verlassen Sie sich auf unsere jahrelange Erfahrung und unser Fachwissen f\u00fcr alle Ihre Bed\u00fcrfnisse im Bereich Maschinenteile und Montage. Unser Expertenteam steht bereit, um Ihre Fragen zu beantworten und Ihnen ma\u00dfgeschneiderte L\u00f6sungen anzubieten, die Ihren Bed\u00fcrfnissen und Anforderungen entsprechen.  <\/p>\n\n                  <a href=\"https:\/\/www.heycop.com\/de\/kontakt\" class=\"bg-orange py-4 px-8 font-bold hover:bg-orange\/70 inline-block lg:text-2xl text-white\"> Kontakt aufnehmen<\/a>\n              <\/div>\n    <\/div>\n  <\/section>\n\n\n<section class=\"logos py-8 md:py-16 lg:py-24 bg-gray-600\">\n  <div class=\"container px-4\">\n    <div class=\"grid gap-12 grid-cols-3 \">\n                        <div class=\"flex justify-center items-center\">\n            <img loading=\"lazy\" decoding=\"async\" width=\"125\" height=\"239\" src=\"https:\/\/www.heycop.com\/wp-content\/uploads\/2023\/08\/KIWA-ISO-9001-e1693231141576.jpg\" class=\"\" alt=\"\" \/>          <\/div>\n                  <div class=\"flex justify-center items-center\">\n            <img decoding=\"async\" src=\"https:\/\/www.heycop.com\/wp-content\/uploads\/2023\/07\/Erkend-leerbedrijf.svg\" class=\"\" alt=\"\" \/>          <\/div>\n                  <div class=\"flex justify-center items-center\">\n            <img decoding=\"async\" src=\"https:\/\/www.heycop.com\/wp-content\/uploads\/2023\/07\/Logo-FME.svg\" class=\"\" alt=\"\" \/>          <\/div>\n                  <\/div>\n  <\/div>\n<\/section>\n\n\n\n<section class=\"review my-8 md:my-16 lg:my-24\">\n  <div class=\"container px-4\">\n    <div class=\"relative\">\n      <div class=\"keep-in-view bg-black p-6 text-white md:absolute md:left-12 md:top-12 md:w-1\/3 md:z-30\" data-top=\"40%\">\n        <div class=\"md:text-xl\">&#8222;Heycop ist ein wahrer Meister in der Fertigungsindustrie, wo Handwerkskunst und Qualit\u00e4t zusammenkommen, um Grenzen zu \u00fcberschreiten.&#8220;\r\n<\/div>\n\n        <div class=\"mt-6 flex flex-wrap items-center\">\n          <div class=\"w-1\/5\">\n                      <\/div>\n\n          <div class=\"w-4\/5 pl-4\">\n            <span class=\"block text-white text-lg font-bold\"> John Stone <\/span>\n            <span class=\"block text-orange md:text-lg\">  <\/span>\n          <\/div>\n        <\/div>\n      <\/div>\n\n      <img loading=\"lazy\" decoding=\"async\" width=\"1500\" height=\"1000\" src=\"https:\/\/www.heycop.com\/wp-content\/uploads\/2023\/07\/bg.jpg\" class=\"clip-path-bottom w-full\" alt=\"\" srcset=\"https:\/\/www.heycop.com\/wp-content\/uploads\/2023\/07\/bg.jpg 1500w, https:\/\/www.heycop.com\/wp-content\/uploads\/2023\/07\/bg-300x200.jpg 300w, https:\/\/www.heycop.com\/wp-content\/uploads\/2023\/07\/bg-1024x683.jpg 1024w, https:\/\/www.heycop.com\/wp-content\/uploads\/2023\/07\/bg-768x512.jpg 768w\" sizes=\"auto, (max-width: 1500px) 100vw, 1500px\" \/>    <\/div>\n  <\/div>\n<\/section>\n\n\n<section class=\"contact my-8 md:my-16 lg:my-24\">\n  <div class=\"container px-4\">\n    <div class=\"flex flex-wrap\">\n      <div class=\"w-full bg-gray-700 p-6 text-white md:w-2\/3\">\n        <span class=\"text-orange text-lg font-bold mb-4 block md:text-3xl\"> Fragen? <\/span>\n        <p>Unsere Experten denken gerne mit Ihnen mit, um eine Komplettl\u00f6sung anzubieten <\/p>\n\n        <div class=\"space-y-2 my-4\">\n          <div class=\"flex flex-wrap items-center font-bold \">\n            <div class=\"w-[22px]\"> <img decoding=\"async\" src=\"https:\/\/www.heycop.com\/wp-content\/themes\/heycop\/dist\/img\/phone.svg\" class=\"mr-2\"><\/div> <a href=\"tel:+31 30 6353565\" class=\"hover:underline\" target=\"_blank\">+31 30 6353565<\/a>\n          <\/div>\n          <div class=\"flex flex-wrap items-center font-bold \">\n            <div class=\"w-[22px]\"> <img decoding=\"async\" src=\"https:\/\/www.heycop.com\/wp-content\/themes\/heycop\/dist\/img\/mail.svg\" class=\"mr-2\"><\/div> <a href=\"mailto:info@heycop.com\" class=\"hover:underline\" target=\"_blank\">info@heycop.com<\/a>\n          <\/div>\n        <\/div>\n\n        <a href=\"https:\/\/www.heycop.com\/de\/kontakt\/\" class=\"bg-orange py-4 px-8 font-bold hover:bg-orange\/70 inline-block lg:text-2xl md:mt-6\"> Kontakt aufnehmen  <\/a>\n      <\/div>\n\n      <div class=\"w-full md:w-1\/3 overflow-hidden\">\n        <img loading=\"lazy\" decoding=\"async\" width=\"500\" height=\"322\" src=\"https:\/\/www.heycop.com\/wp-content\/uploads\/2023\/10\/Contact-Heycop.webp\" class=\"max-w-[100vw] max-h-[100vh]\" alt=\"\" srcset=\"https:\/\/www.heycop.com\/wp-content\/uploads\/2023\/10\/Contact-Heycop.webp 500w, https:\/\/www.heycop.com\/wp-content\/uploads\/2023\/10\/Contact-Heycop-300x193.webp 300w\" sizes=\"auto, (max-width: 500px) 100vw, 500px\" \/>      <\/div>\n    <\/div>\n  <\/div>\n<\/section>\n","protected":false},"excerpt":{"rendered":"","protected":false},"author":2,"featured_media":1673,"parent":0,"menu_order":0,"comment_status":"closed","ping_status":"closed","template":"","meta":{"_acf_changed":false,"content-type":"","footnotes":""},"class_list":["post-2304","page","type-page","status-publish","has-post-thumbnail","hentry"],"acf":[],"_links":{"self":[{"href":"https:\/\/www.heycop.com\/de\/wp-json\/wp\/v2\/pages\/2304","targetHints":{"allow":["GET"]}}],"collection":[{"href":"https:\/\/www.heycop.com\/de\/wp-json\/wp\/v2\/pages"}],"about":[{"href":"https:\/\/www.heycop.com\/de\/wp-json\/wp\/v2\/types\/page"}],"author":[{"embeddable":true,"href":"https:\/\/www.heycop.com\/de\/wp-json\/wp\/v2\/users\/2"}],"replies":[{"embeddable":true,"href":"https:\/\/www.heycop.com\/de\/wp-json\/wp\/v2\/comments?post=2304"}],"version-history":[{"count":3,"href":"https:\/\/www.heycop.com\/de\/wp-json\/wp\/v2\/pages\/2304\/revisions"}],"predecessor-version":[{"id":2347,"href":"https:\/\/www.heycop.com\/de\/wp-json\/wp\/v2\/pages\/2304\/revisions\/2347"}],"wp:featuredmedia":[{"embeddable":true,"href":"https:\/\/www.heycop.com\/de\/wp-json\/wp\/v2\/media\/1673"}],"wp:attachment":[{"href":"https:\/\/www.heycop.com\/de\/wp-json\/wp\/v2\/media?parent=2304"}],"curies":[{"name":"wp","href":"https:\/\/api.w.org\/{rel}","templated":true}]}}