{"id":2320,"date":"2024-07-11T09:57:29","date_gmt":"2024-07-11T09:57:29","guid":{"rendered":"https:\/\/www.heycop.com\/heycop-massgeschneiderte-loesungen-fuer-maschinenbauer\/"},"modified":"2024-11-26T20:28:20","modified_gmt":"2024-11-26T20:28:20","slug":"heycop-massgeschneiderte-loesungen-fuer-maschinenbauer","status":"publish","type":"page","link":"https:\/\/www.heycop.com\/de\/heycop-massgeschneiderte-loesungen-fuer-maschinenbauer\/","title":{"rendered":"Heycop: Ma\u00dfgeschneiderte L\u00f6sungen f\u00fcr Maschinenbauer"},"content":{"rendered":"<section class=\"hero min-h-screen relative overflow-hidden flex items-center\">\n  <!-- Content -->\n  <section class=\"w-full\">\n    <div class=\"container px-4 relative z-30\">\n      <div class=\"flex flex-wrap md:items-center mt-[116px]\">\n        <div class=\"w-full md:w-1\/2 text-white md:pr-8 lg:pr-16\">\n          <h1 class=\" text-3xl leading-relaxed font-bold lg:text-5xl lg:leading-[5rem]\"> Heycop: Ma\u00dfgeschneiderte L\u00f6sungen f\u00fcr Maschinenbauer <\/h1>\n          \n          <div class=\"flex mt-10 space-x-6 items-center\">\n                          <a href=\"https:\/\/www.heycop.com\/contact\/\" class=\"bg-orange py-4 px-8 font-bold hover:bg-orange\/70 inline-block lg:text-2xl\"> Kontakt aufnehmen <\/a>\n                          <a href=\"#watwedoen\" class=\"bg-black py-4 px-8 font-bold hover:bg-black\/70 inline-block lg:text-2xl\"> Was wir tun <\/a>\n                      <\/div>\n        <\/div>\n\n        <div class=\"w-full mt-10 relative md:w-1\/2 md:mt-0 md:max-h-[80vh] overflow-hidden\">\n                      <img loading=\"lazy\" decoding=\"async\" width=\"752\" height=\"752\" src=\"https:\/\/www.heycop.com\/wp-content\/uploads\/2023\/08\/Heycop-Assemblage-header-klein.webp\" class=\"w-full clip-path\" alt=\"\" srcset=\"https:\/\/www.heycop.com\/wp-content\/uploads\/2023\/08\/Heycop-Assemblage-header-klein.webp 752w, https:\/\/www.heycop.com\/wp-content\/uploads\/2023\/08\/Heycop-Assemblage-header-klein-300x300.webp 300w, https:\/\/www.heycop.com\/wp-content\/uploads\/2023\/08\/Heycop-Assemblage-header-klein-150x150.webp 150w, https:\/\/www.heycop.com\/wp-content\/uploads\/2023\/08\/Heycop-Assemblage-header-klein-70x70.webp 70w\" sizes=\"auto, (max-width: 752px) 100vw, 752px\" \/>                    <div class=\"line-slide-in-out right-to-left h-1 w-1\/2 absolute z-20 top-14 right-0\" style=\"background:#148296\"> <\/div>\n        <\/div>\n      <\/div>\n    <\/div>\n  <\/section>\n\n      <img loading=\"lazy\" decoding=\"async\" width=\"1920\" height=\"920\" src=\"https:\/\/www.heycop.com\/wp-content\/uploads\/2024\/06\/Heycop_Assemblage_Hero.jpg\" class=\"absolute z-10 w-auto min-w-full min-h-full max-w-none top-0\" alt=\"Heycop_Assemblage\" srcset=\"https:\/\/www.heycop.com\/wp-content\/uploads\/2024\/06\/Heycop_Assemblage_Hero.jpg 1920w, https:\/\/www.heycop.com\/wp-content\/uploads\/2024\/06\/Heycop_Assemblage_Hero-300x144.jpg 300w, https:\/\/www.heycop.com\/wp-content\/uploads\/2024\/06\/Heycop_Assemblage_Hero-1024x491.jpg 1024w, https:\/\/www.heycop.com\/wp-content\/uploads\/2024\/06\/Heycop_Assemblage_Hero-768x368.jpg 768w, https:\/\/www.heycop.com\/wp-content\/uploads\/2024\/06\/Heycop_Assemblage_Hero-1536x736.jpg 1536w\" sizes=\"auto, (max-width: 1920px) 100vw, 1920px\" \/>  <\/section>\n<section id=\"watwedoen\" class=\"why bg-white pt-8 md:pt-16 lg:pt-24\">\n  <div class=\"container px-4\">\n    <h2 class=\"text-orange text-3xl font-bold text-center lg:text-6xl\"> Eine Auswahl unserer vertrauten Kunden <\/h2>\n  <\/div>\n\n  <div class=\"grid grid-cols-2 gap-4 mt-6 md:grid-cols-4 lg:mt-24 justify-center\">\n                  <img decoding=\"async\" src=\"https:\/\/www.heycop.com\/wp-content\/uploads\/2023\/09\/Husqvarna.svg\" class=\"mx-auto max-h-4 lg:max-h-8 w-full\" alt=\"\" \/>              <img decoding=\"async\" src=\"https:\/\/www.heycop.com\/wp-content\/uploads\/2023\/07\/Heineken.svg\" class=\"mx-auto max-h-4 lg:max-h-8 w-full\" alt=\"\" \/>              <img decoding=\"async\" src=\"https:\/\/www.heycop.com\/wp-content\/uploads\/2023\/08\/Yanmar.svg\" class=\"mx-auto max-h-4 lg:max-h-8 w-full\" alt=\"\" \/>              <img decoding=\"async\" src=\"https:\/\/www.heycop.com\/wp-content\/uploads\/2023\/08\/Siemens.svg\" class=\"mx-auto max-h-4 lg:max-h-8 w-full\" alt=\"\" \/>            <\/div>\n\n\n  <div class=\"flex relative z-20 w-full flex-wrap mt-10 md:mt-24\">\n    <div class=\"w-full\">\n      <div class=\"container px-4 flex flex-wrap\">\n        <div class=\"relative w-full  md:w-5\/12 h-fit \">\n\n                                    <img loading=\"lazy\" decoding=\"async\" width=\"515\" height=\"754\" src=\"https:\/\/www.heycop.com\/wp-content\/uploads\/2023\/08\/Heycop-Assemblage-Langwerpig.webp\" class=\"clip-path-bottom w-full\" alt=\"\" srcset=\"https:\/\/www.heycop.com\/wp-content\/uploads\/2023\/08\/Heycop-Assemblage-Langwerpig.webp 515w, https:\/\/www.heycop.com\/wp-content\/uploads\/2023\/08\/Heycop-Assemblage-Langwerpig-205x300.webp 205w\" sizes=\"auto, (max-width: 515px) 100vw, 515px\" \/>              <div class=\"line-slide-in-out left-to-right h-1 bg-orange w-1\/2 absolute z-20 bottom-14 left-0\"> <\/div>\n            \n                  <\/div>\n\n        <div class=\"mt-10 w-full md:mt-0 md:w-7\/12 md:pl-8 lg:pl-16 \">\n          <div class=\"grid grid-cols-1 gap-y-6 pb-6 md:grid-cols-2 md:gap-4\">\n                                          <div class=\"text-center md:text-left\">\n                  <video class=\"mx-auto md:ml-0 w-20\" autoplay muted playsinline loop>\n                    <source src=\"https:\/\/www.heycop.com\/wp-content\/uploads\/2023\/09\/Klein-serie.mp4\" type=\"video\/mp4\" \/>\n                    Your browser does not support the video tag.\n                  <\/video>\n\n                  <h3 class=\"text-black font-bold text-lg mt-2 md:mt-4 lg:text-xl\"> Allesk\u00f6nner <\/h3>\n                  <span class=\"block mt-0.5 w-1\/2 mx-auto md:w-full\"><br> Wir liefern unterschiedliche Baugruppen, von einfach bis komplex.<\/span>\n                <\/div>\n                              <div class=\"text-center md:text-left\">\n                  <video class=\"mx-auto md:ml-0 w-20\" autoplay muted playsinline loop>\n                    <source src=\"https:\/\/www.heycop.com\/wp-content\/uploads\/2023\/09\/Snelle-doorlooptijd.mp4\" type=\"video\/mp4\" \/>\n                    Your browser does not support the video tag.\n                  <\/video>\n\n                  <h3 class=\"text-black font-bold text-lg mt-2 md:mt-4 lg:text-xl\"> Effiziente <\/h3>\n                  <span class=\"block mt-0.5 w-1\/2 mx-auto md:w-full\"><br> Effizienter Montageprozess dank Erfahrung und engagiertem Personal.<\/span>\n                <\/div>\n                              <div class=\"text-center md:text-left\">\n                  <video class=\"mx-auto md:ml-0 w-20\" autoplay muted playsinline loop>\n                    <source src=\"https:\/\/www.heycop.com\/wp-content\/uploads\/2023\/09\/Maatwerk.mp4\" type=\"video\/mp4\" \/>\n                    Your browser does not support the video tag.\n                  <\/video>\n\n                  <h3 class=\"text-black font-bold text-lg mt-2 md:mt-4 lg:text-xl\"> Ma\u00dfgeschneidert <\/h3>\n                  <span class=\"block mt-0.5 w-1\/2 mx-auto md:w-full\"><br> Ma\u00dfgeschneiderter Prozess f\u00fcr Ihre Produktanforderungen.<\/span>\n                <\/div>\n                              <div class=\"text-center md:text-left\">\n                  <video class=\"mx-auto md:ml-0 w-20\" autoplay muted playsinline loop>\n                    <source src=\"https:\/\/www.heycop.com\/wp-content\/uploads\/2023\/09\/Totaalpartner.mp4\" type=\"video\/mp4\" \/>\n                    Your browser does not support the video tag.\n                  <\/video>\n\n                  <h3 class=\"text-black font-bold text-lg mt-2 md:mt-4 lg:text-xl\"> Partner insgesamt <\/h3>\n                  <span class=\"block mt-0.5 w-1\/2 mx-auto md:w-full\"><br> Wir bieten auch Logistik- und Inventarl\u00f6sungen an. <\/span>\n                <\/div>\n                                    <\/div>\n\n          <div class=\"bg-white py-6 -mx-4 md:bg-transparent md:pb-0\">\n            <div class=\"container px-4\">\n              <h2 class=\"font-bold text-3xl mb-1 lg:text-6xl lg:mb-4\">  <\/h2>\n              <div><p>Als f\u00fchrender Zulieferer des Maschinenbaus fertigen und montieren wir hochwertige Maschinenkomponenten. Mit mehr als 100 Jahren Erfahrung realisieren wir ma\u00dfgeschneiderte L\u00f6sungen f\u00fcr Maschinenbauer. Ob es darum geht, die Energieeffizienz zu f\u00f6rdern oder Ihren Produktionsprozess zu verbessern, Heycop unterst\u00fctzt Sie bei der Entwicklung hochwertiger Maschinenteile, die perfekt auf Ihre spezifischen Bed\u00fcrfnisse abgestimmt sind. Wie wir das angehen?     <em>Sie k\u00f6nnen es hier nachlesen.<\/em><\/p>\n<\/div>\n\n                              <a href=\"https:\/\/www.heycop.com\/contact\/\" class=\"bg-orange text-white py-4 px-8 font-bold hover:bg-orange\/70 inline-block lg:text-2xl block mt-4\"> Kontakt aufnehmen <\/a>\n                          <\/div>\n          <\/div>\n        <\/div>\n      <\/div>\n    <\/div>\n  <\/div>\n\n  <div class=\"slide-into-view relative z-10 w-full pb-8 md:pb-16 lg:pb-24\" data-amount=\"200\">\n    <div class=\"container px-4 clear-both\">\n      <div class=\"flex justify-between md:w-5\/12 lg:mt-12 \">\n        <div class=\"\">\n          <span class=\" block text-4xl font-bold lg:text-7xl\"> 120 <span class=\"text-orange\"> + <\/span> <\/span>\n          <span class=\"text-gray font-bold block -mt-1 lg:text-2xl\"> Kunden <\/span>\n        <\/div>\n\n        <div class=\"\">\n          <span class=\"block text-4xl font-bold lg:text-7xl\"> 2000 <span class=\"text-orange\"> + <\/span> <\/span>\n          <span class=\"text-gray font-bold block -mt-1 lg:text-2xl\"> Produkte <\/span>\n        <\/div>\n      <\/div>\n    <\/div>\n  <\/div>\n<\/section>\n<section class=\"four-blocks py-8 md:py-16 lg:py-24\">\n  <div class=\"container scroll-container px-4\">\n    <div class=\"flex grid-cols-1 mt-8 gap-4 md:gap-8 md:grid-cols-4 md:min-w-fit md:w-fit\">\n      <div class=\"scroll-item\">\n        <h2 class=\"font-bold text-3xl mb-1 lg:text-6xl lg:mb-4\">Unterst\u00fctzung von Maschinenherstellern  <\/h2>\n        <p>Unser innovativer Ansatz und unser fortschrittlicher Maschinenpark erm\u00f6glichen es uns, optimale L\u00f6sungen und Prototypen von herausragender Qualit\u00e4t zu entwickeln. Heycop bietet Expertise im Maschinenbau f\u00fcr verschiedene Sektoren: <\/p>\n      <\/div>\n\n                        <div class=\"scroll-item\">\n              <div class=\"bg-gray-600 p-4 md:p-8\">\n                <h3 class=\"font-bold text-lg mt-2 md:mt-4 lg:text-xl\"> Maritime Industrie <\/h3>\n                <span class=\"block mt-0.5 text-gray-700\">Wir fertigen hochwertige Komponenten f\u00fcr Motor- und Segelyachten, wie z.B. <span style=\"text-decoration: underline\"><a href=\"https:\/\/www.heycop.com\/de\/sektoren\/marine-systeme\/\" target=\"_blank\" rel=\"noopener\">Bugstrahlruder und Propellerwellensysteme<\/a><\/span>. Mit unserem eigenen 3D-Drucker\/Scanner und unserer Expertise im Reverse Engineering bieten wir unseren Kunden verschiedene ma\u00dfgeschneiderte L\u00f6sungen. <\/span>\n              <\/div>\n          <\/div>\n                  <div class=\"scroll-item\">\n              <div class=\"bg-gray-600 p-4 md:p-8\">\n                <h3 class=\"font-bold text-lg mt-2 md:mt-4 lg:text-xl\"> Lebensmittelindustrie <\/h3>\n                <span class=\"block mt-0.5 text-gray-700\">Heycop ist spezialisiert auf die Entwicklung und Produktion von Komplettl\u00f6sungen f\u00fcr die <span style=\"text-decoration: underline\"><a href=\"https:\/\/www.heycop.com\/de\/sektoren\/bier-systeme\/\">Bierindustrie<\/a><\/span>. Wir stellen unter anderem Biers\u00e4ulen und Tropfschalen f\u00fcr verschiedene Biermarken her. <\/span>\n              <\/div>\n          <\/div>\n                  <div class=\"scroll-item\">\n              <div class=\"bg-gray-600 p-4 md:p-8\">\n                <h3 class=\"font-bold text-lg mt-2 md:mt-4 lg:text-xl\"> Autoindustrie <\/h3>\n                <span class=\"block mt-0.5 text-gray-700\">Seit vielen Jahren produzieren wir <span style=\"text-decoration: underline\"><a href=\"https:\/\/www.heycop.com\/de\/sektoren\/automobilindustrie\/\" target=\"_blank\" rel=\"noopener\">lineare Antriebssysteme f\u00fcr T\u00fcren<\/a><\/span> die in Bussen, Stra\u00dfenbahnen und U-Bahnen eingesetzt werden. Unsere Systeme wurden in Fahrzeugen in mehr als 130 L\u00e4ndern weltweit installiert. <\/span>\n              <\/div>\n          <\/div>\n                  <div class=\"scroll-item\">\n              <div class=\"bg-gray-600 p-4 md:p-8\">\n                <h3 class=\"font-bold text-lg mt-2 md:mt-4 lg:text-xl\"> Hochspannungsindustrie <\/h3>\n                <span class=\"block mt-0.5 text-gray-700\">Heycop stellt seit Jahren Komponenten f\u00fcr die <span style=\"text-decoration: underline\"><a href=\"https:\/\/www.heycop.com\/de\/sektoren\/hochspannung\/\">Hochspannungsindustrie<\/a><\/span>. Wir montieren auch komplette gasisolierte Hochspannungsschalter und Unterbaugruppen. Wir managen den gesamten Prozess, von der Projektplanung und der Herstellung der Komponenten in unseren eigenen Einrichtungen \u00fcber die Beschaffung bei spezialisierten Lieferanten bis hin zur Montage und Pr\u00fcfung.  <\/span>\n              <\/div>\n          <\/div>\n                  <\/div>\n\n  <\/div>\n<\/section>\n<section class=\"slider relative z-20 bg-white\">\n  <div class=\"container px-4\">\n    <div class=\"relative\">\n      <div class=\"simple-slider\" data-slider-options='{\"gutter\": 32}'>\n\n                              <img loading=\"lazy\" decoding=\"async\" width=\"591\" height=\"379\" src=\"https:\/\/www.heycop.com\/wp-content\/uploads\/2023\/08\/Heycop-Assemblage-slider-5.webp\" class=\"w-full\" alt=\"\" srcset=\"https:\/\/www.heycop.com\/wp-content\/uploads\/2023\/08\/Heycop-Assemblage-slider-5.webp 591w, https:\/\/www.heycop.com\/wp-content\/uploads\/2023\/08\/Heycop-Assemblage-slider-5-300x192.webp 300w\" sizes=\"auto, (max-width: 591px) 100vw, 591px\" \/>                      <img loading=\"lazy\" decoding=\"async\" width=\"591\" height=\"379\" src=\"https:\/\/www.heycop.com\/wp-content\/uploads\/2023\/08\/Heycop-Assemblage-slider-4.webp\" class=\"w-full\" alt=\"\" srcset=\"https:\/\/www.heycop.com\/wp-content\/uploads\/2023\/08\/Heycop-Assemblage-slider-4.webp 591w, https:\/\/www.heycop.com\/wp-content\/uploads\/2023\/08\/Heycop-Assemblage-slider-4-300x192.webp 300w\" sizes=\"auto, (max-width: 591px) 100vw, 591px\" \/>                      <img loading=\"lazy\" decoding=\"async\" width=\"591\" height=\"379\" src=\"https:\/\/www.heycop.com\/wp-content\/uploads\/2023\/08\/Heycop-Assemblage-slider-6.webp\" class=\"w-full\" alt=\"\" srcset=\"https:\/\/www.heycop.com\/wp-content\/uploads\/2023\/08\/Heycop-Assemblage-slider-6.webp 591w, https:\/\/www.heycop.com\/wp-content\/uploads\/2023\/08\/Heycop-Assemblage-slider-6-300x192.webp 300w\" sizes=\"auto, (max-width: 591px) 100vw, 591px\" \/>                      <img loading=\"lazy\" decoding=\"async\" width=\"591\" height=\"379\" src=\"https:\/\/www.heycop.com\/wp-content\/uploads\/2023\/08\/Heycop-Assemblage-slider-3.webp\" class=\"w-full\" alt=\"\" srcset=\"https:\/\/www.heycop.com\/wp-content\/uploads\/2023\/08\/Heycop-Assemblage-slider-3.webp 591w, https:\/\/www.heycop.com\/wp-content\/uploads\/2023\/08\/Heycop-Assemblage-slider-3-300x192.webp 300w\" sizes=\"auto, (max-width: 591px) 100vw, 591px\" \/>                      <img loading=\"lazy\" decoding=\"async\" width=\"591\" height=\"379\" src=\"https:\/\/www.heycop.com\/wp-content\/uploads\/2023\/08\/Heycop-Assemblage-slider-2.webp\" class=\"w-full\" alt=\"\" srcset=\"https:\/\/www.heycop.com\/wp-content\/uploads\/2023\/08\/Heycop-Assemblage-slider-2.webp 591w, https:\/\/www.heycop.com\/wp-content\/uploads\/2023\/08\/Heycop-Assemblage-slider-2-300x192.webp 300w\" sizes=\"auto, (max-width: 591px) 100vw, 591px\" \/>                      <img loading=\"lazy\" decoding=\"async\" width=\"591\" height=\"379\" src=\"https:\/\/www.heycop.com\/wp-content\/uploads\/2023\/08\/Heycop-Assemblage-slider-1.webp\" class=\"w-full\" alt=\"\" srcset=\"https:\/\/www.heycop.com\/wp-content\/uploads\/2023\/08\/Heycop-Assemblage-slider-1.webp 591w, https:\/\/www.heycop.com\/wp-content\/uploads\/2023\/08\/Heycop-Assemblage-slider-1-300x192.webp 300w\" sizes=\"auto, (max-width: 591px) 100vw, 591px\" \/>                        <\/div>\n      <div class=\"controlsContainer\">\n        <img decoding=\"async\" src=\"https:\/\/www.heycop.com\/wp-content\/themes\/heycop\/dist\/img\/chevron.svg\" class=\"prev-button -scale-x-100 absolute top-1\/2  transform -translate-y-1\/2 left-2 md:w-4 hover:cursor-pointer\">\n        <img decoding=\"async\" src=\"https:\/\/www.heycop.com\/wp-content\/themes\/heycop\/dist\/img\/chevron.svg\" class=\"next-button absolute top-1\/2  transform -translate-y-1\/2 right-2 md:w-4 hover:cursor-pointer\">\n      <\/div>\n    <\/div>\n\n    <div class=\"clear-both\">\n      <img decoding=\"async\" src=\"https:\/\/www.heycop.com\/wp-content\/themes\/heycop\/dist\/img\/swipe.svg\" class=\" float-right md:w-8\">\n    <\/div>\n  <\/div>\n<\/section>\n\n  <section class=\"content slide-into-view py-8 md:py-16 lg:py-24\" data-amount=\"slider\">\n    <div class=\"container px-4\">\n      <div class=\"lg:w-3\/4\">\n        <h2>Von wesentlichen Komponenten bis zu komplexen Baugruppen<\/h2>\n<p>  Als Spezialist f\u00fcr Maschinenbauer sind wir sowohl in der Herstellung als auch in der Montage von wichtigen Komponenten versiert. Mit fortschrittlichen <a href=\"https:\/\/www.heycop.com\/de\/diensten\/giessen\/\">Gie\u00dferei-Einrichtungen<\/a> und modernen Technologien garantieren wir, dass jede Komponente von h\u00f6chster Qualit\u00e4t ist. Dies f\u00fchrt zu zuverl\u00e4ssigen und langlebigen Maschinenkomponenten, die optimale Leistung erbringen.    <\/p>\n<h3>Der Spezialist f\u00fcr Maschinenbauer<\/h3>\n<p>  Heycop investiert kontinuierlich in die neuesten Technologien und modernen Einrichtungen, um an der Spitze der Lieferkette im Maschinenbau zu bleiben. Wir arbeiten in jeder Phase des Projekts eng mit Ihnen als Maschinenbauer zusammen, um sicherzustellen, dass die Endprodukte Ihren Anforderungen und Erwartungen entsprechen. M\u00f6chten Sie mehr erfahren?  <\/p>\n\n                  <a href=\"https:\/\/www.heycop.com\/contact\/\" class=\"bg-orange py-4 px-8 font-bold hover:bg-orange\/70 inline-block lg:text-2xl text-white\"> Kontakt aufnehmen<\/a>\n              <\/div>\n    <\/div>\n  <\/section>\n<section class=\"logos py-8 md:py-16 lg:py-24 bg-gray-600\">\n  <div class=\"container px-4\">\n    <div class=\"grid gap-12 grid-cols-3 \">\n                        <div class=\"flex justify-center items-center\">\n            <img loading=\"lazy\" decoding=\"async\" width=\"125\" height=\"239\" src=\"https:\/\/www.heycop.com\/wp-content\/uploads\/2023\/08\/KIWA-ISO-9001-e1693231141576.jpg\" class=\"\" alt=\"\" \/>          <\/div>\n                  <div class=\"flex justify-center items-center\">\n            <img decoding=\"async\" src=\"https:\/\/www.heycop.com\/wp-content\/uploads\/2023\/07\/Erkend-leerbedrijf.svg\" class=\"\" alt=\"\" \/>          <\/div>\n                  <div class=\"flex justify-center items-center\">\n            <img decoding=\"async\" src=\"https:\/\/www.heycop.com\/wp-content\/uploads\/2023\/07\/Logo-FME.svg\" class=\"\" alt=\"\" \/>          <\/div>\n                  <\/div>\n  <\/div>\n<\/section>\n\n<section class=\"review my-8 md:my-16 lg:my-24\">\n  <div class=\"container px-4\">\n    <div class=\"relative\">\n      <div class=\"keep-in-view bg-black p-6 text-white md:absolute md:left-12 md:top-12 md:w-1\/3 md:z-30\" data-top=\"40%\">\n        <div class=\"md:text-xl\">\u201cHeycop is een ware meester in de maakindustrie, waar vakmanschap en kwaliteit samenkomen om grenzen te verleggen.\u201d<\/div>\n\n        <div class=\"mt-6 flex flex-wrap items-center\">\n          <div class=\"w-1\/5\">\n                      <\/div>\n\n          <div class=\"w-4\/5 pl-4\">\n            <span class=\"block text-white text-lg font-bold\"> John Stone <\/span>\n            <span class=\"block text-orange md:text-lg\">  <\/span>\n          <\/div>\n        <\/div>\n      <\/div>\n\n      <img loading=\"lazy\" decoding=\"async\" width=\"1500\" height=\"1000\" src=\"https:\/\/www.heycop.com\/wp-content\/uploads\/2023\/07\/bg.jpg\" class=\"clip-path-bottom w-full\" alt=\"\" srcset=\"https:\/\/www.heycop.com\/wp-content\/uploads\/2023\/07\/bg.jpg 1500w, https:\/\/www.heycop.com\/wp-content\/uploads\/2023\/07\/bg-300x200.jpg 300w, https:\/\/www.heycop.com\/wp-content\/uploads\/2023\/07\/bg-1024x683.jpg 1024w, https:\/\/www.heycop.com\/wp-content\/uploads\/2023\/07\/bg-768x512.jpg 768w\" sizes=\"auto, (max-width: 1500px) 100vw, 1500px\" \/>    <\/div>\n  <\/div>\n<\/section>\n<section class=\"contact my-8 md:my-16 lg:my-24\">\n  <div class=\"container px-4\">\n    <div class=\"flex flex-wrap\">\n      <div class=\"w-full bg-gray-700 p-6 text-white md:w-2\/3\">\n        <span class=\"text-orange text-lg font-bold mb-4 block md:text-3xl\"> Fragen? <\/span>\n        <p>Unsere Experten denken gerne mit Ihnen mit, um eine Komplettl\u00f6sung anzubieten <\/p>\n\n        <div class=\"space-y-2 my-4\">\n          <div class=\"flex flex-wrap items-center font-bold \">\n            <div class=\"w-[22px]\"> <img decoding=\"async\" src=\"https:\/\/www.heycop.com\/wp-content\/themes\/heycop\/dist\/img\/phone.svg\" class=\"mr-2\"><\/div> <a href=\"tel:+31 30 6353565\" class=\"hover:underline\" target=\"_blank\">+31 30 6353565<\/a>\n          <\/div>\n          <div class=\"flex flex-wrap items-center font-bold \">\n            <div class=\"w-[22px]\"> <img decoding=\"async\" src=\"https:\/\/www.heycop.com\/wp-content\/themes\/heycop\/dist\/img\/mail.svg\" class=\"mr-2\"><\/div> <a href=\"mailto:info@heycop.com\" class=\"hover:underline\" target=\"_blank\">info@heycop.com<\/a>\n          <\/div>\n        <\/div>\n\n        <a href=\"https:\/\/www.heycop.com\/de\/kontakt\/\" class=\"bg-orange py-4 px-8 font-bold hover:bg-orange\/70 inline-block lg:text-2xl md:mt-6\"> Kontakt aufnehmen  <\/a>\n      <\/div>\n\n      <div class=\"w-full md:w-1\/3 overflow-hidden\">\n        <img loading=\"lazy\" decoding=\"async\" width=\"500\" height=\"322\" src=\"https:\/\/www.heycop.com\/wp-content\/uploads\/2023\/10\/Contact-Heycop.webp\" class=\"max-w-[100vw] max-h-[100vh]\" alt=\"\" srcset=\"https:\/\/www.heycop.com\/wp-content\/uploads\/2023\/10\/Contact-Heycop.webp 500w, https:\/\/www.heycop.com\/wp-content\/uploads\/2023\/10\/Contact-Heycop-300x193.webp 300w\" sizes=\"auto, (max-width: 500px) 100vw, 500px\" \/>      <\/div>\n    <\/div>\n  <\/div>\n<\/section>\n","protected":false},"excerpt":{"rendered":"","protected":false},"author":2,"featured_media":1673,"parent":0,"menu_order":0,"comment_status":"closed","ping_status":"closed","template":"","meta":{"_acf_changed":false,"content-type":"","footnotes":""},"class_list":["post-2320","page","type-page","status-publish","has-post-thumbnail","hentry"],"acf":[],"_links":{"self":[{"href":"https:\/\/www.heycop.com\/de\/wp-json\/wp\/v2\/pages\/2320","targetHints":{"allow":["GET"]}}],"collection":[{"href":"https:\/\/www.heycop.com\/de\/wp-json\/wp\/v2\/pages"}],"about":[{"href":"https:\/\/www.heycop.com\/de\/wp-json\/wp\/v2\/types\/page"}],"author":[{"embeddable":true,"href":"https:\/\/www.heycop.com\/de\/wp-json\/wp\/v2\/users\/2"}],"replies":[{"embeddable":true,"href":"https:\/\/www.heycop.com\/de\/wp-json\/wp\/v2\/comments?post=2320"}],"version-history":[{"count":1,"href":"https:\/\/www.heycop.com\/de\/wp-json\/wp\/v2\/pages\/2320\/revisions"}],"predecessor-version":[{"id":2321,"href":"https:\/\/www.heycop.com\/de\/wp-json\/wp\/v2\/pages\/2320\/revisions\/2321"}],"wp:featuredmedia":[{"embeddable":true,"href":"https:\/\/www.heycop.com\/de\/wp-json\/wp\/v2\/media\/1673"}],"wp:attachment":[{"href":"https:\/\/www.heycop.com\/de\/wp-json\/wp\/v2\/media?parent=2320"}],"curies":[{"name":"wp","href":"https:\/\/api.w.org\/{rel}","templated":true}]}}