{"id":2450,"date":"2024-05-22T10:21:56","date_gmt":"2024-05-22T10:21:56","guid":{"rendered":"https:\/\/www.heycop.com\/montageunternehmen-gesucht-heycop-fuer-qualitaet-und-zuverlaessigkeit\/"},"modified":"2025-05-28T11:50:57","modified_gmt":"2025-05-28T11:50:57","slug":"montageunternehmen-gesucht-heycop-fuer-qualitaet-und-zuverlaessigkeit","status":"publish","type":"page","link":"https:\/\/www.heycop.com\/de\/montageunternehmen-gesucht-heycop-fuer-qualitaet-und-zuverlaessigkeit\/","title":{"rendered":"Montageunternehmen gesucht? Heycop: f\u00fcr Qualit\u00e4t und Zuverl\u00e4ssigkeit"},"content":{"rendered":"<section class=\"hero min-h-screen relative overflow-hidden flex items-center\">\n  <!-- Content -->\n  <section class=\"w-full\">\n    <div class=\"container px-4 relative z-30\">\n      <div class=\"flex flex-wrap md:items-center mt-[116px]\">\n        <div class=\"w-full md:w-1\/2 text-white md:pr-8 lg:pr-16\">\n          <h1 class=\" text-3xl leading-relaxed font-bold lg:text-5xl lg:leading-[5rem]\"> Montageunternehmen gesucht? Heycop: f\u00fcr Qualit\u00e4t und Zuverl\u00e4ssigkeit  <\/h1>\n          \n          <div class=\"flex mt-10 space-x-6 items-center\">\n                          <a href=\"https:\/\/www.heycop.com\/contact\/\" class=\"bg-orange py-4 px-8 font-bold hover:bg-orange\/70 inline-block lg:text-2xl\"> Kontakt aufnehmen <\/a>\n                          <a href=\"#watwedoen\" class=\"bg-black py-4 px-8 font-bold hover:bg-black\/70 inline-block lg:text-2xl\"> Was wir tun <\/a>\n                      <\/div>\n        <\/div>\n\n        <div class=\"w-full mt-10 relative md:w-1\/2 md:mt-0 md:max-h-[80vh] overflow-hidden\">\n                      <img loading=\"lazy\" decoding=\"async\" width=\"752\" height=\"752\" src=\"https:\/\/www.heycop.com\/wp-content\/uploads\/2023\/08\/Heycop-Assemblage-header-klein.webp\" class=\"w-full clip-path\" alt=\"\" srcset=\"https:\/\/www.heycop.com\/wp-content\/uploads\/2023\/08\/Heycop-Assemblage-header-klein.webp 752w, https:\/\/www.heycop.com\/wp-content\/uploads\/2023\/08\/Heycop-Assemblage-header-klein-300x300.webp 300w, https:\/\/www.heycop.com\/wp-content\/uploads\/2023\/08\/Heycop-Assemblage-header-klein-150x150.webp 150w, https:\/\/www.heycop.com\/wp-content\/uploads\/2023\/08\/Heycop-Assemblage-header-klein-70x70.webp 70w\" sizes=\"auto, (max-width: 752px) 100vw, 752px\" \/>                    <div class=\"line-slide-in-out right-to-left h-1 w-1\/2 absolute z-20 top-14 right-0\" style=\"background:#148296\"> <\/div>\n        <\/div>\n      <\/div>\n    <\/div>\n  <\/section>\n\n      <img loading=\"lazy\" decoding=\"async\" width=\"1920\" height=\"920\" src=\"https:\/\/www.heycop.com\/wp-content\/uploads\/2024\/06\/Heycop_Assemblage_Hero.jpg\" class=\"absolute z-10 w-auto min-w-full min-h-full max-w-none top-0\" alt=\"Heycop_Assemblage\" srcset=\"https:\/\/www.heycop.com\/wp-content\/uploads\/2024\/06\/Heycop_Assemblage_Hero.jpg 1920w, https:\/\/www.heycop.com\/wp-content\/uploads\/2024\/06\/Heycop_Assemblage_Hero-300x144.jpg 300w, https:\/\/www.heycop.com\/wp-content\/uploads\/2024\/06\/Heycop_Assemblage_Hero-1024x491.jpg 1024w, https:\/\/www.heycop.com\/wp-content\/uploads\/2024\/06\/Heycop_Assemblage_Hero-768x368.jpg 768w, https:\/\/www.heycop.com\/wp-content\/uploads\/2024\/06\/Heycop_Assemblage_Hero-1536x736.jpg 1536w\" sizes=\"auto, (max-width: 1920px) 100vw, 1920px\" \/>  <\/section>\n<section id=\"watwedoen\" class=\"why bg-white pt-8 md:pt-16 lg:pt-24\">\n  <div class=\"container px-4\">\n    <h2 class=\"text-orange text-3xl font-bold text-center lg:text-6xl\"> Eine Auswahl unserer vertrauten Kunden <\/h2>\n  <\/div>\n\n  <div class=\"grid grid-cols-2 gap-4 mt-6 md:grid-cols-4 lg:mt-24 justify-center\">\n                  <img decoding=\"async\" src=\"https:\/\/www.heycop.com\/wp-content\/uploads\/2023\/09\/Husqvarna.svg\" class=\"mx-auto max-h-4 lg:max-h-8 w-full\" alt=\"\" \/>              <img decoding=\"async\" src=\"https:\/\/www.heycop.com\/wp-content\/uploads\/2023\/07\/Heineken.svg\" class=\"mx-auto max-h-4 lg:max-h-8 w-full\" alt=\"\" \/>              <img decoding=\"async\" src=\"https:\/\/www.heycop.com\/wp-content\/uploads\/2023\/08\/Yanmar.svg\" class=\"mx-auto max-h-4 lg:max-h-8 w-full\" alt=\"\" \/>              <img decoding=\"async\" src=\"https:\/\/www.heycop.com\/wp-content\/uploads\/2023\/08\/Siemens.svg\" class=\"mx-auto max-h-4 lg:max-h-8 w-full\" alt=\"\" \/>            <\/div>\n\n\n  <div class=\"flex relative z-20 w-full flex-wrap mt-10 md:mt-24\">\n    <div class=\"w-full\">\n      <div class=\"container px-4 flex flex-wrap\">\n        <div class=\"relative w-full  md:w-5\/12 h-fit \">\n\n                                    <img loading=\"lazy\" decoding=\"async\" width=\"515\" height=\"754\" src=\"https:\/\/www.heycop.com\/wp-content\/uploads\/2023\/08\/Heycop-Assemblage-Langwerpig.webp\" class=\"clip-path-bottom w-full\" alt=\"\" srcset=\"https:\/\/www.heycop.com\/wp-content\/uploads\/2023\/08\/Heycop-Assemblage-Langwerpig.webp 515w, https:\/\/www.heycop.com\/wp-content\/uploads\/2023\/08\/Heycop-Assemblage-Langwerpig-205x300.webp 205w\" sizes=\"auto, (max-width: 515px) 100vw, 515px\" \/>              <div class=\"line-slide-in-out left-to-right h-1 bg-orange w-1\/2 absolute z-20 bottom-14 left-0\"> <\/div>\n            \n                  <\/div>\n\n        <div class=\"mt-10 w-full md:mt-0 md:w-7\/12 md:pl-8 lg:pl-16 \">\n          <div class=\"grid grid-cols-1 gap-y-6 pb-6 md:grid-cols-2 md:gap-4\">\n                                          <div class=\"text-center md:text-left\">\n                  <video class=\"mx-auto md:ml-0 w-20\" autoplay muted playsinline loop>\n                    <source src=\"https:\/\/www.heycop.com\/wp-content\/uploads\/2023\/09\/Klein-serie.mp4\" type=\"video\/mp4\" \/>\n                    Your browser does not support the video tag.\n                  <\/video>\n\n                  <h3 class=\"text-black font-bold text-lg mt-2 md:mt-4 lg:text-xl\"> Allesk\u00f6nner <\/h3>\n                  <span class=\"block mt-0.5 w-1\/2 mx-auto md:w-full\">Wir bieten verschiedene Baugruppen an, <br>von einfach bis komplex.<\/span>\n                <\/div>\n                              <div class=\"text-center md:text-left\">\n                  <video class=\"mx-auto md:ml-0 w-20\" autoplay muted playsinline loop>\n                    <source src=\"https:\/\/www.heycop.com\/wp-content\/uploads\/2023\/09\/Snelle-doorlooptijd.mp4\" type=\"video\/mp4\" \/>\n                    Your browser does not support the video tag.\n                  <\/video>\n\n                  <h3 class=\"text-black font-bold text-lg mt-2 md:mt-4 lg:text-xl\"> Effiziente <\/h3>\n                  <span class=\"block mt-0.5 w-1\/2 mx-auto md:w-full\">Effizienter Montageprozess dank der Erfahrung von <br>und engagierten Mitarbeitern.<\/span>\n                <\/div>\n                              <div class=\"text-center md:text-left\">\n                  <video class=\"mx-auto md:ml-0 w-20\" autoplay muted playsinline loop>\n                    <source src=\"https:\/\/www.heycop.com\/wp-content\/uploads\/2023\/09\/Maatwerk.mp4\" type=\"video\/mp4\" \/>\n                    Your browser does not support the video tag.\n                  <\/video>\n\n                  <h3 class=\"text-black font-bold text-lg mt-2 md:mt-4 lg:text-xl\"> Ma\u00dfgeschneidert <\/h3>\n                  <span class=\"block mt-0.5 w-1\/2 mx-auto md:w-full\">Ma\u00dfgeschneiderter Prozess f\u00fcr <br>Ihre Produktanforderungen.<\/span>\n                <\/div>\n                              <div class=\"text-center md:text-left\">\n                  <video class=\"mx-auto md:ml-0 w-20\" autoplay muted playsinline loop>\n                    <source src=\"https:\/\/www.heycop.com\/wp-content\/uploads\/2023\/09\/Totaalpartner.mp4\" type=\"video\/mp4\" \/>\n                    Your browser does not support the video tag.\n                  <\/video>\n\n                  <h3 class=\"text-black font-bold text-lg mt-2 md:mt-4 lg:text-xl\"> Partner insgesamt <\/h3>\n                  <span class=\"block mt-0.5 w-1\/2 mx-auto md:w-full\">Wir bieten auch Logistik- und <br>Lagerl\u00f6sungen an.  <\/span>\n                <\/div>\n                                    <\/div>\n\n          <div class=\"bg-white py-6 -mx-4 md:bg-transparent md:pb-0\">\n            <div class=\"container px-4\">\n              <h2 class=\"font-bold text-3xl mb-1 lg:text-6xl lg:mb-4\">  <\/h2>\n              <div><p>Das Outsourcing von Montagearbeiten bietet viele Vorteile, darunter Kosteneinsparungen, Flexibilit\u00e4t und Skalierbarkeit. Au\u00dferdem k\u00f6nnen Sie sich ganz auf die Entwicklung Ihrer Produkte und die Verbesserung Ihrer Dienstleistungen konzentrieren. Als f\u00fchrendes Montageunternehmen konzentrieren wir uns darauf, hochwertige, ma\u00dfgeschneiderte Montageservices anzubieten, die den individuellen Bed\u00fcrfnissen unserer Kunden entsprechen. Fragen Sie sich, was wir f\u00fcr Sie tun k\u00f6nnen?     <em>Dann lesen Sie schnell weiter.<\/em><\/p>\n<\/div>\n\n                              <a href=\"https:\/\/www.heycop.com\/contact\/\" class=\"bg-orange text-white py-4 px-8 font-bold hover:bg-orange\/70 inline-block lg:text-2xl block mt-4\"> Kontakt aufnehmen <\/a>\n                          <\/div>\n          <\/div>\n        <\/div>\n      <\/div>\n    <\/div>\n  <\/div>\n\n  <div class=\"slide-into-view relative z-10 w-full pb-8 md:pb-16 lg:pb-24\" data-amount=\"200\">\n    <div class=\"container px-4 clear-both\">\n      <div class=\"flex justify-between md:w-5\/12 lg:mt-12 \">\n        <div class=\"\">\n          <span class=\" block text-4xl font-bold lg:text-7xl\"> 120 <span class=\"text-orange\"> + <\/span> <\/span>\n          <span class=\"text-gray font-bold block -mt-1 lg:text-2xl\"> Kunden <\/span>\n        <\/div>\n\n        <div class=\"\">\n          <span class=\"block text-4xl font-bold lg:text-7xl\"> 2000 <span class=\"text-orange\"> + <\/span> <\/span>\n          <span class=\"text-gray font-bold block -mt-1 lg:text-2xl\"> Produkte <\/span>\n        <\/div>\n      <\/div>\n    <\/div>\n  <\/div>\n<\/section>\n<section class=\"four-blocks py-8 md:py-16 lg:py-24\">\n  <div class=\"container scroll-container px-4\">\n    <div class=\"flex grid-cols-1 mt-8 gap-4 md:gap-8 md:grid-cols-3 md:min-w-fit md:w-fit\">\n      <div class=\"scroll-item\">\n        <h2 class=\"font-bold text-3xl mb-1 lg:text-6xl lg:mb-4\">Kompetenz, Flexibilit\u00e4t und Qualit\u00e4t<\/h2>\n        <p>Wir kombinieren \u00fcber 100 Jahre Handwerkskunst mit ma\u00dfgeschneiderten L\u00f6sungen und strengen Qualit\u00e4tsstandards, um Ihre Produkte perfekt zu montieren.<\/p>\n      <\/div>\n\n                        <div class=\"scroll-item\">\n              <div class=\"bg-gray-600 p-4 md:p-8\">\n                <h3 class=\"font-bold text-lg mt-2 md:mt-4 lg:text-xl\"> Kompetenz und Handwerkskunst <\/h3>\n                <span class=\"block mt-0.5 text-gray-700\">Bei Heycop verf\u00fcgen wir \u00fcber mehr als 100 Jahre Erfahrung und Fachwissen in der Montage und den damit verbundenen Verfahren wie Gie\u00dfen, CNC-Drehen und CNC-Fr\u00e4sen. Von einfach bis komplex, unser Team von Spezialisten ist bereit, jedes Projekt mit Pr\u00e4zision und handwerklichem Geschick auszuf\u00fchren. Mit fortschrittlichen Technologien und einer gr\u00fcndlichen Qualit\u00e4tskontrolle stellen wir sicher, dass jedes Produkt, das unseren Montageprozess verl\u00e4sst, den h\u00f6chsten Standards entspricht.  <\/span>\n              <\/div>\n          <\/div>\n                  <div class=\"scroll-item\">\n              <div class=\"bg-gray-600 p-4 md:p-8\">\n                <h3 class=\"font-bold text-lg mt-2 md:mt-4 lg:text-xl\"> Flexibilit\u00e4t und Anpassung <\/h3>\n                <span class=\"block mt-0.5 text-gray-700\">Was zeichnet uns als Montageunternehmen aus? Unsere Flexibilit\u00e4t und die F\u00e4higkeit, ma\u00dfgeschneiderte L\u00f6sungen anzubieten. Wir wissen, dass kein Projekt dem anderen gleicht. Deshalb arbeiten wir eng mit Ihnen zusammen, um Ihre spezifischen Anforderungen und Ziele zu verstehen. Ob es sich um kleine Prototypen oder Gro\u00dfserien handelt, wir passen unsere Dienstleistungen an, um ma\u00dfgeschneiderte L\u00f6sungen zu liefern.   <\/span>\n              <\/div>\n          <\/div>\n                  <div class=\"scroll-item\">\n              <div class=\"bg-gray-600 p-4 md:p-8\">\n                <h3 class=\"font-bold text-lg mt-2 md:mt-4 lg:text-xl\"> Qualit\u00e4t <\/h3>\n                <span class=\"block mt-0.5 text-gray-700\">Unser Engagement f\u00fcr Qualit\u00e4t und Zuverl\u00e4ssigkeit zeigt sich in jedem Aspekt unserer Arbeit, vom ersten Kontakt bis zur endg\u00fcltigen Lieferung. Wir halten strenge Qualit\u00e4tsstandards und Verfahren ein, um sicherzustellen, dass jedes von uns montierte Produkt den h\u00f6chsten Industriestandards entspricht und Ihre Erwartungen \u00fcbertrifft. Durch die Verwendung digitaler Montageanleitungen gem\u00e4\u00df den ISO 9001-Normen erf\u00fcllen alle Produkte die gew\u00fcnschten Anforderungen.  <\/span>\n              <\/div>\n          <\/div>\n                  <\/div>\n\n  <\/div>\n<\/section>\n<section class=\"slider relative z-20 bg-white\">\n  <div class=\"container px-4\">\n    <div class=\"relative\">\n      <div class=\"simple-slider\" data-slider-options='{\"gutter\": 32}'>\n\n                              <img loading=\"lazy\" decoding=\"async\" width=\"591\" height=\"379\" src=\"https:\/\/www.heycop.com\/wp-content\/uploads\/2023\/08\/Heycop-Assemblage-slider-5.webp\" class=\"w-full\" alt=\"\" srcset=\"https:\/\/www.heycop.com\/wp-content\/uploads\/2023\/08\/Heycop-Assemblage-slider-5.webp 591w, https:\/\/www.heycop.com\/wp-content\/uploads\/2023\/08\/Heycop-Assemblage-slider-5-300x192.webp 300w\" sizes=\"auto, (max-width: 591px) 100vw, 591px\" \/>                      <img loading=\"lazy\" decoding=\"async\" width=\"591\" height=\"379\" src=\"https:\/\/www.heycop.com\/wp-content\/uploads\/2023\/08\/Heycop-Assemblage-slider-4.webp\" class=\"w-full\" alt=\"\" srcset=\"https:\/\/www.heycop.com\/wp-content\/uploads\/2023\/08\/Heycop-Assemblage-slider-4.webp 591w, https:\/\/www.heycop.com\/wp-content\/uploads\/2023\/08\/Heycop-Assemblage-slider-4-300x192.webp 300w\" sizes=\"auto, (max-width: 591px) 100vw, 591px\" \/>                      <img loading=\"lazy\" decoding=\"async\" width=\"591\" height=\"379\" src=\"https:\/\/www.heycop.com\/wp-content\/uploads\/2023\/08\/Heycop-Assemblage-slider-6.webp\" class=\"w-full\" alt=\"\" srcset=\"https:\/\/www.heycop.com\/wp-content\/uploads\/2023\/08\/Heycop-Assemblage-slider-6.webp 591w, https:\/\/www.heycop.com\/wp-content\/uploads\/2023\/08\/Heycop-Assemblage-slider-6-300x192.webp 300w\" sizes=\"auto, (max-width: 591px) 100vw, 591px\" \/>                      <img loading=\"lazy\" decoding=\"async\" width=\"591\" height=\"379\" src=\"https:\/\/www.heycop.com\/wp-content\/uploads\/2023\/08\/Heycop-Assemblage-slider-3.webp\" class=\"w-full\" alt=\"\" srcset=\"https:\/\/www.heycop.com\/wp-content\/uploads\/2023\/08\/Heycop-Assemblage-slider-3.webp 591w, https:\/\/www.heycop.com\/wp-content\/uploads\/2023\/08\/Heycop-Assemblage-slider-3-300x192.webp 300w\" sizes=\"auto, (max-width: 591px) 100vw, 591px\" \/>                      <img loading=\"lazy\" decoding=\"async\" width=\"591\" height=\"379\" src=\"https:\/\/www.heycop.com\/wp-content\/uploads\/2023\/08\/Heycop-Assemblage-slider-2.webp\" class=\"w-full\" alt=\"\" srcset=\"https:\/\/www.heycop.com\/wp-content\/uploads\/2023\/08\/Heycop-Assemblage-slider-2.webp 591w, https:\/\/www.heycop.com\/wp-content\/uploads\/2023\/08\/Heycop-Assemblage-slider-2-300x192.webp 300w\" sizes=\"auto, (max-width: 591px) 100vw, 591px\" \/>                      <img loading=\"lazy\" decoding=\"async\" width=\"591\" height=\"379\" src=\"https:\/\/www.heycop.com\/wp-content\/uploads\/2023\/08\/Heycop-Assemblage-slider-1.webp\" class=\"w-full\" alt=\"\" srcset=\"https:\/\/www.heycop.com\/wp-content\/uploads\/2023\/08\/Heycop-Assemblage-slider-1.webp 591w, https:\/\/www.heycop.com\/wp-content\/uploads\/2023\/08\/Heycop-Assemblage-slider-1-300x192.webp 300w\" sizes=\"auto, (max-width: 591px) 100vw, 591px\" \/>                        <\/div>\n      <div class=\"controlsContainer\">\n        <img decoding=\"async\" src=\"https:\/\/www.heycop.com\/wp-content\/themes\/heycop\/dist\/img\/chevron.svg\" class=\"prev-button -scale-x-100 absolute top-1\/2  transform -translate-y-1\/2 left-2 md:w-4 hover:cursor-pointer\">\n        <img decoding=\"async\" src=\"https:\/\/www.heycop.com\/wp-content\/themes\/heycop\/dist\/img\/chevron.svg\" class=\"next-button absolute top-1\/2  transform -translate-y-1\/2 right-2 md:w-4 hover:cursor-pointer\">\n      <\/div>\n    <\/div>\n\n    <div class=\"clear-both\">\n      <img decoding=\"async\" src=\"https:\/\/www.heycop.com\/wp-content\/themes\/heycop\/dist\/img\/swipe.svg\" class=\" float-right md:w-8\">\n    <\/div>\n  <\/div>\n<\/section>\n\n  <section class=\"content slide-into-view py-8 md:py-16 lg:py-24\" data-amount=\"slider\">\n    <div class=\"container px-4\">\n      <div class=\"lg:w-3\/4\">\n        <h2>Das Montageunternehmen f\u00fcr alle Ihre Projekte<\/h2>\n<p>Wir glauben an den Aufbau langfristiger Beziehungen, die auf gegenseitigem Vertrauen und Respekt basieren. Als Montageunternehmen ist es unser Ziel, nicht nur Projekte abzuschlie\u00dfen, sondern einen echten Mehrwert f\u00fcr das Gesch\u00e4ft unserer Kunden zu schaffen. <\/p>\n<h3>Rufen Sie Heycop an und lassen Sie sich beraten<\/h3>\n<p>Suchen Sie eine umfassendere Beratung zu Ihrem Montageproblem? Dann kontaktieren Sie Heycop unter <a href=\"tel:+31306353565\">+31 (0)30 6353565<\/a> oder <a href=\"mailto:info@heycop.com\">info@heycop.com.<\/a> Bei uns sind Sie an der richtigen Adresse f\u00fcr den kompletten Montageprozess.<\/p>\n\n                  <a href=\"https:\/\/www.heycop.com\/contact\/\" class=\"bg-orange py-4 px-8 font-bold hover:bg-orange\/70 inline-block lg:text-2xl text-white\"> Kontakt aufnehmen<\/a>\n              <\/div>\n    <\/div>\n  <\/section>\n<section class=\"logos py-8 md:py-16 lg:py-24 bg-gray-600\">\n  <div class=\"container px-4\">\n    <div class=\"grid gap-12 grid-cols-3 \">\n                        <div class=\"flex justify-center items-center\">\n            <img loading=\"lazy\" decoding=\"async\" width=\"125\" height=\"239\" src=\"https:\/\/www.heycop.com\/wp-content\/uploads\/2023\/08\/KIWA-ISO-9001-e1693231141576.jpg\" class=\"\" alt=\"\" \/>          <\/div>\n                  <div class=\"flex justify-center items-center\">\n            <img decoding=\"async\" src=\"https:\/\/www.heycop.com\/wp-content\/uploads\/2023\/07\/Erkend-leerbedrijf.svg\" class=\"\" alt=\"\" \/>          <\/div>\n                  <div class=\"flex justify-center items-center\">\n            <img decoding=\"async\" src=\"https:\/\/www.heycop.com\/wp-content\/uploads\/2023\/07\/Logo-FME.svg\" class=\"\" alt=\"\" \/>          <\/div>\n                  <\/div>\n  <\/div>\n<\/section>\n\n<section class=\"review my-8 md:my-16 lg:my-24\">\n  <div class=\"container px-4\">\n    <div class=\"relative\">\n      <div class=\"keep-in-view bg-black p-6 text-white md:absolute md:left-12 md:top-12 md:w-1\/3 md:z-30\" data-top=\"40%\">\n        <div class=\"md:text-xl\">\u201cHeycop is een ware meester in de maakindustrie, waar vakmanschap en kwaliteit samenkomen om grenzen te verleggen.\u201d<\/div>\n\n        <div class=\"mt-6 flex flex-wrap items-center\">\n          <div class=\"w-1\/5\">\n                      <\/div>\n\n          <div class=\"w-4\/5 pl-4\">\n            <span class=\"block text-white text-lg font-bold\"> John Stone <\/span>\n            <span class=\"block text-orange md:text-lg\">  <\/span>\n          <\/div>\n        <\/div>\n      <\/div>\n\n      <img loading=\"lazy\" decoding=\"async\" width=\"1500\" height=\"1000\" src=\"https:\/\/www.heycop.com\/wp-content\/uploads\/2023\/07\/bg.jpg\" class=\"clip-path-bottom w-full\" alt=\"\" srcset=\"https:\/\/www.heycop.com\/wp-content\/uploads\/2023\/07\/bg.jpg 1500w, https:\/\/www.heycop.com\/wp-content\/uploads\/2023\/07\/bg-300x200.jpg 300w, https:\/\/www.heycop.com\/wp-content\/uploads\/2023\/07\/bg-1024x683.jpg 1024w, https:\/\/www.heycop.com\/wp-content\/uploads\/2023\/07\/bg-768x512.jpg 768w\" sizes=\"auto, (max-width: 1500px) 100vw, 1500px\" \/>    <\/div>\n  <\/div>\n<\/section>\n<section class=\"contact my-8 md:my-16 lg:my-24\">\n  <div class=\"container px-4\">\n    <div class=\"flex flex-wrap\">\n      <div class=\"w-full bg-gray-700 p-6 text-white md:w-2\/3\">\n        <span class=\"text-orange text-lg font-bold mb-4 block md:text-3xl\"> Fragen? <\/span>\n        <p>Unsere Experten denken gerne mit Ihnen mit, um eine Komplettl\u00f6sung anzubieten <\/p>\n\n        <div class=\"space-y-2 my-4\">\n          <div class=\"flex flex-wrap items-center font-bold \">\n            <div class=\"w-[22px]\"> <img decoding=\"async\" src=\"https:\/\/www.heycop.com\/wp-content\/themes\/heycop\/dist\/img\/phone.svg\" class=\"mr-2\"><\/div> <a href=\"tel:+31 30 6353565\" class=\"hover:underline\" target=\"_blank\">+31 30 6353565<\/a>\n          <\/div>\n          <div class=\"flex flex-wrap items-center font-bold \">\n            <div class=\"w-[22px]\"> <img decoding=\"async\" src=\"https:\/\/www.heycop.com\/wp-content\/themes\/heycop\/dist\/img\/mail.svg\" class=\"mr-2\"><\/div> <a href=\"mailto:info@heycop.com\" class=\"hover:underline\" target=\"_blank\">info@heycop.com<\/a>\n          <\/div>\n        <\/div>\n\n        <a href=\"https:\/\/www.heycop.com\/de\/kontakt\/\" class=\"bg-orange py-4 px-8 font-bold hover:bg-orange\/70 inline-block lg:text-2xl md:mt-6\"> Kontakt aufnehmen  <\/a>\n      <\/div>\n\n      <div class=\"w-full md:w-1\/3 overflow-hidden\">\n        <img loading=\"lazy\" decoding=\"async\" width=\"500\" height=\"322\" src=\"https:\/\/www.heycop.com\/wp-content\/uploads\/2023\/10\/Contact-Heycop.webp\" class=\"max-w-[100vw] max-h-[100vh]\" alt=\"\" srcset=\"https:\/\/www.heycop.com\/wp-content\/uploads\/2023\/10\/Contact-Heycop.webp 500w, https:\/\/www.heycop.com\/wp-content\/uploads\/2023\/10\/Contact-Heycop-300x193.webp 300w\" sizes=\"auto, (max-width: 500px) 100vw, 500px\" \/>      <\/div>\n    <\/div>\n  <\/div>\n<\/section>\n","protected":false},"excerpt":{"rendered":"","protected":false},"author":2,"featured_media":1673,"parent":0,"menu_order":0,"comment_status":"closed","ping_status":"closed","template":"","meta":{"_acf_changed":false,"content-type":"","footnotes":""},"class_list":["post-2450","page","type-page","status-publish","has-post-thumbnail","hentry"],"acf":[],"_links":{"self":[{"href":"https:\/\/www.heycop.com\/de\/wp-json\/wp\/v2\/pages\/2450","targetHints":{"allow":["GET"]}}],"collection":[{"href":"https:\/\/www.heycop.com\/de\/wp-json\/wp\/v2\/pages"}],"about":[{"href":"https:\/\/www.heycop.com\/de\/wp-json\/wp\/v2\/types\/page"}],"author":[{"embeddable":true,"href":"https:\/\/www.heycop.com\/de\/wp-json\/wp\/v2\/users\/2"}],"replies":[{"embeddable":true,"href":"https:\/\/www.heycop.com\/de\/wp-json\/wp\/v2\/comments?post=2450"}],"version-history":[{"count":1,"href":"https:\/\/www.heycop.com\/de\/wp-json\/wp\/v2\/pages\/2450\/revisions"}],"predecessor-version":[{"id":2451,"href":"https:\/\/www.heycop.com\/de\/wp-json\/wp\/v2\/pages\/2450\/revisions\/2451"}],"wp:featuredmedia":[{"embeddable":true,"href":"https:\/\/www.heycop.com\/de\/wp-json\/wp\/v2\/media\/1673"}],"wp:attachment":[{"href":"https:\/\/www.heycop.com\/de\/wp-json\/wp\/v2\/media?parent=2450"}],"curies":[{"name":"wp","href":"https:\/\/api.w.org\/{rel}","templated":true}]}}